{"id":163,"date":"2025-03-18T17:05:03","date_gmt":"2025-03-18T17:05:03","guid":{"rendered":"https:\/\/www.faopack.com\/?page_id=163"},"modified":"2025-11-21T01:08:48","modified_gmt":"2025-11-21T01:08:48","slug":"uber-uns","status":"publish","type":"page","link":"https:\/\/www.faopack.com\/de\/uber-uns\/","title":{"rendered":"\u00dcber uns"},"content":{"rendered":"<div data-elementor-type=\"wp-page\" data-elementor-id=\"163\" class=\"elementor elementor-163\" data-elementor-post-type=\"page\">\n\t\t\t\t<div class=\"elementor-element elementor-element-2df919b e-flex e-con-boxed e-con e-parent\" data-id=\"2df919b\" data-element_type=\"container\" data-settings=\"{&quot;background_background&quot;:&quot;classic&quot;,&quot;background_motion_fx_motion_fx_scrolling&quot;:&quot;yes&quot;,&quot;background_motion_fx_translateY_effect&quot;:&quot;yes&quot;,&quot;background_motion_fx_translateY_speed&quot;:{&quot;unit&quot;:&quot;px&quot;,&quot;size&quot;:6,&quot;sizes&quot;:[]},&quot;background_motion_fx_blur_effect&quot;:&quot;yes&quot;,&quot;background_motion_fx_blur_direction&quot;:&quot;in-out&quot;,&quot;background_motion_fx_blur_level&quot;:{&quot;unit&quot;:&quot;px&quot;,&quot;size&quot;:4,&quot;sizes&quot;:[]},&quot;background_motion_fx_blur_range&quot;:{&quot;unit&quot;:&quot;%&quot;,&quot;size&quot;:&quot;&quot;,&quot;sizes&quot;:{&quot;start&quot;:25,&quot;end&quot;:100}},&quot;background_motion_fx_range&quot;:&quot;viewport&quot;,&quot;shape_divider_bottom&quot;:&quot;opacity-tilt&quot;,&quot;background_motion_fx_translateY_affectedRange&quot;:{&quot;unit&quot;:&quot;%&quot;,&quot;size&quot;:&quot;&quot;,&quot;sizes&quot;:{&quot;start&quot;:0,&quot;end&quot;:100}},&quot;background_motion_fx_devices&quot;:[&quot;desktop&quot;,&quot;tablet&quot;,&quot;mobile&quot;]}\">\n\t\t\t\t\t<div class=\"e-con-inner\">\n\t\t\t\t<div class=\"elementor-shape elementor-shape-bottom\" aria-hidden=\"true\" data-negative=\"false\">\n\t\t\t<svg xmlns=\"http:\/\/www.w3.org\/2000\/svg\" viewbox=\"0 0 2600 131.1\" preserveaspectratio=\"none\">\n\t<path class=\"elementor-shape-fill\" d=\"M0 0L2600 0 2600 69.1 0 0z\"\/>\n\t<path class=\"elementor-shape-fill\" style=\"opacity:0.5\" d=\"M0 0L2600 0 2600 69.1 0 69.1z\"\/>\n\t<path class=\"elementor-shape-fill\" style=\"opacity:0.25\" d=\"M2600 0L0 0 0 130.1 2600 69.1z\"\/>\n<\/svg>\t\t<\/div>\n\t\t\t\t<div class=\"elementor-element elementor-element-1679bbd elementor-widget__width-auto elementor-widget elementor-widget-woocommerce-breadcrumb\" data-id=\"1679bbd\" data-element_type=\"widget\" data-widget_type=\"woocommerce-breadcrumb.default\">\n\t\t\t\t<div class=\"elementor-widget-container\">\n\t\t\t\t\t<nav class=\"woocommerce-breadcrumb\" aria-label=\"Breadcrumb\" data-no-translation=\"\" data-trp-gettext=\"\">Startseite<\/nav>\t\t\t\t<\/div>\n\t\t\t\t<\/div>\n\t\t\t\t<div class=\"elementor-element elementor-element-14ef58b elementor-widget elementor-widget-heading\" data-id=\"14ef58b\" data-element_type=\"widget\" data-widget_type=\"heading.default\">\n\t\t\t\t<div class=\"elementor-widget-container\">\n\t\t\t\t\t<h1 class=\"elementor-heading-title elementor-size-default\">\u00dcber uns<\/h1>\t\t\t\t<\/div>\n\t\t\t\t<\/div>\n\t\t\t\t\t<\/div>\n\t\t\t\t<\/div>\n\t\t<div class=\"elementor-element elementor-element-beff0d9 e-flex e-con-boxed e-con e-parent\" data-id=\"beff0d9\" data-element_type=\"container\" id=\"comp-profile\">\n\t\t\t\t\t<div class=\"e-con-inner\">\n\t\t<div class=\"elementor-element elementor-element-7430a70 e-con-full e-flex e-con e-child\" data-id=\"7430a70\" data-element_type=\"container\">\n\t\t<div class=\"elementor-element elementor-element-365577b e-con-full e-flex e-con e-child\" data-id=\"365577b\" data-element_type=\"container\" data-settings=\"{&quot;sticky&quot;:&quot;top&quot;,&quot;sticky_offset&quot;:100,&quot;sticky_parent&quot;:&quot;yes&quot;,&quot;sticky_on&quot;:[&quot;desktop&quot;,&quot;tablet&quot;,&quot;mobile&quot;],&quot;sticky_effects_offset&quot;:0,&quot;sticky_anchor_link_offset&quot;:0}\">\n\t\t<div class=\"elementor-element elementor-element-749b0ed e-con-full e-flex e-con e-child\" data-id=\"749b0ed\" data-element_type=\"container\" data-settings=\"{&quot;background_background&quot;:&quot;classic&quot;}\">\n\t\t\t\t<div class=\"elementor-element elementor-element-bc4302c elementor-widget elementor-widget-heading\" data-id=\"bc4302c\" data-element_type=\"widget\" data-widget_type=\"heading.default\">\n\t\t\t\t<div class=\"elementor-widget-container\">\n\t\t\t\t\t<h4 class=\"elementor-heading-title elementor-size-default\">In-Page-Navigation<\/h4>\t\t\t\t<\/div>\n\t\t\t\t<\/div>\n\t\t\t\t<div class=\"elementor-element elementor-element-cbfae79 elementor-icon-list--layout-traditional elementor-list-item-link-full_width elementor-widget elementor-widget-icon-list\" data-id=\"cbfae79\" data-element_type=\"widget\" data-widget_type=\"icon-list.default\">\n\t\t\t\t<div class=\"elementor-widget-container\">\n\t\t\t\t\t\t\t<ul class=\"elementor-icon-list-items\">\n\t\t\t\t\t\t\t<li class=\"elementor-icon-list-item\">\n\t\t\t\t\t\t\t\t\t\t\t<a href=\"#comp-profile\">\n\n\t\t\t\t\t\t\t\t\t\t\t\t<span class=\"elementor-icon-list-icon\">\n\t\t\t\t\t\t\t<i aria-hidden=\"true\" class=\"uiconrr uiconrr-fi-rr-scale-comparison\"><\/i>\t\t\t\t\t\t<\/span>\n\t\t\t\t\t\t\t\t\t\t<span class=\"elementor-icon-list-text\">Firmenprofil<\/span>\n\t\t\t\t\t\t\t\t\t\t\t<\/a>\n\t\t\t\t\t\t\t\t\t<\/li>\n\t\t\t\t\t\t\t\t<li class=\"elementor-icon-list-item\">\n\t\t\t\t\t\t\t\t\t\t\t<a href=\"#mission\">\n\n\t\t\t\t\t\t\t\t\t\t\t\t<span class=\"elementor-icon-list-icon\">\n\t\t\t\t\t\t\t<i aria-hidden=\"true\" class=\"uiconrr uiconrr-fi-rr-story-fantasy\"><\/i>\t\t\t\t\t\t<\/span>\n\t\t\t\t\t\t\t\t\t\t<span class=\"elementor-icon-list-text\">Mission<\/span>\n\t\t\t\t\t\t\t\t\t\t\t<\/a>\n\t\t\t\t\t\t\t\t\t<\/li>\n\t\t\t\t\t\t\t\t<li class=\"elementor-icon-list-item\">\n\t\t\t\t\t\t\t\t\t\t\t<a href=\"#vision\">\n\n\t\t\t\t\t\t\t\t\t\t\t\t<span class=\"elementor-icon-list-icon\">\n\t\t\t\t\t\t\t<i aria-hidden=\"true\" class=\"uiconrr uiconrr-fi-rr-eye-arrow-progress\"><\/i>\t\t\t\t\t\t<\/span>\n\t\t\t\t\t\t\t\t\t\t<span class=\"elementor-icon-list-text\">Vision<\/span>\n\t\t\t\t\t\t\t\t\t\t\t<\/a>\n\t\t\t\t\t\t\t\t\t<\/li>\n\t\t\t\t\t\t<\/ul>\n\t\t\t\t\t\t<\/div>\n\t\t\t\t<\/div>\n\t\t\t\t<\/div>\n\t\t<div class=\"elementor-element elementor-element-0267232 e-con-full e-flex e-con e-child\" data-id=\"0267232\" data-element_type=\"container\" data-settings=\"{&quot;background_background&quot;:&quot;classic&quot;}\">\n\t\t\t\t<div class=\"elementor-element elementor-element-a87f429 elementor-widget elementor-widget-heading\" data-id=\"a87f429\" data-element_type=\"widget\" data-widget_type=\"heading.default\">\n\t\t\t\t<div class=\"elementor-widget-container\">\n\t\t\t\t\t<h4 class=\"elementor-heading-title elementor-size-default\">Nachhaltigkeit<\/h4>\t\t\t\t<\/div>\n\t\t\t\t<\/div>\n\t\t\t\t<div class=\"elementor-element elementor-element-f86cb3d elementor-icon-list--layout-traditional elementor-list-item-link-full_width elementor-widget elementor-widget-icon-list\" data-id=\"f86cb3d\" data-element_type=\"widget\" data-widget_type=\"icon-list.default\">\n\t\t\t\t<div class=\"elementor-widget-container\">\n\t\t\t\t\t\t\t<ul class=\"elementor-icon-list-items\">\n\t\t\t\t\t\t\t<li class=\"elementor-icon-list-item\">\n\t\t\t\t\t\t\t\t\t\t\t<a href=\"\/de\/nachhaltigkeit\/#approach\">\n\n\t\t\t\t\t\t\t\t\t\t\t\t<span class=\"elementor-icon-list-icon\">\n\t\t\t\t\t\t\t<i aria-hidden=\"true\" class=\"uiconrr uiconrr-fi-rr-three-leaf-clover\"><\/i>\t\t\t\t\t\t<\/span>\n\t\t\t\t\t\t\t\t\t\t<span class=\"elementor-icon-list-text\">Unser Ansatz<\/span>\n\t\t\t\t\t\t\t\t\t\t\t<\/a>\n\t\t\t\t\t\t\t\t\t<\/li>\n\t\t\t\t\t\t\t\t<li class=\"elementor-icon-list-item\">\n\t\t\t\t\t\t\t\t\t\t\t<a href=\"\/de\/nachhaltigkeit\/#activities\">\n\n\t\t\t\t\t\t\t\t\t\t\t\t<span class=\"elementor-icon-list-icon\">\n\t\t\t\t\t\t\t<i aria-hidden=\"true\" class=\"uiconrr uiconrr-fi-rr-leaf-heart\"><\/i>\t\t\t\t\t\t<\/span>\n\t\t\t\t\t\t\t\t\t\t<span class=\"elementor-icon-list-text\">Unsere Aktivit\u00e4ten<\/span>\n\t\t\t\t\t\t\t\t\t\t\t<\/a>\n\t\t\t\t\t\t\t\t\t<\/li>\n\t\t\t\t\t\t\t\t<li class=\"elementor-icon-list-item\">\n\t\t\t\t\t\t\t\t\t\t\t<a href=\"\/de\/nachhaltigkeit\/#spackaging\">\n\n\t\t\t\t\t\t\t\t\t\t\t\t<span class=\"elementor-icon-list-icon\">\n\t\t\t\t\t\t\t<i aria-hidden=\"true\" class=\"uiconrr uiconrr-fi-rr-badge-leaf\"><\/i>\t\t\t\t\t\t<\/span>\n\t\t\t\t\t\t\t\t\t\t<span class=\"elementor-icon-list-text\">Nachhaltige Verpackungen<\/span>\n\t\t\t\t\t\t\t\t\t\t\t<\/a>\n\t\t\t\t\t\t\t\t\t<\/li>\n\t\t\t\t\t\t<\/ul>\n\t\t\t\t\t\t<\/div>\n\t\t\t\t<\/div>\n\t\t\t\t<\/div>\n\t\t\t\t<div class=\"elementor-element elementor-element-a95330b elementor-widget elementor-widget-button\" data-id=\"a95330b\" data-element_type=\"widget\" data-widget_type=\"button.default\">\n\t\t\t\t<div class=\"elementor-widget-container\">\n\t\t\t\t\t\t\t\t\t<div class=\"elementor-button-wrapper\">\n\t\t\t\t\t<a class=\"elementor-button elementor-button-link elementor-size-sm\" href=\"\/de\/kontakt\/\">\n\t\t\t\t\t\t<span class=\"elementor-button-content-wrapper\">\n\t\t\t\t\t\t<span class=\"elementor-button-icon\">\n\t\t\t\t<i aria-hidden=\"true\" class=\"uiconrr uiconrr-fi-rr-phone-call\"><\/i>\t\t\t<\/span>\n\t\t\t\t\t\t\t\t\t<span class=\"elementor-button-text\">Erreichen Sie uns<\/span>\n\t\t\t\t\t<\/span>\n\t\t\t\t\t<\/a>\n\t\t\t\t<\/div>\n\t\t\t\t\t\t\t\t<\/div>\n\t\t\t\t<\/div>\n\t\t\t\t<\/div>\n\t\t\t\t<\/div>\n\t\t<div class=\"elementor-element elementor-element-56defea e-con-full e-flex e-con e-child\" data-id=\"56defea\" data-element_type=\"container\">\n\t\t\t\t<div class=\"elementor-element elementor-element-b6f6d6e elementor-widget elementor-widget-heading\" data-id=\"b6f6d6e\" data-element_type=\"widget\" data-widget_type=\"heading.default\">\n\t\t\t\t<div class=\"elementor-widget-container\">\n\t\t\t\t\t<h2 class=\"elementor-heading-title elementor-size-default\">Firmenprofil<\/h2>\t\t\t\t<\/div>\n\t\t\t\t<\/div>\n\t\t\t\t<div class=\"elementor-element elementor-element-71d97d0 elementor-widget elementor-widget-video\" data-id=\"71d97d0\" data-element_type=\"widget\" data-settings=\"{&quot;video_type&quot;:&quot;hosted&quot;,&quot;autoplay&quot;:&quot;yes&quot;,&quot;play_on_mobile&quot;:&quot;yes&quot;,&quot;mute&quot;:&quot;yes&quot;,&quot;loop&quot;:&quot;yes&quot;}\" data-widget_type=\"video.default\">\n\t\t\t\t<div class=\"elementor-widget-container\">\n\t\t\t\t\t\t\t<div class=\"e-hosted-video elementor-wrapper elementor-open-inline\">\n\t\t\t\t\t<video class=\"elementor-video\" src=\"https:\/\/www.faopack.com\/wp-content\/uploads\/2025\/06\/Sequence-01.mp4\" autoplay=\"\" loop=\"\" muted=\"muted\" playsinline=\"\" controlslist=\"nodownload\"><\/video>\n\t\t\t\t<\/div>\n\t\t\t\t\t\t<\/div>\n\t\t\t\t<\/div>\n\t\t\t\t<div class=\"elementor-element elementor-element-5d18fe6 elementor-widget elementor-widget-text-editor\" data-id=\"5d18fe6\" data-element_type=\"widget\" data-widget_type=\"text-editor.default\">\n\t\t\t\t<div class=\"elementor-widget-container\">\n\t\t\t\t\t\t\t\t\t<p>Faopack wurde 2023 gegr\u00fcndet, um eine L\u00fccke in der Verpackungsindustrie zu schlie\u00dfen und innovative, umweltfreundliche L\u00f6sungen anzubieten. Unser Unternehmen, das es geschafft hat, in kurzer Zeit zu einer Marke zu werden, die die Branche gepr\u00e4gt hat, setzt mit seinem kundenorientierten Ansatz, seinen hohen Qualit\u00e4tsstandards und seinen Nachhaltigkeitsprinzipien weiterhin Akzente auf dem europ\u00e4ischen Markt.<\/p>\n<p><strong>Produkt- und Dienstleistungsportfolio:<\/strong><\/p>\n<p>Faopack bietet eine breite Palette von Produkten und Dienstleistungen f\u00fcr den Verpackungsbedarf an. Indem wir die spezifischen Anforderungen unserer Kunden aus verschiedenen Branchen verstehen, schaffen wir ma\u00dfgeschneiderte Verpackungsl\u00f6sungen. Dank unseres kreativen Designteams und unserer modernen Produktionsanlagen bieten wir unseren Kunden L\u00f6sungen, die \u00c4sthetik und Funktionalit\u00e4t vereinen<strong>.<\/strong> Neben der Verpackungsproduktion decken wir mit unserem umfangreichen Lagernetz auch den Bedarf unserer Kunden an Lebensmitteln, Reinigungs- und Hygienematerialien.<\/p>\n<p><strong>Technologie und Innovation:<\/strong><\/p>\n<p>Faopack verbessert seine Produktionsprozesse kontinuierlich, indem es die neuesten Technologien und Innovationen in der Branche genau verfolgt. Mit unseren technologischen L\u00f6sungen, kombiniert mit innovativen Verpackungsdesigns und umweltfreundlichen Materialien, verschaffen wir unseren Kunden einen Wettbewerbsvorteil und tragen zu einer nachhaltigen Zukunft bei.<\/p>\n<p><strong>Verpflichtung zur Nachhaltigkeit:<\/strong><\/p>\n<p>Faopack hat die Grunds\u00e4tze der Nachhaltigkeit in seine Gesch\u00e4ftsabl\u00e4ufe integriert, indem es umweltbewusst handelt. Durch unsere kontinuierlichen Verbesserungsbem\u00fchungen bei der Verwendung von wiederverwertbaren Materialien, der Energieeffizienz und der Abfallwirtschaft erf\u00fcllen wir nicht nur die Erwartungen unserer Kunden, sondern sch\u00fctzen auch unsere Umwelt.<\/p>\n<p><strong>Starke Pr\u00e4senz auf dem europ\u00e4ischen Markt:<\/strong><\/p>\n<p>Faopack hat seit seiner Gr\u00fcndung durch seine starke Pr\u00e4senz auf dem europ\u00e4ischen Markt auf sich aufmerksam gemacht. Dank der Bedeutung, die wir der Kundenzufriedenheit, unseren schnellen Lieferprozessen und Qualit\u00e4tsprodukten beimessen, haben wir uns in kurzer Zeit in der Branche etabliert. Mit einem breiten Kundenportfolio in ganz Europa sind wir in der Lage, regionale L\u00f6sungen anzubieten und uns auf dem globalen Markt zu behaupten.<\/p>\n<p><strong>Vision f\u00fcr die Zukunft:<\/strong><\/p>\n<p>Faopack hat die Vision, eine f\u00fchrende Marke in der Verpackungsindustrie zu werden. In Zukunft wollen wir eine globale Marke mit nachhaltigen L\u00f6sungen werden, indem wir uns auf die Kundenzufriedenheit konzentrieren. Indem wir die technologischen Entwicklungen genau verfolgen, werden wir unseren Kunden weiterhin die neuesten Trends in der Branche anbieten.<\/p>\n<p>Als Faopack gestalten wir weiterhin die Zukunft der Verpackung mit unseren Qualit\u00e4tsprodukten, den Prinzipien der Nachhaltigkeit und der Bedeutung, die wir der Kundenzufriedenheit beimessen.<\/p>\t\t\t\t\t\t\t\t<\/div>\n\t\t\t\t<\/div>\n\t\t\t\t<div class=\"elementor-element elementor-element-2b62099 elementor-widget elementor-widget-heading\" data-id=\"2b62099\" data-element_type=\"widget\" id=\"mission\" data-widget_type=\"heading.default\">\n\t\t\t\t<div class=\"elementor-widget-container\">\n\t\t\t\t\t<h2 class=\"elementor-heading-title elementor-size-default\">Unser Auftrag<\/h2>\t\t\t\t<\/div>\n\t\t\t\t<\/div>\n\t\t\t\t<div class=\"elementor-element elementor-element-aab523f elementor-widget elementor-widget-text-editor\" data-id=\"aab523f\" data-element_type=\"widget\" data-widget_type=\"text-editor.default\">\n\t\t\t\t<div class=\"elementor-widget-container\">\n\t\t\t\t\t\t\t\t\t<p>Unser Unternehmen hat sich zum Ziel gesetzt, unseren Kunden in der Verpackungsindustrie einzigartige und ma\u00dfgeschneiderte L\u00f6sungen anzubieten, die ihnen helfen, ihre Produkte sicher und effektiv zu verpacken. Indem wir die Kundenzufriedenheit auf h\u00f6chstem Niveau halten, wollen wir sowohl in unserer Lieferkette als auch auf dem europ\u00e4ischen Markt mit unseren Qualit\u00e4tsprodukten eine zuverl\u00e4ssige Wahl sein. Durch den Einsatz nachhaltiger Produktion und umweltfreundlicher Materialien setzen wir uns weiterhin daf\u00fcr ein, unsere Umweltauswirkungen weltweit zu minimieren.<\/p>\t\t\t\t\t\t\t\t<\/div>\n\t\t\t\t<\/div>\n\t\t\t\t<div class=\"elementor-element elementor-element-7f583a1 elementor-widget elementor-widget-heading\" data-id=\"7f583a1\" data-element_type=\"widget\" id=\"vision\" data-widget_type=\"heading.default\">\n\t\t\t\t<div class=\"elementor-widget-container\">\n\t\t\t\t\t<h2 class=\"elementor-heading-title elementor-size-default\">Unsere Vision<\/h2>\t\t\t\t<\/div>\n\t\t\t\t<\/div>\n\t\t\t\t<div class=\"elementor-element elementor-element-fcd802b elementor-widget elementor-widget-text-editor\" data-id=\"fcd802b\" data-element_type=\"widget\" data-widget_type=\"text-editor.default\">\n\t\t\t\t<div class=\"elementor-widget-container\">\n\t\t\t\t\t\t\t\t\t<p>Unser Unternehmen hat sich zum Ziel gesetzt, auf dem europ\u00e4ischen Markt f\u00fchrend zu sein und Standards in der Verpackungsindustrie zu setzen. Wir haben die Vision, eine f\u00fchrende Marke in der Branche zu werden, indem wir innovative und nachhaltige Verpackungsl\u00f6sungen anbieten, die einen Mehrwert f\u00fcr unsere Kunden darstellen. Wir verbessern kontinuierlich unsere Produktionsprozesse durch Investitionen in Hochtechnologie und st\u00e4rken unsere Zusammenarbeit, indem wir schnell und flexibel auf Kundenw\u00fcnsche reagieren. Indem wir uns auf die Entwicklung der Talente unserer Mitarbeiter konzentrieren und den Teamgeist f\u00f6rdern, wollen wir nicht nur zum Erfolg unserer Kunden, sondern auch zum Erfolg unserer Mitarbeiter beitragen. Wir spielen eine f\u00fchrende Rolle in der Verpackungsindustrie und tragen zu einer nachhaltigen Zukunft in Europa und der ganzen Welt bei.<\/p>\t\t\t\t\t\t\t\t<\/div>\n\t\t\t\t<\/div>\n\t\t\t\t<\/div>\n\t\t\t\t\t<\/div>\n\t\t\t\t<\/div>\n\t\t\t\t<\/div>","protected":false},"excerpt":{"rendered":"<p>Faopack wurde im Jahr 2020 gegr\u00fcndet, um die L\u00fccke in der Verpackungsindustrie zu schlie\u00dfen und innovative, umweltfreundliche L\u00f6sungen anzubieten.<\/p>","protected":false},"author":1,"featured_media":205,"parent":0,"menu_order":0,"comment_status":"closed","ping_status":"closed","template":"elementor_header_footer","meta":{"footnotes":""},"class_list":["post-163","page","type-page","status-publish","has-post-thumbnail","hentry"],"_links":{"self":[{"href":"https:\/\/www.faopack.com\/de\/wp-json\/wp\/v2\/pages\/163","targetHints":{"allow":["GET"]}}],"collection":[{"href":"https:\/\/www.faopack.com\/de\/wp-json\/wp\/v2\/pages"}],"about":[{"href":"https:\/\/www.faopack.com\/de\/wp-json\/wp\/v2\/types\/page"}],"author":[{"embeddable":true,"href":"https:\/\/www.faopack.com\/de\/wp-json\/wp\/v2\/users\/1"}],"replies":[{"embeddable":true,"href":"https:\/\/www.faopack.com\/de\/wp-json\/wp\/v2\/comments?post=163"}],"version-history":[{"count":5,"href":"https:\/\/www.faopack.com\/de\/wp-json\/wp\/v2\/pages\/163\/revisions"}],"predecessor-version":[{"id":1077,"href":"https:\/\/www.faopack.com\/de\/wp-json\/wp\/v2\/pages\/163\/revisions\/1077"}],"wp:featuredmedia":[{"embeddable":true,"href":"https:\/\/www.faopack.com\/de\/wp-json\/wp\/v2\/media\/205"}],"wp:attachment":[{"href":"https:\/\/www.faopack.com\/de\/wp-json\/wp\/v2\/media?parent=163"}],"curies":[{"name":"wp","href":"https:\/\/api.w.org\/{rel}","templated":true}]}}