{"id":605,"date":"2025-05-12T23:59:10","date_gmt":"2025-05-12T23:59:10","guid":{"rendered":"https:\/\/www.faopack.com\/product\/bingo-easy-clean-surface-cleaning-cloth-96x12-white-soap\/"},"modified":"2025-11-20T21:25:28","modified_gmt":"2025-11-20T21:25:28","slug":"bingo-easy-clean-oberflachenreinigungstuch-96x12-weis-seife","status":"publish","type":"product","link":"https:\/\/www.faopack.com\/de\/product\/bingo-easy-clean-oberflachenreinigungstuch-96x12-weis-seife\/","title":{"rendered":"BINGO Easy Clean Oberfl\u00e4chenreinigungstuch 96\u00d712 Wei\u00df Seife"},"content":{"rendered":"<p>Das Bingo-Oberfl\u00e4chenreinigungstuch hilft bei der Reinigung von Glasfl\u00e4chen, Tischen, Waschbecken, Badezimmern und Arbeitsfl\u00e4chen.<\/p>","protected":false},"excerpt":{"rendered":"<p>Oberfl\u00e4chenreinigungstuch<\/p>","protected":false},"featured_media":612,"comment_status":"open","ping_status":"closed","template":"","meta":[],"product_brand":[47],"product_cat":[45,55],"product_tag":[],"class_list":{"0":"post-605","1":"product","2":"type-product","3":"status-publish","4":"has-post-thumbnail","6":"product_brand-bingo","7":"product_cat-hygienic-cleaning","8":"product_cat-surface-cleaning","10":"first","11":"instock","12":"taxable","13":"shipping-taxable","14":"purchasable","15":"product-type-simple"},"_links":{"self":[{"href":"https:\/\/www.faopack.com\/de\/wp-json\/wp\/v2\/product\/605","targetHints":{"allow":["GET"]}}],"collection":[{"href":"https:\/\/www.faopack.com\/de\/wp-json\/wp\/v2\/product"}],"about":[{"href":"https:\/\/www.faopack.com\/de\/wp-json\/wp\/v2\/types\/product"}],"replies":[{"embeddable":true,"href":"https:\/\/www.faopack.com\/de\/wp-json\/wp\/v2\/comments?post=605"}],"wp:featuredmedia":[{"embeddable":true,"href":"https:\/\/www.faopack.com\/de\/wp-json\/wp\/v2\/media\/612"}],"wp:attachment":[{"href":"https:\/\/www.faopack.com\/de\/wp-json\/wp\/v2\/media?parent=605"}],"wp:term":[{"taxonomy":"product_brand","embeddable":true,"href":"https:\/\/www.faopack.com\/de\/wp-json\/wp\/v2\/product_brand?post=605"},{"taxonomy":"product_cat","embeddable":true,"href":"https:\/\/www.faopack.com\/de\/wp-json\/wp\/v2\/product_cat?post=605"},{"taxonomy":"product_tag","embeddable":true,"href":"https:\/\/www.faopack.com\/de\/wp-json\/wp\/v2\/product_tag?post=605"}],"curies":[{"name":"wp","href":"https:\/\/api.w.org\/{rel}","templated":true}]}}