{"id":606,"date":"2025-05-12T23:59:10","date_gmt":"2025-05-12T23:59:10","guid":{"rendered":"https:\/\/www.faopack.com\/product\/bingo-ov-surface-cleaning-powder-500grx10-chlorine-tr\/"},"modified":"2025-11-20T21:25:43","modified_gmt":"2025-11-20T21:25:43","slug":"bingo-ov-oberflachenreinigungspulver-500grx10-chlor-tr","status":"publish","type":"product","link":"https:\/\/www.faopack.com\/de\/product\/bingo-ov-oberflachenreinigungspulver-500grx10-chlor-tr\/","title":{"rendered":"BINGO OV Oberfl\u00e4chenreinigungspulver 500GRX10 CHLORINE TR"},"content":{"rendered":"<p>Das neu entwickelte OV-Hygienepulver sorgt f\u00fcr Sauberkeit in K\u00fcche, Bad und auf allen Oberfl\u00e4chen. Es beseitigt schwer zu entfernenden Schmutz, Flecken und unangenehme Ger\u00fcche.<\/p>","protected":false},"excerpt":{"rendered":"<p>Oberfl\u00e4chenreinigungspulver<\/p>","protected":false},"featured_media":613,"comment_status":"open","ping_status":"closed","template":"","meta":[],"product_brand":[47],"product_cat":[45,55],"product_tag":[],"class_list":{"0":"post-606","1":"product","2":"type-product","3":"status-publish","4":"has-post-thumbnail","6":"product_brand-bingo","7":"product_cat-hygienic-cleaning","8":"product_cat-surface-cleaning","10":"first","11":"instock","12":"taxable","13":"shipping-taxable","14":"purchasable","15":"product-type-simple"},"_links":{"self":[{"href":"https:\/\/www.faopack.com\/de\/wp-json\/wp\/v2\/product\/606","targetHints":{"allow":["GET"]}}],"collection":[{"href":"https:\/\/www.faopack.com\/de\/wp-json\/wp\/v2\/product"}],"about":[{"href":"https:\/\/www.faopack.com\/de\/wp-json\/wp\/v2\/types\/product"}],"replies":[{"embeddable":true,"href":"https:\/\/www.faopack.com\/de\/wp-json\/wp\/v2\/comments?post=606"}],"wp:featuredmedia":[{"embeddable":true,"href":"https:\/\/www.faopack.com\/de\/wp-json\/wp\/v2\/media\/613"}],"wp:attachment":[{"href":"https:\/\/www.faopack.com\/de\/wp-json\/wp\/v2\/media?parent=606"}],"wp:term":[{"taxonomy":"product_brand","embeddable":true,"href":"https:\/\/www.faopack.com\/de\/wp-json\/wp\/v2\/product_brand?post=606"},{"taxonomy":"product_cat","embeddable":true,"href":"https:\/\/www.faopack.com\/de\/wp-json\/wp\/v2\/product_cat?post=606"},{"taxonomy":"product_tag","embeddable":true,"href":"https:\/\/www.faopack.com\/de\/wp-json\/wp\/v2\/product_tag?post=606"}],"curies":[{"name":"wp","href":"https:\/\/api.w.org\/{rel}","templated":true}]}}