{"id":610,"date":"2025-05-12T23:59:11","date_gmt":"2025-05-12T23:59:11","guid":{"rendered":"https:\/\/www.faopack.com\/product\/bingo-liquid-detergent-4lx4-color\/"},"modified":"2025-11-20T22:04:37","modified_gmt":"2025-11-20T22:04:37","slug":"bingo-flussigwaschmittel-4lx4-farbe","status":"publish","type":"product","link":"https:\/\/www.faopack.com\/de\/product\/bingo-flussigwaschmittel-4lx4-farbe\/","title":{"rendered":"BINGO FL\u00dcSSIGWASCHMITTEL 4LX4 FARBE"},"content":{"rendered":"<p>Das f\u00fcr Buntw\u00e4sche entwickelte Bingo Color Fl\u00fcssigwaschmittel verhindert mit seiner speziellen Formel die Farb\u00fcbertragung und fixiert gleichzeitig die urspr\u00fcnglichen Farben der Kleidung in der Gewebestruktur, so dass sie immer so bleiben wie am ersten Tag.<\/p>","protected":false},"excerpt":{"rendered":"<p>4 Liter*4 Pack<\/p>","protected":false},"featured_media":615,"comment_status":"open","ping_status":"closed","template":"","meta":[],"product_brand":[47],"product_cat":[56,45],"product_tag":[],"class_list":{"0":"post-610","1":"product","2":"type-product","3":"status-publish","4":"has-post-thumbnail","6":"product_brand-bingo","7":"product_cat-detergent","8":"product_cat-hygienic-cleaning","10":"first","11":"instock","12":"featured","13":"taxable","14":"shipping-taxable","15":"purchasable","16":"product-type-simple"},"_links":{"self":[{"href":"https:\/\/www.faopack.com\/de\/wp-json\/wp\/v2\/product\/610","targetHints":{"allow":["GET"]}}],"collection":[{"href":"https:\/\/www.faopack.com\/de\/wp-json\/wp\/v2\/product"}],"about":[{"href":"https:\/\/www.faopack.com\/de\/wp-json\/wp\/v2\/types\/product"}],"replies":[{"embeddable":true,"href":"https:\/\/www.faopack.com\/de\/wp-json\/wp\/v2\/comments?post=610"}],"wp:featuredmedia":[{"embeddable":true,"href":"https:\/\/www.faopack.com\/de\/wp-json\/wp\/v2\/media\/615"}],"wp:attachment":[{"href":"https:\/\/www.faopack.com\/de\/wp-json\/wp\/v2\/media?parent=610"}],"wp:term":[{"taxonomy":"product_brand","embeddable":true,"href":"https:\/\/www.faopack.com\/de\/wp-json\/wp\/v2\/product_brand?post=610"},{"taxonomy":"product_cat","embeddable":true,"href":"https:\/\/www.faopack.com\/de\/wp-json\/wp\/v2\/product_cat?post=610"},{"taxonomy":"product_tag","embeddable":true,"href":"https:\/\/www.faopack.com\/de\/wp-json\/wp\/v2\/product_tag?post=610"}],"curies":[{"name":"wp","href":"https:\/\/api.w.org\/{rel}","templated":true}]}}