{"id":611,"date":"2025-05-12T23:59:11","date_gmt":"2025-05-12T23:59:11","guid":{"rendered":"https:\/\/www.faopack.com\/product\/bingo-liquid-detergent-4lx4-repairing\/"},"modified":"2025-11-20T22:04:32","modified_gmt":"2025-11-20T22:04:32","slug":"bingo-flussigwaschmittel-4lx4-reparatur","status":"publish","type":"product","link":"https:\/\/www.faopack.com\/de\/product\/bingo-flussigwaschmittel-4lx4-reparatur\/","title":{"rendered":"BINGO FL\u00dcSSIGWASCHMITTEL 4LX4 REPARATUR"},"content":{"rendered":"<p>Bingo Repair Protection wurde f\u00fcr alle Farben entwickelt und sch\u00fctzt Ihre W\u00e4sche vor Verschlei\u00df, indem es ihre Fasern w\u00e4hrend der Reinigung repariert. Es pflegt die Fasern, indem es die Fragmentierung und Flusenbildung in den Stofffasern reduziert, die beim Waschen in W\u00e4schereien und Waschmaschinen mit Anti-Aging-Technologie auftreten. Es sorgt daf\u00fcr, dass Ihre W\u00e4sche l\u00e4nger wie neu bleibt.<\/p>","protected":false},"excerpt":{"rendered":"<p>4 Liter*4 Pack<\/p>","protected":false},"featured_media":616,"comment_status":"open","ping_status":"closed","template":"","meta":[],"product_brand":[47],"product_cat":[56,45],"product_tag":[],"class_list":{"0":"post-611","1":"product","2":"type-product","3":"status-publish","4":"has-post-thumbnail","6":"product_brand-bingo","7":"product_cat-detergent","8":"product_cat-hygienic-cleaning","10":"first","11":"instock","12":"featured","13":"taxable","14":"shipping-taxable","15":"purchasable","16":"product-type-simple"},"_links":{"self":[{"href":"https:\/\/www.faopack.com\/de\/wp-json\/wp\/v2\/product\/611","targetHints":{"allow":["GET"]}}],"collection":[{"href":"https:\/\/www.faopack.com\/de\/wp-json\/wp\/v2\/product"}],"about":[{"href":"https:\/\/www.faopack.com\/de\/wp-json\/wp\/v2\/types\/product"}],"replies":[{"embeddable":true,"href":"https:\/\/www.faopack.com\/de\/wp-json\/wp\/v2\/comments?post=611"}],"wp:featuredmedia":[{"embeddable":true,"href":"https:\/\/www.faopack.com\/de\/wp-json\/wp\/v2\/media\/616"}],"wp:attachment":[{"href":"https:\/\/www.faopack.com\/de\/wp-json\/wp\/v2\/media?parent=611"}],"wp:term":[{"taxonomy":"product_brand","embeddable":true,"href":"https:\/\/www.faopack.com\/de\/wp-json\/wp\/v2\/product_brand?post=611"},{"taxonomy":"product_cat","embeddable":true,"href":"https:\/\/www.faopack.com\/de\/wp-json\/wp\/v2\/product_cat?post=611"},{"taxonomy":"product_tag","embeddable":true,"href":"https:\/\/www.faopack.com\/de\/wp-json\/wp\/v2\/product_tag?post=611"}],"curies":[{"name":"wp","href":"https:\/\/api.w.org\/{rel}","templated":true}]}}