{"id":639,"date":"2025-05-13T01:23:30","date_gmt":"2025-05-13T01:23:30","guid":{"rendered":"https:\/\/www.faopack.com\/product\/padex-surface-clean-mend-xxl-100pcs-12-white-soap\/"},"modified":"2025-11-20T21:25:52","modified_gmt":"2025-11-20T21:25:52","slug":"padex-surface-clean-mend-xxl-100pcs-12-weis-seife","status":"publish","type":"product","link":"https:\/\/www.faopack.com\/de\/product\/padex-surface-clean-mend-xxl-100pcs-12-weis-seife\/","title":{"rendered":"Padex Oberfl\u00e4che sauber flicken xxl 100pcs 12 wei\u00df Seife"},"content":{"rendered":"","protected":false},"excerpt":{"rendered":"<p>100St\u00fcck * 12 Pack<\/p>","protected":false},"featured_media":732,"comment_status":"open","ping_status":"closed","template":"","meta":[],"product_brand":[80],"product_cat":[45,55],"product_tag":[],"class_list":{"0":"post-639","1":"product","2":"type-product","3":"status-publish","4":"has-post-thumbnail","6":"product_brand-pabilion","7":"product_cat-hygienic-cleaning","8":"product_cat-surface-cleaning","10":"first","11":"instock","12":"taxable","13":"shipping-taxable","14":"purchasable","15":"product-type-simple"},"_links":{"self":[{"href":"https:\/\/www.faopack.com\/de\/wp-json\/wp\/v2\/product\/639","targetHints":{"allow":["GET"]}}],"collection":[{"href":"https:\/\/www.faopack.com\/de\/wp-json\/wp\/v2\/product"}],"about":[{"href":"https:\/\/www.faopack.com\/de\/wp-json\/wp\/v2\/types\/product"}],"replies":[{"embeddable":true,"href":"https:\/\/www.faopack.com\/de\/wp-json\/wp\/v2\/comments?post=639"}],"wp:featuredmedia":[{"embeddable":true,"href":"https:\/\/www.faopack.com\/de\/wp-json\/wp\/v2\/media\/732"}],"wp:attachment":[{"href":"https:\/\/www.faopack.com\/de\/wp-json\/wp\/v2\/media?parent=639"}],"wp:term":[{"taxonomy":"product_brand","embeddable":true,"href":"https:\/\/www.faopack.com\/de\/wp-json\/wp\/v2\/product_brand?post=639"},{"taxonomy":"product_cat","embeddable":true,"href":"https:\/\/www.faopack.com\/de\/wp-json\/wp\/v2\/product_cat?post=639"},{"taxonomy":"product_tag","embeddable":true,"href":"https:\/\/www.faopack.com\/de\/wp-json\/wp\/v2\/product_tag?post=639"}],"curies":[{"name":"wp","href":"https:\/\/api.w.org\/{rel}","templated":true}]}}