{"id":695,"date":"2025-05-13T01:23:37","date_gmt":"2025-05-13T01:23:37","guid":{"rendered":"https:\/\/www.faopack.com\/product\/sleepy-mob-white-soap\/"},"modified":"2025-11-20T21:25:55","modified_gmt":"2025-11-20T21:25:55","slug":"sleepy-mob-weise-seife","status":"publish","type":"product","link":"https:\/\/www.faopack.com\/de\/product\/sleepy-mob-weise-seife\/","title":{"rendered":"Schl\u00e4frige Meute Wei\u00dfe Seife 4 St\u00fcck"},"content":{"rendered":"","protected":false},"excerpt":{"rendered":"<p>6er-Pack<\/p>","protected":false},"featured_media":729,"comment_status":"open","ping_status":"closed","template":"","meta":[],"product_brand":[46],"product_cat":[45,55],"product_tag":[],"class_list":{"0":"post-695","1":"product","2":"type-product","3":"status-publish","4":"has-post-thumbnail","6":"product_brand-sleepy","7":"product_cat-hygienic-cleaning","8":"product_cat-surface-cleaning","10":"first","11":"instock","12":"taxable","13":"shipping-taxable","14":"purchasable","15":"product-type-simple"},"_links":{"self":[{"href":"https:\/\/www.faopack.com\/de\/wp-json\/wp\/v2\/product\/695","targetHints":{"allow":["GET"]}}],"collection":[{"href":"https:\/\/www.faopack.com\/de\/wp-json\/wp\/v2\/product"}],"about":[{"href":"https:\/\/www.faopack.com\/de\/wp-json\/wp\/v2\/types\/product"}],"replies":[{"embeddable":true,"href":"https:\/\/www.faopack.com\/de\/wp-json\/wp\/v2\/comments?post=695"}],"wp:featuredmedia":[{"embeddable":true,"href":"https:\/\/www.faopack.com\/de\/wp-json\/wp\/v2\/media\/729"}],"wp:attachment":[{"href":"https:\/\/www.faopack.com\/de\/wp-json\/wp\/v2\/media?parent=695"}],"wp:term":[{"taxonomy":"product_brand","embeddable":true,"href":"https:\/\/www.faopack.com\/de\/wp-json\/wp\/v2\/product_brand?post=695"},{"taxonomy":"product_cat","embeddable":true,"href":"https:\/\/www.faopack.com\/de\/wp-json\/wp\/v2\/product_cat?post=695"},{"taxonomy":"product_tag","embeddable":true,"href":"https:\/\/www.faopack.com\/de\/wp-json\/wp\/v2\/product_tag?post=695"}],"curies":[{"name":"wp","href":"https:\/\/api.w.org\/{rel}","templated":true}]}}