{"id":699,"date":"2025-05-13T01:23:38","date_gmt":"2025-05-13T01:23:38","guid":{"rendered":"https:\/\/www.faopack.com\/product\/sleepy-surface-cleaner-white-soap-1x6\/"},"modified":"2025-11-20T22:04:23","modified_gmt":"2025-11-20T22:04:23","slug":"sleepy-oberflachenreiniger-weise-seife-1x6","status":"publish","type":"product","link":"https:\/\/www.faopack.com\/de\/product\/sleepy-oberflachenreiniger-weise-seife-1x6\/","title":{"rendered":"Sleepy Oberfl\u00e4chenreiniger wei\u00dfe Seife 1\u00d76"},"content":{"rendered":"","protected":false},"excerpt":{"rendered":"<p>6er-Pack<\/p>","protected":false},"featured_media":729,"comment_status":"open","ping_status":"closed","template":"","meta":[],"product_brand":[46],"product_cat":[45,55],"product_tag":[],"class_list":{"0":"post-699","1":"product","2":"type-product","3":"status-publish","4":"has-post-thumbnail","6":"product_brand-sleepy","7":"product_cat-hygienic-cleaning","8":"product_cat-surface-cleaning","10":"first","11":"instock","12":"featured","13":"taxable","14":"shipping-taxable","15":"purchasable","16":"product-type-simple"},"_links":{"self":[{"href":"https:\/\/www.faopack.com\/de\/wp-json\/wp\/v2\/product\/699","targetHints":{"allow":["GET"]}}],"collection":[{"href":"https:\/\/www.faopack.com\/de\/wp-json\/wp\/v2\/product"}],"about":[{"href":"https:\/\/www.faopack.com\/de\/wp-json\/wp\/v2\/types\/product"}],"replies":[{"embeddable":true,"href":"https:\/\/www.faopack.com\/de\/wp-json\/wp\/v2\/comments?post=699"}],"wp:featuredmedia":[{"embeddable":true,"href":"https:\/\/www.faopack.com\/de\/wp-json\/wp\/v2\/media\/729"}],"wp:attachment":[{"href":"https:\/\/www.faopack.com\/de\/wp-json\/wp\/v2\/media?parent=699"}],"wp:term":[{"taxonomy":"product_brand","embeddable":true,"href":"https:\/\/www.faopack.com\/de\/wp-json\/wp\/v2\/product_brand?post=699"},{"taxonomy":"product_cat","embeddable":true,"href":"https:\/\/www.faopack.com\/de\/wp-json\/wp\/v2\/product_cat?post=699"},{"taxonomy":"product_tag","embeddable":true,"href":"https:\/\/www.faopack.com\/de\/wp-json\/wp\/v2\/product_tag?post=699"}],"curies":[{"name":"wp","href":"https:\/\/api.w.org\/{rel}","templated":true}]}}