{"id":793,"date":"2025-06-01T21:17:19","date_gmt":"2025-06-01T21:17:19","guid":{"rendered":"https:\/\/www.faopack.com\/?post_type=product&#038;p=793"},"modified":"2025-11-20T21:25:37","modified_gmt":"2025-11-20T21:25:37","slug":"2000cc-sizdirmaz-dk-2","status":"publish","type":"product","link":"https:\/\/www.faopack.com\/de\/product\/2000cc-sizdirmaz-dk-2\/","title":{"rendered":"2000cc s\u0131zd\u0131rmaz DK"},"content":{"rendered":"<p>Unsere Beh\u00e4lter mit Klappdeckel (flach) im Home-Style bieten eine praktische L\u00f6sung f\u00fcr die Gastronomie. Diese Beh\u00e4lter sind in verschiedenen Gr\u00f6\u00dfen von 150 ml bis 2000 ml erh\u00e4ltlich und bieten vielseitige M\u00f6glichkeiten f\u00fcr Lebensmittel, Snacks oder Portionierungen. Jede Packung enth\u00e4lt 200 St\u00fcck, um den Anforderungen Ihres Catering-Unternehmens gerecht zu werden. Erh\u00e4ltliche Gr\u00f6\u00dfen: 150 ml, 250 ml, 375 ml, 500 ml, 750 ml, 1000 ml, 1250 ml, 1500 ml und 2000 ml.<\/p>","protected":false},"excerpt":{"rendered":"<p>Auslaufsichere PP-Boxen (Polypropylen) \u2013 200 St\u00fcck pro Packung.<\/p>","protected":false},"featured_media":974,"comment_status":"open","ping_status":"closed","template":"","meta":[],"product_brand":[75],"product_cat":[62,63],"product_tag":[],"class_list":{"0":"post-793","1":"product","2":"type-product","3":"status-publish","4":"has-post-thumbnail","6":"product_brand-faopack","7":"product_cat-packaging","8":"product_cat-plastic-box","10":"first","11":"instock","12":"taxable","13":"shipping-taxable","14":"purchasable","15":"product-type-simple"},"_links":{"self":[{"href":"https:\/\/www.faopack.com\/de\/wp-json\/wp\/v2\/product\/793","targetHints":{"allow":["GET"]}}],"collection":[{"href":"https:\/\/www.faopack.com\/de\/wp-json\/wp\/v2\/product"}],"about":[{"href":"https:\/\/www.faopack.com\/de\/wp-json\/wp\/v2\/types\/product"}],"replies":[{"embeddable":true,"href":"https:\/\/www.faopack.com\/de\/wp-json\/wp\/v2\/comments?post=793"}],"wp:featuredmedia":[{"embeddable":true,"href":"https:\/\/www.faopack.com\/de\/wp-json\/wp\/v2\/media\/974"}],"wp:attachment":[{"href":"https:\/\/www.faopack.com\/de\/wp-json\/wp\/v2\/media?parent=793"}],"wp:term":[{"taxonomy":"product_brand","embeddable":true,"href":"https:\/\/www.faopack.com\/de\/wp-json\/wp\/v2\/product_brand?post=793"},{"taxonomy":"product_cat","embeddable":true,"href":"https:\/\/www.faopack.com\/de\/wp-json\/wp\/v2\/product_cat?post=793"},{"taxonomy":"product_tag","embeddable":true,"href":"https:\/\/www.faopack.com\/de\/wp-json\/wp\/v2\/product_tag?post=793"}],"curies":[{"name":"wp","href":"https:\/\/api.w.org\/{rel}","templated":true}]}}