{"id":794,"date":"2025-06-01T21:17:19","date_gmt":"2025-06-01T21:17:19","guid":{"rendered":"https:\/\/www.faopack.com\/product\/80cc-sizdirmaz-1000-adet\/"},"modified":"2025-11-20T21:25:36","modified_gmt":"2025-11-20T21:25:36","slug":"80cc-sizdirmaz-1000-adet","status":"publish","type":"product","link":"https:\/\/www.faopack.com\/de\/product\/80cc-sizdirmaz-1000-adet\/","title":{"rendered":"80CC AUSLAUFSICHERE SAUCENBOX"},"content":{"rendered":"<p>Unsere Saucenbeh\u00e4lter mit festem Deckel sind eine ideale Verpackungsl\u00f6sung f\u00fcr Catering-Unternehmen. Dank ihres praktischen Designs k\u00f6nnen Saucen, Salatdressings und Beilagen separat verpackt werden. Perfekt f\u00fcr Saucen, Salatbars, Buffets, Take-aways, Catering und vieles mehr.<\/p>","protected":false},"excerpt":{"rendered":"<p>Auslaufsichere PP-Boxen (Polypropylen) \u2013 1000 St\u00fcck pro Packung.<\/p>","protected":false},"featured_media":969,"comment_status":"open","ping_status":"closed","template":"","meta":[],"product_brand":[75],"product_cat":[62,63],"product_tag":[],"class_list":{"0":"post-794","1":"product","2":"type-product","3":"status-publish","4":"has-post-thumbnail","6":"product_brand-faopack","7":"product_cat-packaging","8":"product_cat-plastic-box","10":"first","11":"instock","12":"taxable","13":"shipping-taxable","14":"purchasable","15":"product-type-simple"},"_links":{"self":[{"href":"https:\/\/www.faopack.com\/de\/wp-json\/wp\/v2\/product\/794","targetHints":{"allow":["GET"]}}],"collection":[{"href":"https:\/\/www.faopack.com\/de\/wp-json\/wp\/v2\/product"}],"about":[{"href":"https:\/\/www.faopack.com\/de\/wp-json\/wp\/v2\/types\/product"}],"replies":[{"embeddable":true,"href":"https:\/\/www.faopack.com\/de\/wp-json\/wp\/v2\/comments?post=794"}],"wp:featuredmedia":[{"embeddable":true,"href":"https:\/\/www.faopack.com\/de\/wp-json\/wp\/v2\/media\/969"}],"wp:attachment":[{"href":"https:\/\/www.faopack.com\/de\/wp-json\/wp\/v2\/media?parent=794"}],"wp:term":[{"taxonomy":"product_brand","embeddable":true,"href":"https:\/\/www.faopack.com\/de\/wp-json\/wp\/v2\/product_brand?post=794"},{"taxonomy":"product_cat","embeddable":true,"href":"https:\/\/www.faopack.com\/de\/wp-json\/wp\/v2\/product_cat?post=794"},{"taxonomy":"product_tag","embeddable":true,"href":"https:\/\/www.faopack.com\/de\/wp-json\/wp\/v2\/product_tag?post=794"}],"curies":[{"name":"wp","href":"https:\/\/api.w.org\/{rel}","templated":true}]}}