{"id":799,"date":"2025-06-01T21:17:20","date_gmt":"2025-06-01T21:17:20","guid":{"rendered":"https:\/\/www.faopack.com\/product\/manav-rulo-20020-adet-2244\/"},"modified":"2025-11-20T21:25:41","modified_gmt":"2025-11-20T21:25:41","slug":"manav-rulo-20020-adet-2244","status":"publish","type":"product","link":"https:\/\/www.faopack.com\/de\/product\/manav-rulo-20020-adet-2244\/","title":{"rendered":"GEM\u00dcSEH\u00c4NDLER-ROLLTASCHE 22\u00d744"},"content":{"rendered":"<p>Unsere transparenten Tragetaschen\/Knotentaschen bieten nicht nur reichlich Platz f\u00fcr Ihre Eink\u00e4ufe, sondern eignen sich auch ideal f\u00fcr den sicheren Transport von Lebensmitteln und anderen Gegenst\u00e4nden.<\/p>","protected":false},"excerpt":{"rendered":"<p>Einkaufstasche<\/p>","protected":false},"featured_media":1007,"comment_status":"open","ping_status":"closed","template":"","meta":[],"product_brand":[75],"product_cat":[62,63],"product_tag":[],"class_list":{"0":"post-799","1":"product","2":"type-product","3":"status-publish","4":"has-post-thumbnail","6":"product_brand-faopack","7":"product_cat-packaging","8":"product_cat-plastic-box","10":"first","11":"instock","12":"taxable","13":"shipping-taxable","14":"purchasable","15":"product-type-simple"},"_links":{"self":[{"href":"https:\/\/www.faopack.com\/de\/wp-json\/wp\/v2\/product\/799","targetHints":{"allow":["GET"]}}],"collection":[{"href":"https:\/\/www.faopack.com\/de\/wp-json\/wp\/v2\/product"}],"about":[{"href":"https:\/\/www.faopack.com\/de\/wp-json\/wp\/v2\/types\/product"}],"replies":[{"embeddable":true,"href":"https:\/\/www.faopack.com\/de\/wp-json\/wp\/v2\/comments?post=799"}],"wp:featuredmedia":[{"embeddable":true,"href":"https:\/\/www.faopack.com\/de\/wp-json\/wp\/v2\/media\/1007"}],"wp:attachment":[{"href":"https:\/\/www.faopack.com\/de\/wp-json\/wp\/v2\/media?parent=799"}],"wp:term":[{"taxonomy":"product_brand","embeddable":true,"href":"https:\/\/www.faopack.com\/de\/wp-json\/wp\/v2\/product_brand?post=799"},{"taxonomy":"product_cat","embeddable":true,"href":"https:\/\/www.faopack.com\/de\/wp-json\/wp\/v2\/product_cat?post=799"},{"taxonomy":"product_tag","embeddable":true,"href":"https:\/\/www.faopack.com\/de\/wp-json\/wp\/v2\/product_tag?post=799"}],"curies":[{"name":"wp","href":"https:\/\/api.w.org\/{rel}","templated":true}]}}