{"id":801,"date":"2025-06-01T21:17:21","date_gmt":"2025-06-01T21:17:21","guid":{"rendered":"https:\/\/www.faopack.com\/product\/26-oz-doner-kutusu-500-adet\/"},"modified":"2025-11-20T22:05:08","modified_gmt":"2025-11-20T22:05:08","slug":"26-oz-doner-kutusu-500-adet","status":"publish","type":"product","link":"https:\/\/www.faopack.com\/de\/product\/26-oz-doner-kutusu-500-adet\/","title":{"rendered":"26 OZ DONER BOX 500St\u00fcck"},"content":{"rendered":"<p>Unsere D\u00f6nerboxen, die in unserem Werk in der Slowakei hergestellt werden, bestehen aus lebensmittelechtem, fettbest\u00e4ndigem Bristolpapier, das mit Polyethylen beschichtet ist. Eine Sonderanfertigung mit Ihrem Firmenlogo und Aufdruck ist m\u00f6glich.<\/p>","protected":false},"excerpt":{"rendered":"<p>Lebensmittelechtes, doppelt PE-beschichtetes Papier, 300 g\/m\u00b2 \u2013 500 St\u00fcck.<\/p>","protected":false},"featured_media":791,"comment_status":"open","ping_status":"closed","template":"","meta":[],"product_brand":[75],"product_cat":[62,63],"product_tag":[],"class_list":{"0":"post-801","1":"product","2":"type-product","3":"status-publish","4":"has-post-thumbnail","6":"product_brand-faopack","7":"product_cat-packaging","8":"product_cat-plastic-box","10":"first","11":"instock","12":"featured","13":"taxable","14":"shipping-taxable","15":"purchasable","16":"product-type-simple"},"_links":{"self":[{"href":"https:\/\/www.faopack.com\/de\/wp-json\/wp\/v2\/product\/801","targetHints":{"allow":["GET"]}}],"collection":[{"href":"https:\/\/www.faopack.com\/de\/wp-json\/wp\/v2\/product"}],"about":[{"href":"https:\/\/www.faopack.com\/de\/wp-json\/wp\/v2\/types\/product"}],"replies":[{"embeddable":true,"href":"https:\/\/www.faopack.com\/de\/wp-json\/wp\/v2\/comments?post=801"}],"wp:featuredmedia":[{"embeddable":true,"href":"https:\/\/www.faopack.com\/de\/wp-json\/wp\/v2\/media\/791"}],"wp:attachment":[{"href":"https:\/\/www.faopack.com\/de\/wp-json\/wp\/v2\/media?parent=801"}],"wp:term":[{"taxonomy":"product_brand","embeddable":true,"href":"https:\/\/www.faopack.com\/de\/wp-json\/wp\/v2\/product_brand?post=801"},{"taxonomy":"product_cat","embeddable":true,"href":"https:\/\/www.faopack.com\/de\/wp-json\/wp\/v2\/product_cat?post=801"},{"taxonomy":"product_tag","embeddable":true,"href":"https:\/\/www.faopack.com\/de\/wp-json\/wp\/v2\/product_tag?post=801"}],"curies":[{"name":"wp","href":"https:\/\/api.w.org\/{rel}","templated":true}]}}