{"id":807,"date":"2025-06-01T21:17:21","date_gmt":"2025-06-01T21:17:21","guid":{"rendered":"https:\/\/www.faopack.com\/product\/sandvic-kutusu-11019280-200-adet\/"},"modified":"2025-11-20T21:25:34","modified_gmt":"2025-11-20T21:25:34","slug":"sandvic-kutusu-11019280-200-adet","status":"publish","type":"product","link":"https:\/\/www.faopack.com\/de\/product\/sandvic-kutusu-11019280-200-adet\/","title":{"rendered":"BUTTERBROTDOSE 110*192*80"},"content":{"rendered":"<p>Unsere in der Slowakei hergestellte Sandwichbox besteht aus fettbest\u00e4ndiger, lebensmittelechter Pappe und eignet sich ideal zum Verpacken von Sandwiches und anderen Sandwichkreationen verschiedener Gr\u00f6\u00dfen. Das Material ist sowohl f\u00fcr die Mikrowelle als auch f\u00fcr den K\u00fchlschrank geeignet. Diese praktische L\u00f6sung zum Mitnehmen eignet sich nicht nur perfekt f\u00fcr Sandwiches, sondern auch f\u00fcr andere Fast-Food-Spezialit\u00e4ten. Eine Sonderanfertigung mit Ihrem Firmenlogo und Aufdruck ist in jeder gew\u00fcnschten Gr\u00f6\u00dfe und Abmessung erh\u00e4ltlich.<\/p>","protected":false},"excerpt":{"rendered":"<p>Handwerk f\u00fcr Lebensmittelverpackungen<\/p>","protected":false},"featured_media":791,"comment_status":"open","ping_status":"closed","template":"","meta":[],"product_brand":[75],"product_cat":[62,63],"product_tag":[],"class_list":{"0":"post-807","1":"product","2":"type-product","3":"status-publish","4":"has-post-thumbnail","6":"product_brand-faopack","7":"product_cat-packaging","8":"product_cat-plastic-box","10":"first","11":"instock","12":"taxable","13":"shipping-taxable","14":"purchasable","15":"product-type-simple"},"_links":{"self":[{"href":"https:\/\/www.faopack.com\/de\/wp-json\/wp\/v2\/product\/807","targetHints":{"allow":["GET"]}}],"collection":[{"href":"https:\/\/www.faopack.com\/de\/wp-json\/wp\/v2\/product"}],"about":[{"href":"https:\/\/www.faopack.com\/de\/wp-json\/wp\/v2\/types\/product"}],"replies":[{"embeddable":true,"href":"https:\/\/www.faopack.com\/de\/wp-json\/wp\/v2\/comments?post=807"}],"wp:featuredmedia":[{"embeddable":true,"href":"https:\/\/www.faopack.com\/de\/wp-json\/wp\/v2\/media\/791"}],"wp:attachment":[{"href":"https:\/\/www.faopack.com\/de\/wp-json\/wp\/v2\/media?parent=807"}],"wp:term":[{"taxonomy":"product_brand","embeddable":true,"href":"https:\/\/www.faopack.com\/de\/wp-json\/wp\/v2\/product_brand?post=807"},{"taxonomy":"product_cat","embeddable":true,"href":"https:\/\/www.faopack.com\/de\/wp-json\/wp\/v2\/product_cat?post=807"},{"taxonomy":"product_tag","embeddable":true,"href":"https:\/\/www.faopack.com\/de\/wp-json\/wp\/v2\/product_tag?post=807"}],"curies":[{"name":"wp","href":"https:\/\/api.w.org\/{rel}","templated":true}]}}