{"id":809,"date":"2025-06-01T21:17:22","date_gmt":"2025-06-01T21:17:22","guid":{"rendered":"https:\/\/www.faopack.com\/product\/hamburger-kutusu-11511590-300-adet\/"},"modified":"2025-11-20T21:25:33","modified_gmt":"2025-11-20T21:25:33","slug":"hamburger-kutusu-11511590-300-adet","status":"publish","type":"product","link":"https:\/\/www.faopack.com\/de\/product\/hamburger-kutusu-11511590-300-adet\/","title":{"rendered":"HAMBURGER-BOX 115*115*90"},"content":{"rendered":"<p>Unsere Hamburger-Box, die in unserem Unternehmen in der Slowakei hergestellt wird, besteht aus fettbest\u00e4ndiger, lebensmittelechter Pappe und eignet sich ideal zum Verpacken von Hamburgern und anderen Burger-Kreationen verschiedener Gr\u00f6\u00dfen. Das Material ist sowohl f\u00fcr die Mikrowelle als auch f\u00fcr den K\u00fchlschrank geeignet. Diese praktische L\u00f6sung zum Mitnehmen eignet sich nicht nur perfekt f\u00fcr Burger, sondern auch f\u00fcr Pommes frites und andere Fast-Food-Spezialit\u00e4ten. Eine Sonderanfertigung mit Ihrem Firmenlogo und Aufdruck ist in jeder gew\u00fcnschten Gr\u00f6\u00dfe und Abmessung erh\u00e4ltlich.<\/p>","protected":false},"excerpt":{"rendered":"<p>Handwerk f\u00fcr Lebensmittelverpackungen<\/p>","protected":false},"featured_media":963,"comment_status":"open","ping_status":"closed","template":"","meta":[],"product_brand":[75],"product_cat":[62,63],"product_tag":[],"class_list":{"0":"post-809","1":"product","2":"type-product","3":"status-publish","4":"has-post-thumbnail","6":"product_brand-faopack","7":"product_cat-packaging","8":"product_cat-plastic-box","10":"first","11":"instock","12":"taxable","13":"shipping-taxable","14":"purchasable","15":"product-type-simple"},"_links":{"self":[{"href":"https:\/\/www.faopack.com\/de\/wp-json\/wp\/v2\/product\/809","targetHints":{"allow":["GET"]}}],"collection":[{"href":"https:\/\/www.faopack.com\/de\/wp-json\/wp\/v2\/product"}],"about":[{"href":"https:\/\/www.faopack.com\/de\/wp-json\/wp\/v2\/types\/product"}],"replies":[{"embeddable":true,"href":"https:\/\/www.faopack.com\/de\/wp-json\/wp\/v2\/comments?post=809"}],"wp:featuredmedia":[{"embeddable":true,"href":"https:\/\/www.faopack.com\/de\/wp-json\/wp\/v2\/media\/963"}],"wp:attachment":[{"href":"https:\/\/www.faopack.com\/de\/wp-json\/wp\/v2\/media?parent=809"}],"wp:term":[{"taxonomy":"product_brand","embeddable":true,"href":"https:\/\/www.faopack.com\/de\/wp-json\/wp\/v2\/product_brand?post=809"},{"taxonomy":"product_cat","embeddable":true,"href":"https:\/\/www.faopack.com\/de\/wp-json\/wp\/v2\/product_cat?post=809"},{"taxonomy":"product_tag","embeddable":true,"href":"https:\/\/www.faopack.com\/de\/wp-json\/wp\/v2\/product_tag?post=809"}],"curies":[{"name":"wp","href":"https:\/\/api.w.org\/{rel}","templated":true}]}}