{"id":823,"date":"2025-06-01T21:17:24","date_gmt":"2025-06-01T21:17:24","guid":{"rendered":"https:\/\/www.faopack.com\/product\/z-tipi-pecete-4-kg\/"},"modified":"2025-11-20T21:25:45","modified_gmt":"2025-11-20T21:25:45","slug":"z-tipi-pecete-4-kg","status":"publish","type":"product","link":"https:\/\/www.faopack.com\/de\/product\/z-tipi-pecete-4-kg\/","title":{"rendered":"SPENDER Z FALTHANDTUCH"},"content":{"rendered":"<p>Diese wei\u00dfe Rolle aus 100%-Zellulose zeichnet sich durch eine weiche Pr\u00e4gung und eine rei\u00dffeste, sanfte Textur aus. Das zweilagige, gl\u00e4nzende Papierhandtuch kombiniert hohe Saugf\u00e4higkeit mit beeindruckender Kapazit\u00e4t und sorgt f\u00fcr schnelles und gr\u00fcndliches Trocknen.<\/p>","protected":false},"excerpt":{"rendered":"<p>Hygiene<\/p>","protected":false},"featured_media":998,"comment_status":"open","ping_status":"closed","template":"","meta":[],"product_brand":[75],"product_cat":[62,63],"product_tag":[],"class_list":{"0":"post-823","1":"product","2":"type-product","3":"status-publish","4":"has-post-thumbnail","6":"product_brand-faopack","7":"product_cat-packaging","8":"product_cat-plastic-box","10":"first","11":"instock","12":"taxable","13":"shipping-taxable","14":"purchasable","15":"product-type-simple"},"_links":{"self":[{"href":"https:\/\/www.faopack.com\/de\/wp-json\/wp\/v2\/product\/823","targetHints":{"allow":["GET"]}}],"collection":[{"href":"https:\/\/www.faopack.com\/de\/wp-json\/wp\/v2\/product"}],"about":[{"href":"https:\/\/www.faopack.com\/de\/wp-json\/wp\/v2\/types\/product"}],"replies":[{"embeddable":true,"href":"https:\/\/www.faopack.com\/de\/wp-json\/wp\/v2\/comments?post=823"}],"wp:featuredmedia":[{"embeddable":true,"href":"https:\/\/www.faopack.com\/de\/wp-json\/wp\/v2\/media\/998"}],"wp:attachment":[{"href":"https:\/\/www.faopack.com\/de\/wp-json\/wp\/v2\/media?parent=823"}],"wp:term":[{"taxonomy":"product_brand","embeddable":true,"href":"https:\/\/www.faopack.com\/de\/wp-json\/wp\/v2\/product_brand?post=823"},{"taxonomy":"product_cat","embeddable":true,"href":"https:\/\/www.faopack.com\/de\/wp-json\/wp\/v2\/product_cat?post=823"},{"taxonomy":"product_tag","embeddable":true,"href":"https:\/\/www.faopack.com\/de\/wp-json\/wp\/v2\/product_tag?post=823"}],"curies":[{"name":"wp","href":"https:\/\/api.w.org\/{rel}","templated":true}]}}