{"id":825,"date":"2025-06-01T21:17:24","date_gmt":"2025-06-01T21:17:24","guid":{"rendered":"https:\/\/www.faopack.com\/product\/cop-poseti-150l-100-adet\/"},"modified":"2025-11-20T22:07:04","modified_gmt":"2025-11-20T22:07:04","slug":"cop-poseti-150l-100-adet","status":"publish","type":"product","link":"https:\/\/www.faopack.com\/de\/product\/cop-poseti-150l-100-adet\/","title":{"rendered":"M\u00dcLLSACK 150 L"},"content":{"rendered":"<p>150-Liter-M\u00fclls\u00e4cke\/Abfalls\u00e4cke EXTRA STRONG \u2013 die optimale L\u00f6sung f\u00fcr alle Arten der Abfallentsorgung. Diese hochwertigen S\u00e4cke aus besonders strapazierf\u00e4higem Kunststoff eignen sich f\u00fcr jeden Einsatzzweck, ob zu Hause, in der Gastronomie oder im gewerblichen Bereich, und sind eine zuverl\u00e4ssige Wahl f\u00fcr Ihre Abfallentsorgung.<\/p>","protected":false},"excerpt":{"rendered":"<p>Verpackung<\/p>","protected":false},"featured_media":1000,"comment_status":"open","ping_status":"closed","template":"","meta":[],"product_brand":[75],"product_cat":[62,63],"product_tag":[],"class_list":{"0":"post-825","1":"product","2":"type-product","3":"status-publish","4":"has-post-thumbnail","6":"product_brand-faopack","7":"product_cat-packaging","8":"product_cat-plastic-box","10":"first","11":"instock","12":"taxable","13":"shipping-taxable","14":"purchasable","15":"product-type-simple"},"_links":{"self":[{"href":"https:\/\/www.faopack.com\/de\/wp-json\/wp\/v2\/product\/825","targetHints":{"allow":["GET"]}}],"collection":[{"href":"https:\/\/www.faopack.com\/de\/wp-json\/wp\/v2\/product"}],"about":[{"href":"https:\/\/www.faopack.com\/de\/wp-json\/wp\/v2\/types\/product"}],"replies":[{"embeddable":true,"href":"https:\/\/www.faopack.com\/de\/wp-json\/wp\/v2\/comments?post=825"}],"wp:featuredmedia":[{"embeddable":true,"href":"https:\/\/www.faopack.com\/de\/wp-json\/wp\/v2\/media\/1000"}],"wp:attachment":[{"href":"https:\/\/www.faopack.com\/de\/wp-json\/wp\/v2\/media?parent=825"}],"wp:term":[{"taxonomy":"product_brand","embeddable":true,"href":"https:\/\/www.faopack.com\/de\/wp-json\/wp\/v2\/product_brand?post=825"},{"taxonomy":"product_cat","embeddable":true,"href":"https:\/\/www.faopack.com\/de\/wp-json\/wp\/v2\/product_cat?post=825"},{"taxonomy":"product_tag","embeddable":true,"href":"https:\/\/www.faopack.com\/de\/wp-json\/wp\/v2\/product_tag?post=825"}],"curies":[{"name":"wp","href":"https:\/\/api.w.org\/{rel}","templated":true}]}}