{"id":827,"date":"2025-06-01T21:17:24","date_gmt":"2025-06-01T21:17:24","guid":{"rendered":"https:\/\/www.faopack.com\/product\/cop-poseti-60-l\/"},"modified":"2025-11-20T21:25:28","modified_gmt":"2025-11-20T21:25:28","slug":"cop-poseti-60-l","status":"publish","type":"product","link":"https:\/\/www.faopack.com\/de\/product\/cop-poseti-60-l\/","title":{"rendered":"TRASH BAG 60 L 150x20Stk"},"content":{"rendered":"<p>60-Liter-M\u00fclls\u00e4cke\/Abfalls\u00e4cke EXTRA STRONG \u2013 die optimale L\u00f6sung f\u00fcr alle Arten der Abfallentsorgung. Diese hochwertigen S\u00e4cke aus besonders strapazierf\u00e4higem Kunststoff eignen sich f\u00fcr jeden Einsatzzweck, egal ob zu Hause, in der Gastronomie oder im gewerblichen Bereich, und sind eine zuverl\u00e4ssige Wahl f\u00fcr Ihre Abfallentsorgung.<\/p>","protected":false},"excerpt":{"rendered":"<p>Verpackung<\/p>","protected":false},"featured_media":791,"comment_status":"open","ping_status":"closed","template":"","meta":[],"product_brand":[75],"product_cat":[62,63],"product_tag":[],"class_list":{"0":"post-827","1":"product","2":"type-product","3":"status-publish","4":"has-post-thumbnail","6":"product_brand-faopack","7":"product_cat-packaging","8":"product_cat-plastic-box","10":"first","11":"instock","12":"taxable","13":"shipping-taxable","14":"purchasable","15":"product-type-simple"},"_links":{"self":[{"href":"https:\/\/www.faopack.com\/de\/wp-json\/wp\/v2\/product\/827","targetHints":{"allow":["GET"]}}],"collection":[{"href":"https:\/\/www.faopack.com\/de\/wp-json\/wp\/v2\/product"}],"about":[{"href":"https:\/\/www.faopack.com\/de\/wp-json\/wp\/v2\/types\/product"}],"replies":[{"embeddable":true,"href":"https:\/\/www.faopack.com\/de\/wp-json\/wp\/v2\/comments?post=827"}],"wp:featuredmedia":[{"embeddable":true,"href":"https:\/\/www.faopack.com\/de\/wp-json\/wp\/v2\/media\/791"}],"wp:attachment":[{"href":"https:\/\/www.faopack.com\/de\/wp-json\/wp\/v2\/media?parent=827"}],"wp:term":[{"taxonomy":"product_brand","embeddable":true,"href":"https:\/\/www.faopack.com\/de\/wp-json\/wp\/v2\/product_brand?post=827"},{"taxonomy":"product_cat","embeddable":true,"href":"https:\/\/www.faopack.com\/de\/wp-json\/wp\/v2\/product_cat?post=827"},{"taxonomy":"product_tag","embeddable":true,"href":"https:\/\/www.faopack.com\/de\/wp-json\/wp\/v2\/product_tag?post=827"}],"curies":[{"name":"wp","href":"https:\/\/api.w.org\/{rel}","templated":true}]}}