{"id":829,"date":"2025-06-01T21:17:24","date_gmt":"2025-06-01T21:17:24","guid":{"rendered":"https:\/\/www.faopack.com\/product\/et-kagidi-1-4-10-kg\/"},"modified":"2025-11-20T21:25:29","modified_gmt":"2025-11-20T21:25:29","slug":"et-kagidi-1-4-10-kg","status":"publish","type":"product","link":"https:\/\/www.faopack.com\/de\/product\/et-kagidi-1-4-10-kg\/","title":{"rendered":"Fleischerpapier 1\/4 10 kg"},"content":{"rendered":"<p>Beschichtetes Metzgerpapier eignet sich perfekt zum Verpacken von K\u00e4se, Fleisch, Schinken und vielen anderen Produkten. Seine spezielle Beschichtung sorgt daf\u00fcr, dass Ihre Produkte gut gesch\u00fctzt sind und ihre Feuchtigkeit behalten. Eine individuelle Produktion mit Ihrem Firmenlogo und Aufdruck ist m\u00f6glich.<\/p>","protected":false},"excerpt":{"rendered":"<p>Verpackung<\/p>","protected":false},"featured_media":996,"comment_status":"open","ping_status":"closed","template":"","meta":[],"product_brand":[75],"product_cat":[62,63],"product_tag":[],"class_list":{"0":"post-829","1":"product","2":"type-product","3":"status-publish","4":"has-post-thumbnail","6":"product_brand-faopack","7":"product_cat-packaging","8":"product_cat-plastic-box","10":"first","11":"instock","12":"taxable","13":"shipping-taxable","14":"purchasable","15":"product-type-simple"},"_links":{"self":[{"href":"https:\/\/www.faopack.com\/de\/wp-json\/wp\/v2\/product\/829","targetHints":{"allow":["GET"]}}],"collection":[{"href":"https:\/\/www.faopack.com\/de\/wp-json\/wp\/v2\/product"}],"about":[{"href":"https:\/\/www.faopack.com\/de\/wp-json\/wp\/v2\/types\/product"}],"replies":[{"embeddable":true,"href":"https:\/\/www.faopack.com\/de\/wp-json\/wp\/v2\/comments?post=829"}],"wp:featuredmedia":[{"embeddable":true,"href":"https:\/\/www.faopack.com\/de\/wp-json\/wp\/v2\/media\/996"}],"wp:attachment":[{"href":"https:\/\/www.faopack.com\/de\/wp-json\/wp\/v2\/media?parent=829"}],"wp:term":[{"taxonomy":"product_brand","embeddable":true,"href":"https:\/\/www.faopack.com\/de\/wp-json\/wp\/v2\/product_brand?post=829"},{"taxonomy":"product_cat","embeddable":true,"href":"https:\/\/www.faopack.com\/de\/wp-json\/wp\/v2\/product_cat?post=829"},{"taxonomy":"product_tag","embeddable":true,"href":"https:\/\/www.faopack.com\/de\/wp-json\/wp\/v2\/product_tag?post=829"}],"curies":[{"name":"wp","href":"https:\/\/api.w.org\/{rel}","templated":true}]}}