{"id":847,"date":"2025-06-01T21:17:27","date_gmt":"2025-06-01T21:17:27","guid":{"rendered":"https:\/\/www.faopack.com\/product\/ip9-200-pcs\/"},"modified":"2025-11-20T21:25:44","modified_gmt":"2025-11-20T21:25:44","slug":"ip9-200-stuck","status":"publish","type":"product","link":"https:\/\/www.faopack.com\/de\/product\/ip9-200-stuck\/","title":{"rendered":"IP9 250 St\u00fcck XPS Polystyrol"},"content":{"rendered":"<p>Die Styropor-Lebensmittelbox bietet eine hochwertige L\u00f6sung f\u00fcr die Verpackung und den Transport von Hamburgern und anderen Lebensmitteln. Dank ihrer hervorragenden Isolierung, ihrem praktischen Design und ihrem gro\u00dfen Fassungsverm\u00f6gen ist sie die ideale Wahl f\u00fcr Restaurants und Catering-Services.<\/p>","protected":false},"excerpt":{"rendered":"<p>Verpackungen f\u00fcr Lebensmittel <\/p>","protected":false},"featured_media":791,"comment_status":"open","ping_status":"closed","template":"","meta":[],"product_brand":[75],"product_cat":[62,63],"product_tag":[],"class_list":{"0":"post-847","1":"product","2":"type-product","3":"status-publish","4":"has-post-thumbnail","6":"product_brand-faopack","7":"product_cat-packaging","8":"product_cat-plastic-box","10":"first","11":"instock","12":"taxable","13":"shipping-taxable","14":"purchasable","15":"product-type-simple"},"_links":{"self":[{"href":"https:\/\/www.faopack.com\/de\/wp-json\/wp\/v2\/product\/847","targetHints":{"allow":["GET"]}}],"collection":[{"href":"https:\/\/www.faopack.com\/de\/wp-json\/wp\/v2\/product"}],"about":[{"href":"https:\/\/www.faopack.com\/de\/wp-json\/wp\/v2\/types\/product"}],"replies":[{"embeddable":true,"href":"https:\/\/www.faopack.com\/de\/wp-json\/wp\/v2\/comments?post=847"}],"wp:featuredmedia":[{"embeddable":true,"href":"https:\/\/www.faopack.com\/de\/wp-json\/wp\/v2\/media\/791"}],"wp:attachment":[{"href":"https:\/\/www.faopack.com\/de\/wp-json\/wp\/v2\/media?parent=847"}],"wp:term":[{"taxonomy":"product_brand","embeddable":true,"href":"https:\/\/www.faopack.com\/de\/wp-json\/wp\/v2\/product_brand?post=847"},{"taxonomy":"product_cat","embeddable":true,"href":"https:\/\/www.faopack.com\/de\/wp-json\/wp\/v2\/product_cat?post=847"},{"taxonomy":"product_tag","embeddable":true,"href":"https:\/\/www.faopack.com\/de\/wp-json\/wp\/v2\/product_tag?post=847"}],"curies":[{"name":"wp","href":"https:\/\/api.w.org\/{rel}","templated":true}]}}