{"id":849,"date":"2025-06-01T21:17:27","date_gmt":"2025-06-01T21:17:27","guid":{"rendered":"https:\/\/www.faopack.com\/product\/mb2-200-pcs\/"},"modified":"2025-11-20T21:25:42","modified_gmt":"2025-11-20T21:25:42","slug":"mb2-200-stuck","status":"publish","type":"product","link":"https:\/\/www.faopack.com\/de\/product\/mb2-200-stuck\/","title":{"rendered":"MB2 200 PCS"},"content":{"rendered":"<p>Die unterteilte Styropor-Men\u00fcbox ist die ideale L\u00f6sung f\u00fcr Restaurants, die ihren Kunden warme und frische Speisen liefern m\u00f6chten. Diese Box aus hochwertigem Styropor bietet eine hervorragende Isolierung, um die Temperatur der Speisen w\u00e4hrend des Transports konstant zu halten.<\/p>","protected":false},"excerpt":{"rendered":"<p>Verpackungen f\u00fcr Lebensmittel <\/p>","protected":false},"featured_media":791,"comment_status":"open","ping_status":"closed","template":"","meta":[],"product_brand":[75],"product_cat":[62,63],"product_tag":[],"class_list":{"0":"post-849","1":"product","2":"type-product","3":"status-publish","4":"has-post-thumbnail","6":"product_brand-faopack","7":"product_cat-packaging","8":"product_cat-plastic-box","10":"first","11":"instock","12":"taxable","13":"shipping-taxable","14":"purchasable","15":"product-type-simple"},"_links":{"self":[{"href":"https:\/\/www.faopack.com\/de\/wp-json\/wp\/v2\/product\/849","targetHints":{"allow":["GET"]}}],"collection":[{"href":"https:\/\/www.faopack.com\/de\/wp-json\/wp\/v2\/product"}],"about":[{"href":"https:\/\/www.faopack.com\/de\/wp-json\/wp\/v2\/types\/product"}],"replies":[{"embeddable":true,"href":"https:\/\/www.faopack.com\/de\/wp-json\/wp\/v2\/comments?post=849"}],"wp:featuredmedia":[{"embeddable":true,"href":"https:\/\/www.faopack.com\/de\/wp-json\/wp\/v2\/media\/791"}],"wp:attachment":[{"href":"https:\/\/www.faopack.com\/de\/wp-json\/wp\/v2\/media?parent=849"}],"wp:term":[{"taxonomy":"product_brand","embeddable":true,"href":"https:\/\/www.faopack.com\/de\/wp-json\/wp\/v2\/product_brand?post=849"},{"taxonomy":"product_cat","embeddable":true,"href":"https:\/\/www.faopack.com\/de\/wp-json\/wp\/v2\/product_cat?post=849"},{"taxonomy":"product_tag","embeddable":true,"href":"https:\/\/www.faopack.com\/de\/wp-json\/wp\/v2\/product_tag?post=849"}],"curies":[{"name":"wp","href":"https:\/\/api.w.org\/{rel}","templated":true}]}}