{"id":866,"date":"2025-06-01T21:17:30","date_gmt":"2025-06-01T21:17:30","guid":{"rendered":"https:\/\/www.faopack.com\/product\/500-cc-salata-box-500-adet\/"},"modified":"2025-11-20T21:25:42","modified_gmt":"2025-11-20T21:25:42","slug":"500-cc-salata-box-500-adet","status":"publish","type":"product","link":"https:\/\/www.faopack.com\/de\/product\/500-cc-salata-box-500-adet\/","title":{"rendered":"500CC FRUCHTSCH\u00dcSSE 1000St\u00fcck"},"content":{"rendered":"<p>Die Salatsch\u00fcssel mit Deckel in einem attraktiven Braunton und einem gro\u00dfz\u00fcgigen Fassungsverm\u00f6gen von 500 ml ist die ideale Wahl f\u00fcr Gastronomiebetriebe, die ihren Kunden gro\u00dfe und vielseitige Mahlzeiten servieren m\u00f6chten. Diese hochwertige Sch\u00fcssel aus umweltfreundlichen Materialien eignet sich sowohl f\u00fcr warme als auch f\u00fcr kalte Speisen.<\/p>","protected":false},"excerpt":{"rendered":"<p>Verpackungen f\u00fcr Lebensmittel <\/p>","protected":false},"featured_media":977,"comment_status":"open","ping_status":"closed","template":"","meta":[],"product_brand":[75],"product_cat":[62,63],"product_tag":[],"class_list":{"0":"post-866","1":"product","2":"type-product","3":"status-publish","4":"has-post-thumbnail","6":"product_brand-faopack","7":"product_cat-packaging","8":"product_cat-plastic-box","10":"first","11":"instock","12":"taxable","13":"shipping-taxable","14":"purchasable","15":"product-type-simple"},"_links":{"self":[{"href":"https:\/\/www.faopack.com\/de\/wp-json\/wp\/v2\/product\/866","targetHints":{"allow":["GET"]}}],"collection":[{"href":"https:\/\/www.faopack.com\/de\/wp-json\/wp\/v2\/product"}],"about":[{"href":"https:\/\/www.faopack.com\/de\/wp-json\/wp\/v2\/types\/product"}],"replies":[{"embeddable":true,"href":"https:\/\/www.faopack.com\/de\/wp-json\/wp\/v2\/comments?post=866"}],"wp:featuredmedia":[{"embeddable":true,"href":"https:\/\/www.faopack.com\/de\/wp-json\/wp\/v2\/media\/977"}],"wp:attachment":[{"href":"https:\/\/www.faopack.com\/de\/wp-json\/wp\/v2\/media?parent=866"}],"wp:term":[{"taxonomy":"product_brand","embeddable":true,"href":"https:\/\/www.faopack.com\/de\/wp-json\/wp\/v2\/product_brand?post=866"},{"taxonomy":"product_cat","embeddable":true,"href":"https:\/\/www.faopack.com\/de\/wp-json\/wp\/v2\/product_cat?post=866"},{"taxonomy":"product_tag","embeddable":true,"href":"https:\/\/www.faopack.com\/de\/wp-json\/wp\/v2\/product_tag?post=866"}],"curies":[{"name":"wp","href":"https:\/\/api.w.org\/{rel}","templated":true}]}}