{"id":872,"date":"2025-06-01T21:21:46","date_gmt":"2025-06-01T21:21:46","guid":{"rendered":"https:\/\/www.faopack.com\/product\/1250cc-sizdirmaz-yk\/"},"modified":"2025-11-20T21:25:38","modified_gmt":"2025-11-20T21:25:38","slug":"1250cc-sizdirmaz-yk","status":"publish","type":"product","link":"https:\/\/www.faopack.com\/de\/product\/1250cc-sizdirmaz-yk\/","title":{"rendered":"1250CC LEAK PROOF BOX HIGH STRAIGHT COVER 400pcs"},"content":{"rendered":"<p>Unsere (hohen) Beh\u00e4lter mit Klappdeckel im Home-Style-Design bieten eine praktische L\u00f6sung f\u00fcr die Gastronomie. Diese Beh\u00e4lter sind in Gr\u00f6\u00dfen von 150 ml bis 2000 ml erh\u00e4ltlich und bieten vielseitige M\u00f6glichkeiten f\u00fcr Lebensmittel, Snacks oder Portionierungen. Jede Packung enth\u00e4lt 200 Einheiten, um den Anforderungen Ihres Catering-Unternehmens gerecht zu werden. Verf\u00fcgbare Varianten: 150 ml, 250 ml, 375 ml, 500 ml, 750 ml, 1000 ml, 1250 ml, 1500 ml, 2000 ml.<\/p>","protected":false},"excerpt":{"rendered":"<p>Auslaufsichere PP-Beh\u00e4lter (Polypropylen) \u2013 200 St\u00fcck pro Packung.<\/p>","protected":false},"featured_media":974,"comment_status":"open","ping_status":"closed","template":"","meta":[],"product_brand":[75],"product_cat":[62,63],"product_tag":[],"class_list":{"0":"post-872","1":"product","2":"type-product","3":"status-publish","4":"has-post-thumbnail","6":"product_brand-faopack","7":"product_cat-packaging","8":"product_cat-plastic-box","10":"first","11":"instock","12":"taxable","13":"shipping-taxable","14":"purchasable","15":"product-type-simple"},"_links":{"self":[{"href":"https:\/\/www.faopack.com\/de\/wp-json\/wp\/v2\/product\/872","targetHints":{"allow":["GET"]}}],"collection":[{"href":"https:\/\/www.faopack.com\/de\/wp-json\/wp\/v2\/product"}],"about":[{"href":"https:\/\/www.faopack.com\/de\/wp-json\/wp\/v2\/types\/product"}],"replies":[{"embeddable":true,"href":"https:\/\/www.faopack.com\/de\/wp-json\/wp\/v2\/comments?post=872"}],"wp:featuredmedia":[{"embeddable":true,"href":"https:\/\/www.faopack.com\/de\/wp-json\/wp\/v2\/media\/974"}],"wp:attachment":[{"href":"https:\/\/www.faopack.com\/de\/wp-json\/wp\/v2\/media?parent=872"}],"wp:term":[{"taxonomy":"product_brand","embeddable":true,"href":"https:\/\/www.faopack.com\/de\/wp-json\/wp\/v2\/product_brand?post=872"},{"taxonomy":"product_cat","embeddable":true,"href":"https:\/\/www.faopack.com\/de\/wp-json\/wp\/v2\/product_cat?post=872"},{"taxonomy":"product_tag","embeddable":true,"href":"https:\/\/www.faopack.com\/de\/wp-json\/wp\/v2\/product_tag?post=872"}],"curies":[{"name":"wp","href":"https:\/\/api.w.org\/{rel}","templated":true}]}}