{"id":884,"date":"2025-06-01T21:21:48","date_gmt":"2025-06-01T21:21:48","guid":{"rendered":"https:\/\/www.faopack.com\/product\/microdalga-2-bolme-200-adet\/"},"modified":"2025-11-20T22:05:49","modified_gmt":"2025-11-20T22:05:49","slug":"microdalga-2-bolme-200-adet","status":"publish","type":"product","link":"https:\/\/www.faopack.com\/de\/product\/microdalga-2-bolme-200-adet\/","title":{"rendered":"BOX-MIKROWELLE MIT 2 F\u00c4CHERN"},"content":{"rendered":"<p>Unsere Gastronomiebeh\u00e4lter mit Deckel bieten eine praktische L\u00f6sung f\u00fcr die Gastronomie und sind f\u00fcr die Verwendung in der Mikrowelle geeignet, sodass Sie Ihre Speisen sp\u00e4ter wieder aufw\u00e4rmen k\u00f6nnen. Diese Beh\u00e4lter sind in Gr\u00f6\u00dfen von 150 ml bis 2000 ml erh\u00e4ltlich und bieten vielseitige M\u00f6glichkeiten f\u00fcr Speisen, Snacks oder Portionierungen. Jede Packung enth\u00e4lt 200 St\u00fcck, um den Anforderungen Ihres Gastronomiebetriebs gerecht zu werden. Erh\u00e4ltliche Varianten: einteilig, zweiteilig und dreiteilig.<\/p>","protected":false},"excerpt":{"rendered":"<p>Auslaufsichere PP-Beh\u00e4lter (Polypropylen) mit Deckel \u2013 200 St\u00fcck pro Packung.<\/p>","protected":false},"featured_media":970,"comment_status":"open","ping_status":"closed","template":"","meta":[],"product_brand":[75],"product_cat":[62,63],"product_tag":[],"class_list":{"0":"post-884","1":"product","2":"type-product","3":"status-publish","4":"has-post-thumbnail","6":"product_brand-faopack","7":"product_cat-packaging","8":"product_cat-plastic-box","10":"first","11":"instock","12":"taxable","13":"shipping-taxable","14":"purchasable","15":"product-type-simple"},"_links":{"self":[{"href":"https:\/\/www.faopack.com\/de\/wp-json\/wp\/v2\/product\/884","targetHints":{"allow":["GET"]}}],"collection":[{"href":"https:\/\/www.faopack.com\/de\/wp-json\/wp\/v2\/product"}],"about":[{"href":"https:\/\/www.faopack.com\/de\/wp-json\/wp\/v2\/types\/product"}],"replies":[{"embeddable":true,"href":"https:\/\/www.faopack.com\/de\/wp-json\/wp\/v2\/comments?post=884"}],"wp:featuredmedia":[{"embeddable":true,"href":"https:\/\/www.faopack.com\/de\/wp-json\/wp\/v2\/media\/970"}],"wp:attachment":[{"href":"https:\/\/www.faopack.com\/de\/wp-json\/wp\/v2\/media?parent=884"}],"wp:term":[{"taxonomy":"product_brand","embeddable":true,"href":"https:\/\/www.faopack.com\/de\/wp-json\/wp\/v2\/product_brand?post=884"},{"taxonomy":"product_cat","embeddable":true,"href":"https:\/\/www.faopack.com\/de\/wp-json\/wp\/v2\/product_cat?post=884"},{"taxonomy":"product_tag","embeddable":true,"href":"https:\/\/www.faopack.com\/de\/wp-json\/wp\/v2\/product_tag?post=884"}],"curies":[{"name":"wp","href":"https:\/\/api.w.org\/{rel}","templated":true}]}}