{"id":887,"date":"2025-06-01T21:21:48","date_gmt":"2025-06-01T21:21:48","guid":{"rendered":"https:\/\/www.faopack.com\/product\/footed-kap-200-cc\/"},"modified":"2025-11-20T21:25:37","modified_gmt":"2025-11-20T21:25:37","slug":"kap-mit-fusen-200-cc","status":"publish","type":"product","link":"https:\/\/www.faopack.com\/de\/product\/kap-mit-fusen-200-cc\/","title":{"rendered":"Becher mit Fu\u00df 200 ml"},"content":{"rendered":"<p>Unsere Beh\u00e4lter im Gastronomie-Stil bieten eine praktische L\u00f6sung f\u00fcr die Gastronomie. Diese Beh\u00e4lter sind in Gr\u00f6\u00dfen bis zu 200 ml erh\u00e4ltlich und eignen sich f\u00fcr die Zubereitung von Einzelportionen von Pudding, Kuchen und Geb\u00e4ck in B\u00e4ckereien und Restaurants. Sie bieten praktische Pr\u00e4sentationsm\u00f6glichkeiten. Jede Packung enth\u00e4lt 1.000 St\u00fcck, um den Anforderungen Ihres Gastronomiebetriebs gerecht zu werden. Es sind verschiedene Optionen erh\u00e4ltlich.<\/p>","protected":false},"excerpt":{"rendered":"<p>Auslaufsichere PP-Boxen (Polypropylen) f\u00fcr Kuchen \u2013 1000 St\u00fcck pro Packung.<\/p>","protected":false},"featured_media":791,"comment_status":"open","ping_status":"closed","template":"","meta":[],"product_brand":[75],"product_cat":[62,63],"product_tag":[],"class_list":{"0":"post-887","1":"product","2":"type-product","3":"status-publish","4":"has-post-thumbnail","6":"product_brand-faopack","7":"product_cat-packaging","8":"product_cat-plastic-box","10":"first","11":"instock","12":"taxable","13":"shipping-taxable","14":"purchasable","15":"product-type-simple"},"_links":{"self":[{"href":"https:\/\/www.faopack.com\/de\/wp-json\/wp\/v2\/product\/887","targetHints":{"allow":["GET"]}}],"collection":[{"href":"https:\/\/www.faopack.com\/de\/wp-json\/wp\/v2\/product"}],"about":[{"href":"https:\/\/www.faopack.com\/de\/wp-json\/wp\/v2\/types\/product"}],"replies":[{"embeddable":true,"href":"https:\/\/www.faopack.com\/de\/wp-json\/wp\/v2\/comments?post=887"}],"wp:featuredmedia":[{"embeddable":true,"href":"https:\/\/www.faopack.com\/de\/wp-json\/wp\/v2\/media\/791"}],"wp:attachment":[{"href":"https:\/\/www.faopack.com\/de\/wp-json\/wp\/v2\/media?parent=887"}],"wp:term":[{"taxonomy":"product_brand","embeddable":true,"href":"https:\/\/www.faopack.com\/de\/wp-json\/wp\/v2\/product_brand?post=887"},{"taxonomy":"product_cat","embeddable":true,"href":"https:\/\/www.faopack.com\/de\/wp-json\/wp\/v2\/product_cat?post=887"},{"taxonomy":"product_tag","embeddable":true,"href":"https:\/\/www.faopack.com\/de\/wp-json\/wp\/v2\/product_tag?post=887"}],"curies":[{"name":"wp","href":"https:\/\/api.w.org\/{rel}","templated":true}]}}