{"id":890,"date":"2025-06-01T21:21:49","date_gmt":"2025-06-01T21:21:49","guid":{"rendered":"https:\/\/www.faopack.com\/product\/aluminyum-folyo-700-gr-30-cm-4-rulo-karton\/"},"modified":"2025-11-20T21:25:40","modified_gmt":"2025-11-20T21:25:40","slug":"aluminyum-folyo-700-gr-30-cm-4-rulo-karton","status":"publish","type":"product","link":"https:\/\/www.faopack.com\/de\/product\/aluminyum-folyo-700-gr-30-cm-4-rulo-karton\/","title":{"rendered":"Alu-Folie Role 700 gr."},"content":{"rendered":"<p>Unsere rei\u00dffeste und strapazierf\u00e4hige Aluminiumfolie eignet sich dank ihrer robusten Struktur und hervorragenden W\u00e4rmeisolierung perfekt zum sicheren Verpacken und Warmhalten von Lebensmitteln. Sie ist ideal f\u00fcr die Gastronomie, das Catering und den privaten Gebrauch.<\/p>","protected":false},"excerpt":{"rendered":"<p>11-12-14 Mikron<\/p>","protected":false},"featured_media":967,"comment_status":"open","ping_status":"closed","template":"","meta":[],"product_brand":[75],"product_cat":[62,63],"product_tag":[],"class_list":{"0":"post-890","1":"product","2":"type-product","3":"status-publish","4":"has-post-thumbnail","6":"product_brand-faopack","7":"product_cat-packaging","8":"product_cat-plastic-box","10":"first","11":"instock","12":"taxable","13":"shipping-taxable","14":"purchasable","15":"product-type-simple"},"_links":{"self":[{"href":"https:\/\/www.faopack.com\/de\/wp-json\/wp\/v2\/product\/890","targetHints":{"allow":["GET"]}}],"collection":[{"href":"https:\/\/www.faopack.com\/de\/wp-json\/wp\/v2\/product"}],"about":[{"href":"https:\/\/www.faopack.com\/de\/wp-json\/wp\/v2\/types\/product"}],"replies":[{"embeddable":true,"href":"https:\/\/www.faopack.com\/de\/wp-json\/wp\/v2\/comments?post=890"}],"wp:featuredmedia":[{"embeddable":true,"href":"https:\/\/www.faopack.com\/de\/wp-json\/wp\/v2\/media\/967"}],"wp:attachment":[{"href":"https:\/\/www.faopack.com\/de\/wp-json\/wp\/v2\/media?parent=890"}],"wp:term":[{"taxonomy":"product_brand","embeddable":true,"href":"https:\/\/www.faopack.com\/de\/wp-json\/wp\/v2\/product_brand?post=890"},{"taxonomy":"product_cat","embeddable":true,"href":"https:\/\/www.faopack.com\/de\/wp-json\/wp\/v2\/product_cat?post=890"},{"taxonomy":"product_tag","embeddable":true,"href":"https:\/\/www.faopack.com\/de\/wp-json\/wp\/v2\/product_tag?post=890"}],"curies":[{"name":"wp","href":"https:\/\/api.w.org\/{rel}","templated":true}]}}