{"id":895,"date":"2025-06-01T21:21:50","date_gmt":"2025-06-01T21:21:50","guid":{"rendered":"https:\/\/www.faopack.com\/product\/tragetache-bio-48cm-5kg\/"},"modified":"2025-11-20T21:25:35","modified_gmt":"2025-11-20T21:25:35","slug":"tragetasche-bio-48cm-5kg","status":"publish","type":"product","link":"https:\/\/www.faopack.com\/de\/product\/tragetasche-bio-48cm-5kg\/","title":{"rendered":"Tragetasche BIO 48cm 5KG"},"content":{"rendered":"<p>Unsere extra starken Shirt-Tragetaschen sind nicht nur ideal f\u00fcr den t\u00e4glichen Gebrauch, sondern auch f\u00fcr den Einzelhandel! Diese Tragetaschen vereinen Stil, Funktionalit\u00e4t und Umweltbewusstsein und bieten eine perfekte L\u00f6sung f\u00fcr den t\u00e4glichen Gebrauch.<\/p>","protected":false},"excerpt":{"rendered":"<p>Tragetasche 7 kg<\/p>","protected":false},"featured_media":965,"comment_status":"open","ping_status":"closed","template":"","meta":[],"product_brand":[75],"product_cat":[62,63],"product_tag":[],"class_list":{"0":"post-895","1":"product","2":"type-product","3":"status-publish","4":"has-post-thumbnail","6":"product_brand-faopack","7":"product_cat-packaging","8":"product_cat-plastic-box","10":"first","11":"instock","12":"taxable","13":"shipping-taxable","14":"purchasable","15":"product-type-simple"},"_links":{"self":[{"href":"https:\/\/www.faopack.com\/de\/wp-json\/wp\/v2\/product\/895","targetHints":{"allow":["GET"]}}],"collection":[{"href":"https:\/\/www.faopack.com\/de\/wp-json\/wp\/v2\/product"}],"about":[{"href":"https:\/\/www.faopack.com\/de\/wp-json\/wp\/v2\/types\/product"}],"replies":[{"embeddable":true,"href":"https:\/\/www.faopack.com\/de\/wp-json\/wp\/v2\/comments?post=895"}],"wp:featuredmedia":[{"embeddable":true,"href":"https:\/\/www.faopack.com\/de\/wp-json\/wp\/v2\/media\/965"}],"wp:attachment":[{"href":"https:\/\/www.faopack.com\/de\/wp-json\/wp\/v2\/media?parent=895"}],"wp:term":[{"taxonomy":"product_brand","embeddable":true,"href":"https:\/\/www.faopack.com\/de\/wp-json\/wp\/v2\/product_brand?post=895"},{"taxonomy":"product_cat","embeddable":true,"href":"https:\/\/www.faopack.com\/de\/wp-json\/wp\/v2\/product_cat?post=895"},{"taxonomy":"product_tag","embeddable":true,"href":"https:\/\/www.faopack.com\/de\/wp-json\/wp\/v2\/product_tag?post=895"}],"curies":[{"name":"wp","href":"https:\/\/api.w.org\/{rel}","templated":true}]}}