{"id":904,"date":"2025-06-01T21:21:51","date_gmt":"2025-06-01T21:21:51","guid":{"rendered":"https:\/\/www.faopack.com\/product\/hamburger-box-buyuk-boy-1000-pcs\/"},"modified":"2025-11-20T22:03:45","modified_gmt":"2025-11-20T22:03:45","slug":"hamburger-box-buyuk-boy-1000-stuck","status":"publish","type":"product","link":"https:\/\/www.faopack.com\/de\/product\/hamburger-box-buyuk-boy-1000-stuck\/","title":{"rendered":"Hamburger Large Box 11,5\u00d711,5 cm 300St\u00fcck"},"content":{"rendered":"<p>In unserem Unternehmen in der Slowakei werden unsere Hamburgerboxen aus fettbest\u00e4ndiger, lebensmittelechter Pappe hergestellt und eignen sich ideal f\u00fcr die Verpackung von Hamburgern verschiedener Gr\u00f6\u00dfen und anderen Burgerkreationen. Das Material ist auch f\u00fcr die Verwendung in Mikrowellen und K\u00fchlschr\u00e4nken geeignet. Diese praktische Verpackung zum Mitnehmen eignet sich nicht nur perfekt f\u00fcr Burger, sondern auch f\u00fcr Pommes frites und andere Fast-Food-Spezialit\u00e4ten. Eine individuelle Produktion in beliebigen Gr\u00f6\u00dfen und Abmessungen mit Ihrem Firmenlogo und Aufdruck ist m\u00f6glich.<\/p>","protected":false},"excerpt":{"rendered":"<p>Handwerk f\u00fcr Lebensmittelverpackungen<\/p>","protected":false},"featured_media":963,"comment_status":"open","ping_status":"closed","template":"","meta":[],"product_brand":[75],"product_cat":[62,63],"product_tag":[],"class_list":{"0":"post-904","1":"product","2":"type-product","3":"status-publish","4":"has-post-thumbnail","6":"product_brand-faopack","7":"product_cat-packaging","8":"product_cat-plastic-box","10":"first","11":"instock","12":"taxable","13":"shipping-taxable","14":"purchasable","15":"product-type-simple"},"_links":{"self":[{"href":"https:\/\/www.faopack.com\/de\/wp-json\/wp\/v2\/product\/904","targetHints":{"allow":["GET"]}}],"collection":[{"href":"https:\/\/www.faopack.com\/de\/wp-json\/wp\/v2\/product"}],"about":[{"href":"https:\/\/www.faopack.com\/de\/wp-json\/wp\/v2\/types\/product"}],"replies":[{"embeddable":true,"href":"https:\/\/www.faopack.com\/de\/wp-json\/wp\/v2\/comments?post=904"}],"wp:featuredmedia":[{"embeddable":true,"href":"https:\/\/www.faopack.com\/de\/wp-json\/wp\/v2\/media\/963"}],"wp:attachment":[{"href":"https:\/\/www.faopack.com\/de\/wp-json\/wp\/v2\/media?parent=904"}],"wp:term":[{"taxonomy":"product_brand","embeddable":true,"href":"https:\/\/www.faopack.com\/de\/wp-json\/wp\/v2\/product_brand?post=904"},{"taxonomy":"product_cat","embeddable":true,"href":"https:\/\/www.faopack.com\/de\/wp-json\/wp\/v2\/product_cat?post=904"},{"taxonomy":"product_tag","embeddable":true,"href":"https:\/\/www.faopack.com\/de\/wp-json\/wp\/v2\/product_tag?post=904"}],"curies":[{"name":"wp","href":"https:\/\/api.w.org\/{rel}","templated":true}]}}