{"id":916,"date":"2025-06-01T21:21:53","date_gmt":"2025-06-01T21:21:53","guid":{"rendered":"https:\/\/www.faopack.com\/product\/papteller-23cm-6250-adet\/"},"modified":"2025-11-20T22:03:48","modified_gmt":"2025-11-20T22:03:48","slug":"papteller-23cm-6250-adet","status":"publish","type":"product","link":"https:\/\/www.faopack.com\/de\/product\/papteller-23cm-6250-adet\/","title":{"rendered":"Pappteller 23 cm, 500 St\u00fcck, wei\u00df"},"content":{"rendered":"<p>Umweltfreundliche Pappteller eignen sich ideal f\u00fcr Snacks, Hauptgerichte oder Desserts. Sie sind perfekt f\u00fcr Veranstaltungen, Catering und den t\u00e4glichen Gebrauch. Dank ihrer robusten Konstruktion k\u00f6nnen die Teller sicher verwendet werden, w\u00e4hrend ihr umweltfreundliches Material Ihre Vorliebe f\u00fcr Nachhaltigkeit unterstreicht.<\/p>","protected":false},"excerpt":{"rendered":"<p>Verpackungen f\u00fcr Lebensmittel <\/p>","protected":false},"featured_media":958,"comment_status":"open","ping_status":"closed","template":"","meta":[],"product_brand":[75],"product_cat":[62,63],"product_tag":[],"class_list":{"0":"post-916","1":"product","2":"type-product","3":"status-publish","4":"has-post-thumbnail","6":"product_brand-faopack","7":"product_cat-packaging","8":"product_cat-plastic-box","10":"first","11":"instock","12":"taxable","13":"shipping-taxable","14":"purchasable","15":"product-type-simple"},"_links":{"self":[{"href":"https:\/\/www.faopack.com\/de\/wp-json\/wp\/v2\/product\/916","targetHints":{"allow":["GET"]}}],"collection":[{"href":"https:\/\/www.faopack.com\/de\/wp-json\/wp\/v2\/product"}],"about":[{"href":"https:\/\/www.faopack.com\/de\/wp-json\/wp\/v2\/types\/product"}],"replies":[{"embeddable":true,"href":"https:\/\/www.faopack.com\/de\/wp-json\/wp\/v2\/comments?post=916"}],"wp:featuredmedia":[{"embeddable":true,"href":"https:\/\/www.faopack.com\/de\/wp-json\/wp\/v2\/media\/958"}],"wp:attachment":[{"href":"https:\/\/www.faopack.com\/de\/wp-json\/wp\/v2\/media?parent=916"}],"wp:term":[{"taxonomy":"product_brand","embeddable":true,"href":"https:\/\/www.faopack.com\/de\/wp-json\/wp\/v2\/product_brand?post=916"},{"taxonomy":"product_cat","embeddable":true,"href":"https:\/\/www.faopack.com\/de\/wp-json\/wp\/v2\/product_cat?post=916"},{"taxonomy":"product_tag","embeddable":true,"href":"https:\/\/www.faopack.com\/de\/wp-json\/wp\/v2\/product_tag?post=916"}],"curies":[{"name":"wp","href":"https:\/\/api.w.org\/{rel}","templated":true}]}}