{"id":921,"date":"2025-06-01T21:21:55","date_gmt":"2025-06-01T21:21:55","guid":{"rendered":"https:\/\/www.faopack.com\/product\/1300cc-salata-box-300-adet\/"},"modified":"2025-11-20T22:03:50","modified_gmt":"2025-11-20T22:03:50","slug":"1300cc-salata-box-300-adet","status":"publish","type":"product","link":"https:\/\/www.faopack.com\/de\/product\/1300cc-salata-box-300-adet\/","title":{"rendered":"1300cc Salatbox 200pcs Craft"},"content":{"rendered":"<p>Die Salatsch\u00fcssel mit Deckel, die sich durch einen attraktiven Braunton und ein gro\u00dfz\u00fcgiges Fassungsverm\u00f6gen von 1300 ml auszeichnet, ist die ideale Wahl f\u00fcr Catering-Unternehmen, die ihren Kunden gro\u00dfformatige und vielseitige Mahlzeiten anbieten m\u00f6chten. Diese hochwertige Sch\u00fcssel aus umweltfreundlichem Material eignet sich besonders gut f\u00fcr die Servierung von warmen und kalten Speisen.<\/p>","protected":false},"excerpt":{"rendered":"<p>Verpackungen f\u00fcr Lebensmittel <\/p>","protected":false},"featured_media":953,"comment_status":"open","ping_status":"closed","template":"","meta":[],"product_brand":[75],"product_cat":[62,63],"product_tag":[],"class_list":{"0":"post-921","1":"product","2":"type-product","3":"status-publish","4":"has-post-thumbnail","6":"product_brand-faopack","7":"product_cat-packaging","8":"product_cat-plastic-box","10":"first","11":"instock","12":"taxable","13":"shipping-taxable","14":"purchasable","15":"product-type-simple"},"_links":{"self":[{"href":"https:\/\/www.faopack.com\/de\/wp-json\/wp\/v2\/product\/921","targetHints":{"allow":["GET"]}}],"collection":[{"href":"https:\/\/www.faopack.com\/de\/wp-json\/wp\/v2\/product"}],"about":[{"href":"https:\/\/www.faopack.com\/de\/wp-json\/wp\/v2\/types\/product"}],"replies":[{"embeddable":true,"href":"https:\/\/www.faopack.com\/de\/wp-json\/wp\/v2\/comments?post=921"}],"wp:featuredmedia":[{"embeddable":true,"href":"https:\/\/www.faopack.com\/de\/wp-json\/wp\/v2\/media\/953"}],"wp:attachment":[{"href":"https:\/\/www.faopack.com\/de\/wp-json\/wp\/v2\/media?parent=921"}],"wp:term":[{"taxonomy":"product_brand","embeddable":true,"href":"https:\/\/www.faopack.com\/de\/wp-json\/wp\/v2\/product_brand?post=921"},{"taxonomy":"product_cat","embeddable":true,"href":"https:\/\/www.faopack.com\/de\/wp-json\/wp\/v2\/product_cat?post=921"},{"taxonomy":"product_tag","embeddable":true,"href":"https:\/\/www.faopack.com\/de\/wp-json\/wp\/v2\/product_tag?post=921"}],"curies":[{"name":"wp","href":"https:\/\/api.w.org\/{rel}","templated":true}]}}