{"id":163,"date":"2025-03-18T17:05:03","date_gmt":"2025-03-18T17:05:03","guid":{"rendered":"https:\/\/www.faopack.com\/?page_id=163"},"modified":"2025-11-21T01:08:48","modified_gmt":"2025-11-21T01:08:48","slug":"o-nas","status":"publish","type":"page","link":"https:\/\/www.faopack.com\/sk\/o-nas\/","title":{"rendered":"O n\u00e1s"},"content":{"rendered":"<div data-elementor-type=\"wp-page\" data-elementor-id=\"163\" class=\"elementor elementor-163\" data-elementor-post-type=\"page\">\n\t\t\t\t<div class=\"elementor-element elementor-element-2df919b e-flex e-con-boxed e-con e-parent\" data-id=\"2df919b\" data-element_type=\"container\" data-settings=\"{&quot;background_background&quot;:&quot;classic&quot;,&quot;background_motion_fx_motion_fx_scrolling&quot;:&quot;yes&quot;,&quot;background_motion_fx_translateY_effect&quot;:&quot;yes&quot;,&quot;background_motion_fx_translateY_speed&quot;:{&quot;unit&quot;:&quot;px&quot;,&quot;size&quot;:6,&quot;sizes&quot;:[]},&quot;background_motion_fx_blur_effect&quot;:&quot;yes&quot;,&quot;background_motion_fx_blur_direction&quot;:&quot;in-out&quot;,&quot;background_motion_fx_blur_level&quot;:{&quot;unit&quot;:&quot;px&quot;,&quot;size&quot;:4,&quot;sizes&quot;:[]},&quot;background_motion_fx_blur_range&quot;:{&quot;unit&quot;:&quot;%&quot;,&quot;size&quot;:&quot;&quot;,&quot;sizes&quot;:{&quot;start&quot;:25,&quot;end&quot;:100}},&quot;background_motion_fx_range&quot;:&quot;viewport&quot;,&quot;shape_divider_bottom&quot;:&quot;opacity-tilt&quot;,&quot;background_motion_fx_translateY_affectedRange&quot;:{&quot;unit&quot;:&quot;%&quot;,&quot;size&quot;:&quot;&quot;,&quot;sizes&quot;:{&quot;start&quot;:0,&quot;end&quot;:100}},&quot;background_motion_fx_devices&quot;:[&quot;desktop&quot;,&quot;tablet&quot;,&quot;mobile&quot;]}\">\n\t\t\t\t\t<div class=\"e-con-inner\">\n\t\t\t\t<div class=\"elementor-shape elementor-shape-bottom\" aria-hidden=\"true\" data-negative=\"false\">\n\t\t\t<svg xmlns=\"http:\/\/www.w3.org\/2000\/svg\" viewbox=\"0 0 2600 131.1\" preserveaspectratio=\"none\">\n\t<path class=\"elementor-shape-fill\" d=\"M0 0L2600 0 2600 69.1 0 0z\"\/>\n\t<path class=\"elementor-shape-fill\" style=\"opacity:0.5\" d=\"M0 0L2600 0 2600 69.1 0 69.1z\"\/>\n\t<path class=\"elementor-shape-fill\" style=\"opacity:0.25\" d=\"M2600 0L0 0 0 130.1 2600 69.1z\"\/>\n<\/svg>\t\t<\/div>\n\t\t\t\t<div class=\"elementor-element elementor-element-1679bbd elementor-widget__width-auto elementor-widget elementor-widget-woocommerce-breadcrumb\" data-id=\"1679bbd\" data-element_type=\"widget\" data-widget_type=\"woocommerce-breadcrumb.default\">\n\t\t\t\t<div class=\"elementor-widget-container\">\n\t\t\t\t\t<nav class=\"woocommerce-breadcrumb\" aria-label=\"Breadcrumb\" data-no-translation=\"\" data-trp-gettext=\"\">Domov<\/nav>\t\t\t\t<\/div>\n\t\t\t\t<\/div>\n\t\t\t\t<div class=\"elementor-element elementor-element-14ef58b elementor-widget elementor-widget-heading\" data-id=\"14ef58b\" data-element_type=\"widget\" data-widget_type=\"heading.default\">\n\t\t\t\t<div class=\"elementor-widget-container\">\n\t\t\t\t\t<h1 class=\"elementor-heading-title elementor-size-default\">O n\u00e1s<\/h1>\t\t\t\t<\/div>\n\t\t\t\t<\/div>\n\t\t\t\t\t<\/div>\n\t\t\t\t<\/div>\n\t\t<div class=\"elementor-element elementor-element-beff0d9 e-flex e-con-boxed e-con e-parent\" data-id=\"beff0d9\" data-element_type=\"container\" id=\"comp-profile\">\n\t\t\t\t\t<div class=\"e-con-inner\">\n\t\t<div class=\"elementor-element elementor-element-7430a70 e-con-full e-flex e-con e-child\" data-id=\"7430a70\" data-element_type=\"container\">\n\t\t<div class=\"elementor-element elementor-element-365577b e-con-full e-flex e-con e-child\" data-id=\"365577b\" data-element_type=\"container\" data-settings=\"{&quot;sticky&quot;:&quot;top&quot;,&quot;sticky_offset&quot;:100,&quot;sticky_parent&quot;:&quot;yes&quot;,&quot;sticky_on&quot;:[&quot;desktop&quot;,&quot;tablet&quot;,&quot;mobile&quot;],&quot;sticky_effects_offset&quot;:0,&quot;sticky_anchor_link_offset&quot;:0}\">\n\t\t<div class=\"elementor-element elementor-element-749b0ed e-con-full e-flex e-con e-child\" data-id=\"749b0ed\" data-element_type=\"container\" data-settings=\"{&quot;background_background&quot;:&quot;classic&quot;}\">\n\t\t\t\t<div class=\"elementor-element elementor-element-bc4302c elementor-widget elementor-widget-heading\" data-id=\"bc4302c\" data-element_type=\"widget\" data-widget_type=\"heading.default\">\n\t\t\t\t<div class=\"elementor-widget-container\">\n\t\t\t\t\t<h4 class=\"elementor-heading-title elementor-size-default\">Navig\u00e1cia na str\u00e1nke<\/h4>\t\t\t\t<\/div>\n\t\t\t\t<\/div>\n\t\t\t\t<div class=\"elementor-element elementor-element-cbfae79 elementor-icon-list--layout-traditional elementor-list-item-link-full_width elementor-widget elementor-widget-icon-list\" data-id=\"cbfae79\" data-element_type=\"widget\" data-widget_type=\"icon-list.default\">\n\t\t\t\t<div class=\"elementor-widget-container\">\n\t\t\t\t\t\t\t<ul class=\"elementor-icon-list-items\">\n\t\t\t\t\t\t\t<li class=\"elementor-icon-list-item\">\n\t\t\t\t\t\t\t\t\t\t\t<a href=\"#comp-profile\">\n\n\t\t\t\t\t\t\t\t\t\t\t\t<span class=\"elementor-icon-list-icon\">\n\t\t\t\t\t\t\t<i aria-hidden=\"true\" class=\"uiconrr uiconrr-fi-rr-scale-comparison\"><\/i>\t\t\t\t\t\t<\/span>\n\t\t\t\t\t\t\t\t\t\t<span class=\"elementor-icon-list-text\">Profil spolo\u010dnosti<\/span>\n\t\t\t\t\t\t\t\t\t\t\t<\/a>\n\t\t\t\t\t\t\t\t\t<\/li>\n\t\t\t\t\t\t\t\t<li class=\"elementor-icon-list-item\">\n\t\t\t\t\t\t\t\t\t\t\t<a href=\"#mission\">\n\n\t\t\t\t\t\t\t\t\t\t\t\t<span class=\"elementor-icon-list-icon\">\n\t\t\t\t\t\t\t<i aria-hidden=\"true\" class=\"uiconrr uiconrr-fi-rr-story-fantasy\"><\/i>\t\t\t\t\t\t<\/span>\n\t\t\t\t\t\t\t\t\t\t<span class=\"elementor-icon-list-text\">Misia<\/span>\n\t\t\t\t\t\t\t\t\t\t\t<\/a>\n\t\t\t\t\t\t\t\t\t<\/li>\n\t\t\t\t\t\t\t\t<li class=\"elementor-icon-list-item\">\n\t\t\t\t\t\t\t\t\t\t\t<a href=\"#vision\">\n\n\t\t\t\t\t\t\t\t\t\t\t\t<span class=\"elementor-icon-list-icon\">\n\t\t\t\t\t\t\t<i aria-hidden=\"true\" class=\"uiconrr uiconrr-fi-rr-eye-arrow-progress\"><\/i>\t\t\t\t\t\t<\/span>\n\t\t\t\t\t\t\t\t\t\t<span class=\"elementor-icon-list-text\">V\u00edzia<\/span>\n\t\t\t\t\t\t\t\t\t\t\t<\/a>\n\t\t\t\t\t\t\t\t\t<\/li>\n\t\t\t\t\t\t<\/ul>\n\t\t\t\t\t\t<\/div>\n\t\t\t\t<\/div>\n\t\t\t\t<\/div>\n\t\t<div class=\"elementor-element elementor-element-0267232 e-con-full e-flex e-con e-child\" data-id=\"0267232\" data-element_type=\"container\" data-settings=\"{&quot;background_background&quot;:&quot;classic&quot;}\">\n\t\t\t\t<div class=\"elementor-element elementor-element-a87f429 elementor-widget elementor-widget-heading\" data-id=\"a87f429\" data-element_type=\"widget\" data-widget_type=\"heading.default\">\n\t\t\t\t<div class=\"elementor-widget-container\">\n\t\t\t\t\t<h4 class=\"elementor-heading-title elementor-size-default\">Udr\u017eate\u013enos\u0165<\/h4>\t\t\t\t<\/div>\n\t\t\t\t<\/div>\n\t\t\t\t<div class=\"elementor-element elementor-element-f86cb3d elementor-icon-list--layout-traditional elementor-list-item-link-full_width elementor-widget elementor-widget-icon-list\" data-id=\"f86cb3d\" data-element_type=\"widget\" data-widget_type=\"icon-list.default\">\n\t\t\t\t<div class=\"elementor-widget-container\">\n\t\t\t\t\t\t\t<ul class=\"elementor-icon-list-items\">\n\t\t\t\t\t\t\t<li class=\"elementor-icon-list-item\">\n\t\t\t\t\t\t\t\t\t\t\t<a href=\"\/sk\/udrzatelnost\/#approach\">\n\n\t\t\t\t\t\t\t\t\t\t\t\t<span class=\"elementor-icon-list-icon\">\n\t\t\t\t\t\t\t<i aria-hidden=\"true\" class=\"uiconrr uiconrr-fi-rr-three-leaf-clover\"><\/i>\t\t\t\t\t\t<\/span>\n\t\t\t\t\t\t\t\t\t\t<span class=\"elementor-icon-list-text\">N\u00e1\u0161 pr\u00edstup<\/span>\n\t\t\t\t\t\t\t\t\t\t\t<\/a>\n\t\t\t\t\t\t\t\t\t<\/li>\n\t\t\t\t\t\t\t\t<li class=\"elementor-icon-list-item\">\n\t\t\t\t\t\t\t\t\t\t\t<a href=\"\/sk\/udrzatelnost\/#activities\">\n\n\t\t\t\t\t\t\t\t\t\t\t\t<span class=\"elementor-icon-list-icon\">\n\t\t\t\t\t\t\t<i aria-hidden=\"true\" class=\"uiconrr uiconrr-fi-rr-leaf-heart\"><\/i>\t\t\t\t\t\t<\/span>\n\t\t\t\t\t\t\t\t\t\t<span class=\"elementor-icon-list-text\">Na\u0161e aktivity<\/span>\n\t\t\t\t\t\t\t\t\t\t\t<\/a>\n\t\t\t\t\t\t\t\t\t<\/li>\n\t\t\t\t\t\t\t\t<li class=\"elementor-icon-list-item\">\n\t\t\t\t\t\t\t\t\t\t\t<a href=\"\/sk\/udrzatelnost\/#spackaging\">\n\n\t\t\t\t\t\t\t\t\t\t\t\t<span class=\"elementor-icon-list-icon\">\n\t\t\t\t\t\t\t<i aria-hidden=\"true\" class=\"uiconrr uiconrr-fi-rr-badge-leaf\"><\/i>\t\t\t\t\t\t<\/span>\n\t\t\t\t\t\t\t\t\t\t<span class=\"elementor-icon-list-text\">Udr\u017eate\u013en\u00e9 obaly<\/span>\n\t\t\t\t\t\t\t\t\t\t\t<\/a>\n\t\t\t\t\t\t\t\t\t<\/li>\n\t\t\t\t\t\t<\/ul>\n\t\t\t\t\t\t<\/div>\n\t\t\t\t<\/div>\n\t\t\t\t<\/div>\n\t\t\t\t<div class=\"elementor-element elementor-element-a95330b elementor-widget elementor-widget-button\" data-id=\"a95330b\" data-element_type=\"widget\" data-widget_type=\"button.default\">\n\t\t\t\t<div class=\"elementor-widget-container\">\n\t\t\t\t\t\t\t\t\t<div class=\"elementor-button-wrapper\">\n\t\t\t\t\t<a class=\"elementor-button elementor-button-link elementor-size-sm\" href=\"\/sk\/kontakt\/\">\n\t\t\t\t\t\t<span class=\"elementor-button-content-wrapper\">\n\t\t\t\t\t\t<span class=\"elementor-button-icon\">\n\t\t\t\t<i aria-hidden=\"true\" class=\"uiconrr uiconrr-fi-rr-phone-call\"><\/i>\t\t\t<\/span>\n\t\t\t\t\t\t\t\t\t<span class=\"elementor-button-text\">Oslovte n\u00e1s<\/span>\n\t\t\t\t\t<\/span>\n\t\t\t\t\t<\/a>\n\t\t\t\t<\/div>\n\t\t\t\t\t\t\t\t<\/div>\n\t\t\t\t<\/div>\n\t\t\t\t<\/div>\n\t\t\t\t<\/div>\n\t\t<div class=\"elementor-element elementor-element-56defea e-con-full e-flex e-con e-child\" data-id=\"56defea\" data-element_type=\"container\">\n\t\t\t\t<div class=\"elementor-element elementor-element-b6f6d6e elementor-widget elementor-widget-heading\" data-id=\"b6f6d6e\" data-element_type=\"widget\" data-widget_type=\"heading.default\">\n\t\t\t\t<div class=\"elementor-widget-container\">\n\t\t\t\t\t<h2 class=\"elementor-heading-title elementor-size-default\">Profil spolo\u010dnosti<\/h2>\t\t\t\t<\/div>\n\t\t\t\t<\/div>\n\t\t\t\t<div class=\"elementor-element elementor-element-71d97d0 elementor-widget elementor-widget-video\" data-id=\"71d97d0\" data-element_type=\"widget\" data-settings=\"{&quot;video_type&quot;:&quot;hosted&quot;,&quot;autoplay&quot;:&quot;yes&quot;,&quot;play_on_mobile&quot;:&quot;yes&quot;,&quot;mute&quot;:&quot;yes&quot;,&quot;loop&quot;:&quot;yes&quot;}\" data-widget_type=\"video.default\">\n\t\t\t\t<div class=\"elementor-widget-container\">\n\t\t\t\t\t\t\t<div class=\"e-hosted-video elementor-wrapper elementor-open-inline\">\n\t\t\t\t\t<video class=\"elementor-video\" src=\"https:\/\/www.faopack.com\/wp-content\/uploads\/2025\/06\/Sequence-01.mp4\" autoplay=\"\" loop=\"\" muted=\"muted\" playsinline=\"\" controlslist=\"nodownload\"><\/video>\n\t\t\t\t<\/div>\n\t\t\t\t\t\t<\/div>\n\t\t\t\t<\/div>\n\t\t\t\t<div class=\"elementor-element elementor-element-5d18fe6 elementor-widget elementor-widget-text-editor\" data-id=\"5d18fe6\" data-element_type=\"widget\" data-widget_type=\"text-editor.default\">\n\t\t\t\t<div class=\"elementor-widget-container\">\n\t\t\t\t\t\t\t\t\t<p>Spolo\u010dnos\u0165 Faopack bola zalo\u017een\u00e1 v roku 2023 s cie\u013eom vyplni\u0165 medzeru v obalovom priemysle a pon\u00faknu\u0165 inovat\u00edvne rie\u0161enia \u0161etrn\u00e9 k \u017eivotn\u00e9mu prostrediu. Na\u0161a spolo\u010dnos\u0165, ktorej sa v kr\u00e1tkom \u010dase podarilo sta\u0165 zna\u010dkou, ktor\u00e1 zanechala v tomto odvetv\u00ed svoju stopu, na\u010falej men\u00ed eur\u00f3psky trh v\u010faka svojmu pr\u00edstupu orientovan\u00e9mu na z\u00e1kazn\u00edka, vysok\u00fdm \u0161tandardom kvality a z\u00e1sad\u00e1m udr\u017eate\u013enosti.<\/p>\n<p><strong>Portf\u00f3lio produktov a slu\u017eieb:<\/strong><\/p>\n<p>Spolo\u010dnos\u0165 Faopack pon\u00faka \u0161irok\u00fa \u0161k\u00e1lu produktov a slu\u017eieb na uspokojenie potrieb v oblasti balenia. V\u010faka pochopeniu \u0161pecifick\u00fdch po\u017eiadaviek na\u0161ich z\u00e1kazn\u00edkov v r\u00f4znych priemyseln\u00fdch odvetviach vytv\u00e1rame baliace rie\u0161enia na mieru. V\u010faka n\u00e1\u0161mu kreat\u00edvnemu dizajn\u00e9rskemu t\u00edmu a modern\u00fdm v\u00fdrobn\u00fdm zariadeniam pon\u00fakame na\u0161im z\u00e1kazn\u00edkom rie\u0161enia, ktor\u00e9 sp\u00e1jaj\u00fa estetiku a funk\u010dnos\u0165<strong>.<\/strong> Okrem v\u00fdroby obalov reagujeme aj na potreby na\u0161ich z\u00e1kazn\u00edkov v oblasti potrav\u00edn, \u010distiacich a hygienick\u00fdch materi\u00e1lov prostredn\u00edctvom na\u0161ej rozsiahlej siete skladov.<\/p>\n<p><strong>Technol\u00f3gie a inov\u00e1cie:<\/strong><\/p>\n<p>Spolo\u010dnos\u0165 Faopack neust\u00e1le zlep\u0161uje svoje v\u00fdrobn\u00e9 procesy t\u00fdm, \u017ee pozorne sleduje najnov\u0161ie technol\u00f3gie a inov\u00e1cie v tomto odvetv\u00ed. V\u010faka na\u0161im technologick\u00fdm rie\u0161eniam v kombin\u00e1cii s inovat\u00edvnym dizajnom obalov a ekologick\u00fdmi materi\u00e1lmi poskytujeme na\u0161im z\u00e1kazn\u00edkom konkuren\u010dn\u00fa v\u00fdhodu a prispievame k udr\u017eate\u013enej bud\u00facnosti.<\/p>\n<p><strong>Z\u00e1v\u00e4zok udr\u017eate\u013enosti:<\/strong><\/p>\n<p>Spolo\u010dnos\u0165 Faopack integrovala z\u00e1sady udr\u017eate\u013enosti do svojho sp\u00f4sobu podnikania t\u00fdm, \u017ee kon\u00e1 s vedom\u00edm environment\u00e1lnej zodpovednosti. V\u010faka n\u00e1\u0161mu neust\u00e1lemu zlep\u0161ovaniu v oblasti vyu\u017e\u00edvania recyklovate\u013en\u00fdch materi\u00e1lov, energetickej \u00fa\u010dinnosti a odpadov\u00e9ho hospod\u00e1rstva nielen pln\u00edme o\u010dak\u00e1vania na\u0161ich z\u00e1kazn\u00edkov, ale aj chr\u00e1nime na\u0161e \u017eivotn\u00e9 prostredie.<\/p>\n<p><strong>Siln\u00e1 pr\u00edtomnos\u0165 na eur\u00f3pskom trhu:<\/strong><\/p>\n<p>Spolo\u010dnos\u0165 Faopack od svojho zalo\u017eenia pri\u0165ahuje pozornos\u0165 svojou silnou pr\u00edtomnos\u0165ou na eur\u00f3pskom trhu. V\u010faka d\u00f4le\u017eitosti, ktor\u00fa priklad\u00e1me spokojnosti z\u00e1kazn\u00edkov, r\u00fdchlym procesom dod\u00e1vok a kvalitn\u00fdm v\u00fdrobkom sme sa v kr\u00e1tkom \u010dase etablovali v tomto odvetv\u00ed. \u0160irok\u00e9 portf\u00f3lio z\u00e1kazn\u00edkov v celej Eur\u00f3pe n\u00e1m d\u00e1va mo\u017enos\u0165 pon\u00faka\u0165 region\u00e1lne rie\u0161enia a konkurova\u0165 na glob\u00e1lnom trhu.<\/p>\n<p><strong>V\u00edzia pre bud\u00facnos\u0165:<\/strong><\/p>\n<p>Spolo\u010dnos\u0165 Faopack m\u00e1 v\u00edziu sta\u0165 sa ved\u00facou zna\u010dkou v obalovom priemysle. V bud\u00facnosti sa chceme sta\u0165 glob\u00e1lnou zna\u010dkou s udr\u017eate\u013en\u00fdmi rie\u0161eniami, pri\u010dom sa zameriavame na spokojnos\u0165 z\u00e1kazn\u00edkov. V\u010faka pozorn\u00e9mu sledovaniu technologick\u00e9ho v\u00fdvoja budeme na\u0161im z\u00e1kazn\u00edkom na\u010falej pon\u00faka\u0165 najnov\u0161ie trendy v tomto odvetv\u00ed.<\/p>\n<p>Ako spolo\u010dnos\u0165 Faopack na\u010falej formujeme bud\u00facnos\u0165 obalov svojimi kvalitn\u00fdmi v\u00fdrobkami, z\u00e1sadami udr\u017eate\u013enosti a d\u00f4le\u017eitos\u0165ou, ktor\u00fa priklad\u00e1me spokojnosti z\u00e1kazn\u00edkov.<\/p>\t\t\t\t\t\t\t\t<\/div>\n\t\t\t\t<\/div>\n\t\t\t\t<div class=\"elementor-element elementor-element-2b62099 elementor-widget elementor-widget-heading\" data-id=\"2b62099\" data-element_type=\"widget\" id=\"mission\" data-widget_type=\"heading.default\">\n\t\t\t\t<div class=\"elementor-widget-container\">\n\t\t\t\t\t<h2 class=\"elementor-heading-title elementor-size-default\">Na\u0161e poslanie<\/h2>\t\t\t\t<\/div>\n\t\t\t\t<\/div>\n\t\t\t\t<div class=\"elementor-element elementor-element-aab523f elementor-widget elementor-widget-text-editor\" data-id=\"aab523f\" data-element_type=\"widget\" data-widget_type=\"text-editor.default\">\n\t\t\t\t<div class=\"elementor-widget-container\">\n\t\t\t\t\t\t\t\t\t<p>Cie\u013eom na\u0161ej spolo\u010dnosti je poskytova\u0165 jedine\u010dn\u00e9 rie\u0161enia na mieru na\u0161im z\u00e1kazn\u00edkom v oblasti baliaceho priemyslu a pom\u00e1ha\u0165 im bezpe\u010dne a efekt\u00edvne bali\u0165 ich v\u00fdrobky. Udr\u017eiavan\u00edm spokojnosti z\u00e1kazn\u00edkov na najvy\u0161\u0161ej \u00farovni sa sna\u017e\u00edme by\u0165 spo\u013eahlivou vo\u013ebou v na\u0161om dod\u00e1vate\u013eskom re\u0165azci aj na eur\u00f3pskom trhu s na\u0161imi kvalitn\u00fdmi v\u00fdrobkami. Pou\u017e\u00edvan\u00edm trvalo udr\u017eate\u013enej v\u00fdroby a materi\u00e1lov \u0161etrn\u00fdch k \u017eivotn\u00e9mu prostrediu sa na\u010falej usilujeme minimalizova\u0165 n\u00e1\u0161 glob\u00e1lny vplyv na \u017eivotn\u00e9 prostredie.<\/p>\t\t\t\t\t\t\t\t<\/div>\n\t\t\t\t<\/div>\n\t\t\t\t<div class=\"elementor-element elementor-element-7f583a1 elementor-widget elementor-widget-heading\" data-id=\"7f583a1\" data-element_type=\"widget\" id=\"vision\" data-widget_type=\"heading.default\">\n\t\t\t\t<div class=\"elementor-widget-container\">\n\t\t\t\t\t<h2 class=\"elementor-heading-title elementor-size-default\">Na\u0161a v\u00edzia<\/h2>\t\t\t\t<\/div>\n\t\t\t\t<\/div>\n\t\t\t\t<div class=\"elementor-element elementor-element-fcd802b elementor-widget elementor-widget-text-editor\" data-id=\"fcd802b\" data-element_type=\"widget\" data-widget_type=\"text-editor.default\">\n\t\t\t\t<div class=\"elementor-widget-container\">\n\t\t\t\t\t\t\t\t\t<p>Cie\u013eom na\u0161ej spolo\u010dnosti je by\u0165 l\u00eddrom na eur\u00f3pskom trhu a ur\u010dova\u0165 \u0161tandardy v oblasti obalov\u00e9ho priemyslu. Na\u0161ou v\u00edziou je sta\u0165 sa ved\u00facou zna\u010dkou v tomto odvetv\u00ed prostredn\u00edctvom ponuky inovat\u00edvnych a udr\u017eate\u013en\u00fdch obalov\u00fdch rie\u0161en\u00ed, ktor\u00e9 na\u0161im z\u00e1kazn\u00edkom prin\u00e1\u0161aj\u00fa pridan\u00fa hodnotu. Neust\u00e1le zlep\u0161ujeme na\u0161e v\u00fdrobn\u00e9 procesy investovan\u00edm do \u0161pi\u010dkov\u00fdch technol\u00f3gi\u00ed a posil\u0148ujeme na\u0161u spolupr\u00e1cu t\u00fdm, \u017ee r\u00fdchlo a pru\u017ene reagujeme na po\u017eiadavky z\u00e1kazn\u00edkov. Zameran\u00edm sa na rozvoj talentov na\u0161ich zamestnancov a podporou t\u00edmov\u00e9ho ducha chceme prispie\u0165 k \u00faspechu nielen na\u0161ich z\u00e1kazn\u00edkov, ale aj na\u0161ich zamestnancov. Hr\u00e1me ved\u00facu \u00falohu v obalovom priemysle a prispievame k udr\u017eate\u013enej bud\u00facnosti v Eur\u00f3pe a na celom svete.<\/p>\t\t\t\t\t\t\t\t<\/div>\n\t\t\t\t<\/div>\n\t\t\t\t<\/div>\n\t\t\t\t\t<\/div>\n\t\t\t\t<\/div>\n\t\t\t\t<\/div>","protected":false},"excerpt":{"rendered":"<p>Spolo\u010dnos\u0165 Faopack bola zalo\u017een\u00e1 v roku 2020 s cie\u013eom vyplni\u0165 medzeru v obalovom priemysle a pon\u00faknu\u0165 inovat\u00edvne rie\u0161enia \u0161etrn\u00e9 k \u017eivotn\u00e9mu prostrediu.<\/p>","protected":false},"author":1,"featured_media":205,"parent":0,"menu_order":0,"comment_status":"closed","ping_status":"closed","template":"elementor_header_footer","meta":{"footnotes":""},"class_list":["post-163","page","type-page","status-publish","has-post-thumbnail","hentry"],"_links":{"self":[{"href":"https:\/\/www.faopack.com\/sk\/wp-json\/wp\/v2\/pages\/163","targetHints":{"allow":["GET"]}}],"collection":[{"href":"https:\/\/www.faopack.com\/sk\/wp-json\/wp\/v2\/pages"}],"about":[{"href":"https:\/\/www.faopack.com\/sk\/wp-json\/wp\/v2\/types\/page"}],"author":[{"embeddable":true,"href":"https:\/\/www.faopack.com\/sk\/wp-json\/wp\/v2\/users\/1"}],"replies":[{"embeddable":true,"href":"https:\/\/www.faopack.com\/sk\/wp-json\/wp\/v2\/comments?post=163"}],"version-history":[{"count":5,"href":"https:\/\/www.faopack.com\/sk\/wp-json\/wp\/v2\/pages\/163\/revisions"}],"predecessor-version":[{"id":1077,"href":"https:\/\/www.faopack.com\/sk\/wp-json\/wp\/v2\/pages\/163\/revisions\/1077"}],"wp:featuredmedia":[{"embeddable":true,"href":"https:\/\/www.faopack.com\/sk\/wp-json\/wp\/v2\/media\/205"}],"wp:attachment":[{"href":"https:\/\/www.faopack.com\/sk\/wp-json\/wp\/v2\/media?parent=163"}],"curies":[{"name":"wp","href":"https:\/\/api.w.org\/{rel}","templated":true}]}}