{"id":165,"date":"2025-03-18T17:07:32","date_gmt":"2025-03-18T17:07:32","guid":{"rendered":"https:\/\/www.faopack.com\/?page_id=165"},"modified":"2025-11-21T01:10:48","modified_gmt":"2025-11-21T01:10:48","slug":"udrzatelnost","status":"publish","type":"page","link":"https:\/\/www.faopack.com\/sk\/udrzatelnost\/","title":{"rendered":"Udr\u017eate\u013enos\u0165"},"content":{"rendered":"<div data-elementor-type=\"wp-page\" data-elementor-id=\"165\" class=\"elementor elementor-165\" data-elementor-post-type=\"page\">\n\t\t\t\t<div class=\"elementor-element elementor-element-b7c39b0 e-flex e-con-boxed e-con e-parent\" data-id=\"b7c39b0\" data-element_type=\"container\" data-settings=\"{&quot;background_background&quot;:&quot;classic&quot;,&quot;background_motion_fx_motion_fx_scrolling&quot;:&quot;yes&quot;,&quot;background_motion_fx_translateY_effect&quot;:&quot;yes&quot;,&quot;background_motion_fx_translateY_speed&quot;:{&quot;unit&quot;:&quot;px&quot;,&quot;size&quot;:6,&quot;sizes&quot;:[]},&quot;background_motion_fx_blur_effect&quot;:&quot;yes&quot;,&quot;background_motion_fx_blur_direction&quot;:&quot;in-out&quot;,&quot;background_motion_fx_blur_level&quot;:{&quot;unit&quot;:&quot;px&quot;,&quot;size&quot;:4,&quot;sizes&quot;:[]},&quot;background_motion_fx_blur_range&quot;:{&quot;unit&quot;:&quot;%&quot;,&quot;size&quot;:&quot;&quot;,&quot;sizes&quot;:{&quot;start&quot;:25,&quot;end&quot;:100}},&quot;background_motion_fx_range&quot;:&quot;viewport&quot;,&quot;shape_divider_bottom&quot;:&quot;opacity-tilt&quot;,&quot;background_motion_fx_translateY_affectedRange&quot;:{&quot;unit&quot;:&quot;%&quot;,&quot;size&quot;:&quot;&quot;,&quot;sizes&quot;:{&quot;start&quot;:0,&quot;end&quot;:100}},&quot;background_motion_fx_devices&quot;:[&quot;desktop&quot;,&quot;tablet&quot;,&quot;mobile&quot;]}\">\n\t\t\t\t\t<div class=\"e-con-inner\">\n\t\t\t\t<div class=\"elementor-shape elementor-shape-bottom\" aria-hidden=\"true\" data-negative=\"false\">\n\t\t\t<svg xmlns=\"http:\/\/www.w3.org\/2000\/svg\" viewbox=\"0 0 2600 131.1\" preserveaspectratio=\"none\">\n\t<path class=\"elementor-shape-fill\" d=\"M0 0L2600 0 2600 69.1 0 0z\"\/>\n\t<path class=\"elementor-shape-fill\" style=\"opacity:0.5\" d=\"M0 0L2600 0 2600 69.1 0 69.1z\"\/>\n\t<path class=\"elementor-shape-fill\" style=\"opacity:0.25\" d=\"M2600 0L0 0 0 130.1 2600 69.1z\"\/>\n<\/svg>\t\t<\/div>\n\t\t\t\t<div class=\"elementor-element elementor-element-ae0f003 elementor-widget__width-auto elementor-widget elementor-widget-woocommerce-breadcrumb\" data-id=\"ae0f003\" data-element_type=\"widget\" data-widget_type=\"woocommerce-breadcrumb.default\">\n\t\t\t\t<div class=\"elementor-widget-container\">\n\t\t\t\t\t<nav class=\"woocommerce-breadcrumb\" aria-label=\"Breadcrumb\" data-no-translation=\"\" data-trp-gettext=\"\">Domov<\/nav>\t\t\t\t<\/div>\n\t\t\t\t<\/div>\n\t\t\t\t<div class=\"elementor-element elementor-element-5afc353 elementor-widget elementor-widget-heading\" data-id=\"5afc353\" data-element_type=\"widget\" data-widget_type=\"heading.default\">\n\t\t\t\t<div class=\"elementor-widget-container\">\n\t\t\t\t\t<h1 class=\"elementor-heading-title elementor-size-default\">Udr\u017eate\u013enos\u0165<\/h1>\t\t\t\t<\/div>\n\t\t\t\t<\/div>\n\t\t\t\t\t<\/div>\n\t\t\t\t<\/div>\n\t\t<div class=\"elementor-element elementor-element-a5909cd e-flex e-con-boxed e-con e-parent\" data-id=\"a5909cd\" data-element_type=\"container\" id=\"approach\">\n\t\t\t\t\t<div class=\"e-con-inner\">\n\t\t<div class=\"elementor-element elementor-element-a50093a e-con-full e-flex e-con e-child\" data-id=\"a50093a\" data-element_type=\"container\">\n\t\t<div class=\"elementor-element elementor-element-97b4032 e-con-full e-flex e-con e-child\" data-id=\"97b4032\" data-element_type=\"container\" data-settings=\"{&quot;sticky&quot;:&quot;top&quot;,&quot;sticky_offset&quot;:100,&quot;sticky_parent&quot;:&quot;yes&quot;,&quot;sticky_on&quot;:[&quot;desktop&quot;,&quot;tablet&quot;,&quot;mobile&quot;],&quot;sticky_effects_offset&quot;:0,&quot;sticky_anchor_link_offset&quot;:0}\">\n\t\t<div class=\"elementor-element elementor-element-390666d e-con-full e-flex e-con e-child\" data-id=\"390666d\" data-element_type=\"container\" data-settings=\"{&quot;background_background&quot;:&quot;classic&quot;}\">\n\t\t\t\t<div class=\"elementor-element elementor-element-9ad3ffe elementor-widget elementor-widget-heading\" data-id=\"9ad3ffe\" data-element_type=\"widget\" data-widget_type=\"heading.default\">\n\t\t\t\t<div class=\"elementor-widget-container\">\n\t\t\t\t\t<h4 class=\"elementor-heading-title elementor-size-default\">Navig\u00e1cia na str\u00e1nke<\/h4>\t\t\t\t<\/div>\n\t\t\t\t<\/div>\n\t\t\t\t<div class=\"elementor-element elementor-element-0716221 elementor-icon-list--layout-traditional elementor-list-item-link-full_width elementor-widget elementor-widget-icon-list\" data-id=\"0716221\" data-element_type=\"widget\" data-widget_type=\"icon-list.default\">\n\t\t\t\t<div class=\"elementor-widget-container\">\n\t\t\t\t\t\t\t<ul class=\"elementor-icon-list-items\">\n\t\t\t\t\t\t\t<li class=\"elementor-icon-list-item\">\n\t\t\t\t\t\t\t\t\t\t\t<a href=\"#approach\">\n\n\t\t\t\t\t\t\t\t\t\t\t\t<span class=\"elementor-icon-list-icon\">\n\t\t\t\t\t\t\t<i aria-hidden=\"true\" class=\"uiconrr uiconrr-fi-rr-three-leaf-clover\"><\/i>\t\t\t\t\t\t<\/span>\n\t\t\t\t\t\t\t\t\t\t<span class=\"elementor-icon-list-text\">N\u00e1\u0161 pr\u00edstup<\/span>\n\t\t\t\t\t\t\t\t\t\t\t<\/a>\n\t\t\t\t\t\t\t\t\t<\/li>\n\t\t\t\t\t\t\t\t<li class=\"elementor-icon-list-item\">\n\t\t\t\t\t\t\t\t\t\t\t<a href=\"#activities\">\n\n\t\t\t\t\t\t\t\t\t\t\t\t<span class=\"elementor-icon-list-icon\">\n\t\t\t\t\t\t\t<i aria-hidden=\"true\" class=\"uiconrr uiconrr-fi-rr-leaf-heart\"><\/i>\t\t\t\t\t\t<\/span>\n\t\t\t\t\t\t\t\t\t\t<span class=\"elementor-icon-list-text\">Na\u0161e aktivity<\/span>\n\t\t\t\t\t\t\t\t\t\t\t<\/a>\n\t\t\t\t\t\t\t\t\t<\/li>\n\t\t\t\t\t\t\t\t<li class=\"elementor-icon-list-item\">\n\t\t\t\t\t\t\t\t\t\t\t<a href=\"#spackaging\">\n\n\t\t\t\t\t\t\t\t\t\t\t\t<span class=\"elementor-icon-list-icon\">\n\t\t\t\t\t\t\t<i aria-hidden=\"true\" class=\"uiconrr uiconrr-fi-rr-badge-leaf\"><\/i>\t\t\t\t\t\t<\/span>\n\t\t\t\t\t\t\t\t\t\t<span class=\"elementor-icon-list-text\">Udr\u017eate\u013en\u00e9 obaly<\/span>\n\t\t\t\t\t\t\t\t\t\t\t<\/a>\n\t\t\t\t\t\t\t\t\t<\/li>\n\t\t\t\t\t\t<\/ul>\n\t\t\t\t\t\t<\/div>\n\t\t\t\t<\/div>\n\t\t\t\t<\/div>\n\t\t<div class=\"elementor-element elementor-element-bdc7ed9 e-con-full e-flex e-con e-child\" data-id=\"bdc7ed9\" data-element_type=\"container\" data-settings=\"{&quot;background_background&quot;:&quot;classic&quot;}\">\n\t\t\t\t<div class=\"elementor-element elementor-element-7d41d77 elementor-widget elementor-widget-heading\" data-id=\"7d41d77\" data-element_type=\"widget\" data-widget_type=\"heading.default\">\n\t\t\t\t<div class=\"elementor-widget-container\">\n\t\t\t\t\t<h4 class=\"elementor-heading-title elementor-size-default\">O n\u00e1s<\/h4>\t\t\t\t<\/div>\n\t\t\t\t<\/div>\n\t\t\t\t<div class=\"elementor-element elementor-element-0265e78 elementor-icon-list--layout-traditional elementor-list-item-link-full_width elementor-widget elementor-widget-icon-list\" data-id=\"0265e78\" data-element_type=\"widget\" data-widget_type=\"icon-list.default\">\n\t\t\t\t<div class=\"elementor-widget-container\">\n\t\t\t\t\t\t\t<ul class=\"elementor-icon-list-items\">\n\t\t\t\t\t\t\t<li class=\"elementor-icon-list-item\">\n\t\t\t\t\t\t\t\t\t\t\t<a href=\"\/sk\/o-nas\/#comp-profile\">\n\n\t\t\t\t\t\t\t\t\t\t\t\t<span class=\"elementor-icon-list-icon\">\n\t\t\t\t\t\t\t<i aria-hidden=\"true\" class=\"uiconrr uiconrr-fi-rr-scale-comparison\"><\/i>\t\t\t\t\t\t<\/span>\n\t\t\t\t\t\t\t\t\t\t<span class=\"elementor-icon-list-text\">Profil spolo\u010dnosti<\/span>\n\t\t\t\t\t\t\t\t\t\t\t<\/a>\n\t\t\t\t\t\t\t\t\t<\/li>\n\t\t\t\t\t\t\t\t<li class=\"elementor-icon-list-item\">\n\t\t\t\t\t\t\t\t\t\t\t<a href=\"\/sk\/o-nas\/#mission\">\n\n\t\t\t\t\t\t\t\t\t\t\t\t<span class=\"elementor-icon-list-icon\">\n\t\t\t\t\t\t\t<i aria-hidden=\"true\" class=\"uiconrr uiconrr-fi-rr-story-fantasy\"><\/i>\t\t\t\t\t\t<\/span>\n\t\t\t\t\t\t\t\t\t\t<span class=\"elementor-icon-list-text\">Misia<\/span>\n\t\t\t\t\t\t\t\t\t\t\t<\/a>\n\t\t\t\t\t\t\t\t\t<\/li>\n\t\t\t\t\t\t\t\t<li class=\"elementor-icon-list-item\">\n\t\t\t\t\t\t\t\t\t\t\t<a href=\"\/sk\/o-nas\/#vision\">\n\n\t\t\t\t\t\t\t\t\t\t\t\t<span class=\"elementor-icon-list-icon\">\n\t\t\t\t\t\t\t<i aria-hidden=\"true\" class=\"uiconrr uiconrr-fi-rr-eye-arrow-progress\"><\/i>\t\t\t\t\t\t<\/span>\n\t\t\t\t\t\t\t\t\t\t<span class=\"elementor-icon-list-text\">V\u00edzia<\/span>\n\t\t\t\t\t\t\t\t\t\t\t<\/a>\n\t\t\t\t\t\t\t\t\t<\/li>\n\t\t\t\t\t\t<\/ul>\n\t\t\t\t\t\t<\/div>\n\t\t\t\t<\/div>\n\t\t\t\t<\/div>\n\t\t\t\t<div class=\"elementor-element elementor-element-8ed879a elementor-widget elementor-widget-button\" data-id=\"8ed879a\" data-element_type=\"widget\" data-widget_type=\"button.default\">\n\t\t\t\t<div class=\"elementor-widget-container\">\n\t\t\t\t\t\t\t\t\t<div class=\"elementor-button-wrapper\">\n\t\t\t\t\t<a class=\"elementor-button elementor-button-link elementor-size-sm\" href=\"\/sk\/kontakt\/\">\n\t\t\t\t\t\t<span class=\"elementor-button-content-wrapper\">\n\t\t\t\t\t\t<span class=\"elementor-button-icon\">\n\t\t\t\t<i aria-hidden=\"true\" class=\"uiconrr uiconrr-fi-rr-phone-call\"><\/i>\t\t\t<\/span>\n\t\t\t\t\t\t\t\t\t<span class=\"elementor-button-text\">Oslovte n\u00e1s<\/span>\n\t\t\t\t\t<\/span>\n\t\t\t\t\t<\/a>\n\t\t\t\t<\/div>\n\t\t\t\t\t\t\t\t<\/div>\n\t\t\t\t<\/div>\n\t\t\t\t<\/div>\n\t\t\t\t<\/div>\n\t\t<div class=\"elementor-element elementor-element-96791a5 e-con-full e-flex e-con e-child\" data-id=\"96791a5\" data-element_type=\"container\">\n\t\t\t\t<div class=\"elementor-element elementor-element-f52f9ac elementor-widget elementor-widget-heading\" data-id=\"f52f9ac\" data-element_type=\"widget\" data-widget_type=\"heading.default\">\n\t\t\t\t<div class=\"elementor-widget-container\">\n\t\t\t\t\t<h2 class=\"elementor-heading-title elementor-size-default\">N\u00e1\u0161 pr\u00edstup<\/h2>\t\t\t\t<\/div>\n\t\t\t\t<\/div>\n\t\t\t\t<div class=\"elementor-element elementor-element-28a1974 elementor-widget elementor-widget-text-editor\" data-id=\"28a1974\" data-element_type=\"widget\" data-widget_type=\"text-editor.default\">\n\t\t\t\t<div class=\"elementor-widget-container\">\n\t\t\t\t\t\t\t\t\t<p><strong>Formovanie bud\u00facnosti pomocou udr\u017eate\u013en\u00fdch obalov\u00fdch rie\u0161en\u00ed<\/strong><\/p><p>Spolo\u010dnos\u0165 Faopack je priekopn\u00edkom v obalovom priemysle a pon\u00faka ekologick\u00e9 a inovat\u00edvne obalov\u00e9 rie\u0161enia, ktor\u00fdch \u00fastredn\u00fdm prvkom je udr\u017eate\u013enos\u0165. Kon\u00e1me so zmyslom pre zodpovednos\u0165 vo\u010di bud\u00facim gener\u00e1ci\u00e1m a preber\u00e1me ved\u00facu \u00falohu pri budovan\u00ed udr\u017eate\u013enej bud\u00facnosti s v\u00edziou pridanej hodnoty pre na\u0161ich z\u00e1kazn\u00edkov a n\u00e1\u0161 svet.<\/p>\t\t\t\t\t\t\t\t<\/div>\n\t\t\t\t<\/div>\n\t\t\t\t<div class=\"elementor-element elementor-element-1b3c403 elementor-widget elementor-widget-heading\" data-id=\"1b3c403\" data-element_type=\"widget\" id=\"activities\" data-widget_type=\"heading.default\">\n\t\t\t\t<div class=\"elementor-widget-container\">\n\t\t\t\t\t<h2 class=\"elementor-heading-title elementor-size-default\">Na\u0161e aktivity<\/h2>\t\t\t\t<\/div>\n\t\t\t\t<\/div>\n\t\t\t\t<div class=\"elementor-element elementor-element-1011e8d elementor-widget elementor-widget-text-editor\" data-id=\"1011e8d\" data-element_type=\"widget\" data-widget_type=\"text-editor.default\">\n\t\t\t\t<div class=\"elementor-widget-container\">\n\t\t\t\t\t\t\t\t\t<p><strong>Recyklovate\u013en\u00e9 a ekologick\u00e9 materi\u00e1ly:<\/strong><\/p><p>Pri v\u00fdbere materi\u00e1lov pou\u017e\u00edvan\u00fdch v na\u0161ich v\u00fdrobn\u00fdch procesoch uprednost\u0148ujeme ekologick\u00e9 a recyklovate\u013en\u00e9 mo\u017enosti. Na\u0161\u00edm cie\u013eom je minimalizova\u0165 vplyv dizajnu, v\u00fdroby a likvid\u00e1cie na\u0161ich obalov kone\u010dn\u00fdm pou\u017e\u00edvate\u013eom na \u017eivotn\u00e9 prostredie a prispie\u0165 tak k udr\u017eate\u013en\u00e9mu obalov\u00e9mu priemyslu.<\/p><p><strong>Udr\u017eate\u013en\u00e9 v\u00fdrobn\u00e9 procesy:<\/strong><\/p><p>V na\u0161ich v\u00fdrobn\u00fdch zariadeniach uplat\u0148ujeme udr\u017eate\u013en\u00e9 postupy s cie\u013eom zv\u00fd\u0161i\u0165 energetick\u00fa \u00fa\u010dinnos\u0165, zn\u00ed\u017ei\u0165 uhl\u00edkov\u00fa stopu a \u0161etri\u0165 pr\u00edrodn\u00e9 zdroje. Pon\u00fakame nielen kvalitn\u00e9 v\u00fdrobky, ale aj v\u00fdrobn\u00e9 procesy \u0161etrn\u00e9 k \u017eivotn\u00e9mu prostrediu prostredn\u00edctvom na\u0161ich neust\u00e1lych zlep\u0161ovac\u00edch aktiv\u00edt v oblasti obnovite\u013en\u00fdch zdrojov energie, odpadov\u00e9ho hospod\u00e1rstva a vyu\u017e\u00edvania vody.<\/p><p><strong>Inov\u00e1cie a dizajn:<\/strong><\/p><p>Okrem toho, \u017ee na\u0161im z\u00e1kazn\u00edkom poskytujeme ekologick\u00e9 obalov\u00e9 rie\u0161enia, sme l\u00eddrom v tomto odvetv\u00ed aj v\u010faka na\u0161ej pr\u00e1ci v oblasti dizajnu a inov\u00e1ci\u00ed. Navrhovanie na\u0161ich obalov tak, aby boli nielen estetick\u00e9 a funk\u010dn\u00e9, ale aj minimalizovali vplyv na \u017eivotn\u00e9 prostredie, je s\u00fa\u010das\u0165ou toho, ako na\u0161im z\u00e1kazn\u00edkom poskytujeme udr\u017eate\u013en\u00e9 mo\u017enosti.<\/p><p><strong>Transparentn\u00fd a zodpovedn\u00fd dod\u00e1vate\u013esk\u00fd re\u0165azec:<\/strong><\/p><p>N\u00e1\u0161 dod\u00e1vate\u013esk\u00fd re\u0165azec riadime na z\u00e1klade transparentn\u00fdch a udr\u017eate\u013en\u00fdch z\u00e1sad. Po\u010dn\u00fac na\u0161imi po\u013enohospod\u00e1rskymi dod\u00e1vate\u013emi podporujeme z\u00e1sady spravodliv\u00e9ho obchodu v celom na\u0161om dod\u00e1vate\u013eskom re\u0165azci a presadzujeme udr\u017eate\u013enos\u0165 na\u0161ich po\u013enohospod\u00e1rov, v\u00fdrobcov a komun\u00edt.<\/p><p><strong>Spolo\u010densk\u00e1 zodpovednos\u0165 a vzdel\u00e1vanie:<\/strong><\/p><p>Zameriavame sa nielen na na\u0161e vlastn\u00e9 ciele v oblasti udr\u017eate\u013enosti, ale usilujeme sa aj o zv\u00fd\u0161enie celkov\u00e9ho povedomia o udr\u017eate\u013enosti v tomto odvetv\u00ed. Prostredn\u00edctvom projektov spolo\u010denskej zodpovednosti a vzdel\u00e1vac\u00edch programov sa sna\u017e\u00edme vies\u0165 udr\u017eate\u013en\u00fa transform\u00e1ciu cel\u00e9ho obalov\u00e9ho priemyslu.<\/p>\t\t\t\t\t\t\t\t<\/div>\n\t\t\t\t<\/div>\n\t\t\t\t<div class=\"elementor-element elementor-element-4d7ed09 elementor-widget elementor-widget-heading\" data-id=\"4d7ed09\" data-element_type=\"widget\" id=\"spackaging\" data-widget_type=\"heading.default\">\n\t\t\t\t<div class=\"elementor-widget-container\">\n\t\t\t\t\t<h2 class=\"elementor-heading-title elementor-size-default\">Udr\u017eate\u013en\u00e9 obaly<\/h2>\t\t\t\t<\/div>\n\t\t\t\t<\/div>\n\t\t\t\t<div class=\"elementor-element elementor-element-fae037d elementor-widget elementor-widget-text-editor\" data-id=\"fae037d\" data-element_type=\"widget\" data-widget_type=\"text-editor.default\">\n\t\t\t\t<div class=\"elementor-widget-container\">\n\t\t\t\t\t\t\t\t\t<p>S na\u0161\u00edm z\u00e1v\u00e4zkom by\u0165 architektom udr\u017eate\u013enej bud\u00facnosti spolo\u010dnos\u0165 Faopack na\u010falej poskytuje na\u0161im z\u00e1kazn\u00edkom ekologick\u00e9 a vysokokvalitn\u00e9 obalov\u00e9 rie\u0161enia, \u010d\u00edm minimalizuje n\u00e1\u0161 vplyv na \u017eivotn\u00e9 prostredie. Dodr\u017eiavan\u00edm hodn\u00f4t inov\u00e1cie, zodpovednosti a podnikate\u013eskej etiky sa sna\u017e\u00edme by\u0165 na \u010dele udr\u017eate\u013en\u00e9ho obalov\u00e9ho priemyslu. Spolu s vami sa zav\u00e4zujeme polo\u017ei\u0165 z\u00e1klady pre \u010distej\u0161\u00ed a udr\u017eate\u013enej\u0161\u00ed zajtraj\u0161ok.<\/p>\t\t\t\t\t\t\t\t<\/div>\n\t\t\t\t<\/div>\n\t\t\t\t<\/div>\n\t\t\t\t\t<\/div>\n\t\t\t\t<\/div>\n\t\t\t\t<\/div>","protected":false},"excerpt":{"rendered":"<p>S na\u0161\u00edm z\u00e1v\u00e4zkom by\u0165 architektom udr\u017eate\u013enej bud\u00facnosti spolo\u010dnos\u0165 Faopack na\u010falej poskytuje na\u0161im z\u00e1kazn\u00edkom ekologick\u00e9 a vysokokvalitn\u00e9 obalov\u00e9 rie\u0161enia, \u010d\u00edm minimalizuje n\u00e1\u0161 vplyv na \u017eivotn\u00e9 prostredie. <\/p>","protected":false},"author":1,"featured_media":234,"parent":0,"menu_order":0,"comment_status":"closed","ping_status":"closed","template":"elementor_header_footer","meta":{"footnotes":""},"class_list":["post-165","page","type-page","status-publish","has-post-thumbnail","hentry"],"_links":{"self":[{"href":"https:\/\/www.faopack.com\/sk\/wp-json\/wp\/v2\/pages\/165","targetHints":{"allow":["GET"]}}],"collection":[{"href":"https:\/\/www.faopack.com\/sk\/wp-json\/wp\/v2\/pages"}],"about":[{"href":"https:\/\/www.faopack.com\/sk\/wp-json\/wp\/v2\/types\/page"}],"author":[{"embeddable":true,"href":"https:\/\/www.faopack.com\/sk\/wp-json\/wp\/v2\/users\/1"}],"replies":[{"embeddable":true,"href":"https:\/\/www.faopack.com\/sk\/wp-json\/wp\/v2\/comments?post=165"}],"version-history":[{"count":5,"href":"https:\/\/www.faopack.com\/sk\/wp-json\/wp\/v2\/pages\/165\/revisions"}],"predecessor-version":[{"id":243,"href":"https:\/\/www.faopack.com\/sk\/wp-json\/wp\/v2\/pages\/165\/revisions\/243"}],"wp:featuredmedia":[{"embeddable":true,"href":"https:\/\/www.faopack.com\/sk\/wp-json\/wp\/v2\/media\/234"}],"wp:attachment":[{"href":"https:\/\/www.faopack.com\/sk\/wp-json\/wp\/v2\/media?parent=165"}],"curies":[{"name":"wp","href":"https:\/\/api.w.org\/{rel}","templated":true}]}}