{"id":363,"date":"2025-03-19T06:23:22","date_gmt":"2025-03-19T06:23:22","guid":{"rendered":"https:\/\/www.faopack.com\/?post_type=product&#038;p=363"},"modified":"2026-03-11T21:28:37","modified_gmt":"2026-03-11T21:28:37","slug":"beypazari-mineralna-voda-melon-jahoda","status":"publish","type":"product","link":"https:\/\/www.faopack.com\/sk\/product\/beypazari-mineralna-voda-melon-jahoda\/","title":{"rendered":"Miner\u00e1lna voda Beypazar\u0131 (mel\u00f3n + jahoda)"},"content":{"rendered":"","protected":false},"excerpt":{"rendered":"<p>200 ml sklenen\u00e1 f\u013ea\u0161a miner\u00e1lnej vody<\/p>","protected":false},"featured_media":364,"comment_status":"open","ping_status":"closed","template":"","meta":[],"product_brand":[17],"product_cat":[18,19],"product_tag":[],"class_list":{"0":"post-363","1":"product","2":"type-product","3":"status-publish","4":"has-post-thumbnail","6":"product_brand-beypazari","7":"product_cat-beverage-food","8":"product_cat-mineral-water","10":"first","11":"instock","12":"taxable","13":"shipping-taxable","14":"purchasable","15":"product-type-simple"},"_links":{"self":[{"href":"https:\/\/www.faopack.com\/sk\/wp-json\/wp\/v2\/product\/363","targetHints":{"allow":["GET"]}}],"collection":[{"href":"https:\/\/www.faopack.com\/sk\/wp-json\/wp\/v2\/product"}],"about":[{"href":"https:\/\/www.faopack.com\/sk\/wp-json\/wp\/v2\/types\/product"}],"replies":[{"embeddable":true,"href":"https:\/\/www.faopack.com\/sk\/wp-json\/wp\/v2\/comments?post=363"}],"wp:featuredmedia":[{"embeddable":true,"href":"https:\/\/www.faopack.com\/sk\/wp-json\/wp\/v2\/media\/364"}],"wp:attachment":[{"href":"https:\/\/www.faopack.com\/sk\/wp-json\/wp\/v2\/media?parent=363"}],"wp:term":[{"taxonomy":"product_brand","embeddable":true,"href":"https:\/\/www.faopack.com\/sk\/wp-json\/wp\/v2\/product_brand?post=363"},{"taxonomy":"product_cat","embeddable":true,"href":"https:\/\/www.faopack.com\/sk\/wp-json\/wp\/v2\/product_cat?post=363"},{"taxonomy":"product_tag","embeddable":true,"href":"https:\/\/www.faopack.com\/sk\/wp-json\/wp\/v2\/product_tag?post=363"}],"curies":[{"name":"wp","href":"https:\/\/api.w.org\/{rel}","templated":true}]}}