{"id":607,"date":"2025-05-12T23:59:11","date_gmt":"2025-05-12T23:59:11","guid":{"rendered":"https:\/\/www.faopack.com\/product\/bingo-ov-surface-cleaning-powder-500grx10-lemon-tr\/"},"modified":"2025-11-20T21:25:43","modified_gmt":"2025-11-20T21:25:43","slug":"bingo-ov-prasok-na-cistenie-povrchov-500grx10-lemon-tr","status":"publish","type":"product","link":"https:\/\/www.faopack.com\/sk\/product\/bingo-ov-prasok-na-cistenie-povrchov-500grx10-lemon-tr\/","title":{"rendered":"BINGO OV Pr\u00e1\u0161ok na \u010distenie povrchov 500GRX10 LEMON TR"},"content":{"rendered":"<p>Novo vyvinut\u00fd hygienick\u00fd \u010distiaci pr\u00e1\u0161ok OV poskytuje \u010distenie v kuchyni, k\u00fape\u013eni a na v\u0161etk\u00fdch povrchoch. Odstra\u0148uje \u0165a\u017eko odstr\u00e1nite\u013en\u00e9 ne\u010distoty, \u0161kvrny a nepr\u00edjemn\u00e9 pachy.<\/p>","protected":false},"excerpt":{"rendered":"<p>Pr\u00e1\u0161ok na \u010distenie povrchov<\/p>","protected":false},"featured_media":617,"comment_status":"open","ping_status":"closed","template":"","meta":[],"product_brand":[47],"product_cat":[45,55],"product_tag":[],"class_list":{"0":"post-607","1":"product","2":"type-product","3":"status-publish","4":"has-post-thumbnail","6":"product_brand-bingo","7":"product_cat-hygienic-cleaning","8":"product_cat-surface-cleaning","10":"first","11":"instock","12":"taxable","13":"shipping-taxable","14":"purchasable","15":"product-type-simple"},"_links":{"self":[{"href":"https:\/\/www.faopack.com\/sk\/wp-json\/wp\/v2\/product\/607","targetHints":{"allow":["GET"]}}],"collection":[{"href":"https:\/\/www.faopack.com\/sk\/wp-json\/wp\/v2\/product"}],"about":[{"href":"https:\/\/www.faopack.com\/sk\/wp-json\/wp\/v2\/types\/product"}],"replies":[{"embeddable":true,"href":"https:\/\/www.faopack.com\/sk\/wp-json\/wp\/v2\/comments?post=607"}],"wp:featuredmedia":[{"embeddable":true,"href":"https:\/\/www.faopack.com\/sk\/wp-json\/wp\/v2\/media\/617"}],"wp:attachment":[{"href":"https:\/\/www.faopack.com\/sk\/wp-json\/wp\/v2\/media?parent=607"}],"wp:term":[{"taxonomy":"product_brand","embeddable":true,"href":"https:\/\/www.faopack.com\/sk\/wp-json\/wp\/v2\/product_brand?post=607"},{"taxonomy":"product_cat","embeddable":true,"href":"https:\/\/www.faopack.com\/sk\/wp-json\/wp\/v2\/product_cat?post=607"},{"taxonomy":"product_tag","embeddable":true,"href":"https:\/\/www.faopack.com\/sk\/wp-json\/wp\/v2\/product_tag?post=607"}],"curies":[{"name":"wp","href":"https:\/\/api.w.org\/{rel}","templated":true}]}}