{"id":610,"date":"2025-05-12T23:59:11","date_gmt":"2025-05-12T23:59:11","guid":{"rendered":"https:\/\/www.faopack.com\/product\/bingo-liquid-detergent-4lx4-color\/"},"modified":"2025-11-20T22:04:37","modified_gmt":"2025-11-20T22:04:37","slug":"bingo-tekuty-praci-prostriedok-4lx4-farba","status":"publish","type":"product","link":"https:\/\/www.faopack.com\/sk\/product\/bingo-tekuty-praci-prostriedok-4lx4-farba\/","title":{"rendered":"BINGO TEKUT\u00dd PRAC\u00cd PROSTRIEDOK 4LX4 FARBA"},"content":{"rendered":"<p>Prac\u00ed prostriedok Bingo Color Liquid Care, vyvinut\u00fd na farebn\u00fa bielize\u0148, zabra\u0148uje prenosu farieb v\u010faka \u0161peci\u00e1lnemu zlo\u017eeniu a z\u00e1rove\u0148 fixuje p\u00f4vodn\u00e9 farby oble\u010denia v \u0161trukt\u00fare tkaniny, \u010d\u00edm zabezpe\u010duje, \u017ee zostan\u00fa v\u017edy tak\u00e9, ak\u00e9 boli v prv\u00fd de\u0148.<\/p>","protected":false},"excerpt":{"rendered":"<p>4 litre * 4 balenia<\/p>","protected":false},"featured_media":615,"comment_status":"open","ping_status":"closed","template":"","meta":[],"product_brand":[47],"product_cat":[56,45],"product_tag":[],"class_list":{"0":"post-610","1":"product","2":"type-product","3":"status-publish","4":"has-post-thumbnail","6":"product_brand-bingo","7":"product_cat-detergent","8":"product_cat-hygienic-cleaning","10":"first","11":"instock","12":"featured","13":"taxable","14":"shipping-taxable","15":"purchasable","16":"product-type-simple"},"_links":{"self":[{"href":"https:\/\/www.faopack.com\/sk\/wp-json\/wp\/v2\/product\/610","targetHints":{"allow":["GET"]}}],"collection":[{"href":"https:\/\/www.faopack.com\/sk\/wp-json\/wp\/v2\/product"}],"about":[{"href":"https:\/\/www.faopack.com\/sk\/wp-json\/wp\/v2\/types\/product"}],"replies":[{"embeddable":true,"href":"https:\/\/www.faopack.com\/sk\/wp-json\/wp\/v2\/comments?post=610"}],"wp:featuredmedia":[{"embeddable":true,"href":"https:\/\/www.faopack.com\/sk\/wp-json\/wp\/v2\/media\/615"}],"wp:attachment":[{"href":"https:\/\/www.faopack.com\/sk\/wp-json\/wp\/v2\/media?parent=610"}],"wp:term":[{"taxonomy":"product_brand","embeddable":true,"href":"https:\/\/www.faopack.com\/sk\/wp-json\/wp\/v2\/product_brand?post=610"},{"taxonomy":"product_cat","embeddable":true,"href":"https:\/\/www.faopack.com\/sk\/wp-json\/wp\/v2\/product_cat?post=610"},{"taxonomy":"product_tag","embeddable":true,"href":"https:\/\/www.faopack.com\/sk\/wp-json\/wp\/v2\/product_tag?post=610"}],"curies":[{"name":"wp","href":"https:\/\/api.w.org\/{rel}","templated":true}]}}