{"id":611,"date":"2025-05-12T23:59:11","date_gmt":"2025-05-12T23:59:11","guid":{"rendered":"https:\/\/www.faopack.com\/product\/bingo-liquid-detergent-4lx4-repairing\/"},"modified":"2025-11-20T22:04:32","modified_gmt":"2025-11-20T22:04:32","slug":"bingo-tekuty-praci-prostriedok-4lx4-oprava","status":"publish","type":"product","link":"https:\/\/www.faopack.com\/sk\/product\/bingo-tekuty-praci-prostriedok-4lx4-oprava\/","title":{"rendered":"BINGO TEKUT\u00dd PRAC\u00cd PROSTRIEDOK 4LX4 OPRAVA"},"content":{"rendered":"<p>Pr\u00edpravok Bingo Repair Protection vyvinut\u00fd pre v\u0161etky farby chr\u00e1ni bielize\u0148 pred opotrebovan\u00edm t\u00fdm, \u017ee po\u010das \u010distenia opravuje jej vl\u00e1kna. Poskytuje starostlivos\u0165 o vl\u00e1kna t\u00fdm, \u017ee zni\u017euje fragment\u00e1ciu a chuchvalce, ktor\u00e9 vznikaj\u00fa vo vl\u00e1knach tkaniny pri pran\u00ed v odevoch a pr\u00e1\u010dkach s technol\u00f3giou proti starnutiu. Zabezpe\u010duje, aby va\u0161a bielize\u0148 zostala dlh\u0161ie nov\u00e1.<\/p>","protected":false},"excerpt":{"rendered":"<p>4 litre * 4 balenia<\/p>","protected":false},"featured_media":616,"comment_status":"open","ping_status":"closed","template":"","meta":[],"product_brand":[47],"product_cat":[56,45],"product_tag":[],"class_list":{"0":"post-611","1":"product","2":"type-product","3":"status-publish","4":"has-post-thumbnail","6":"product_brand-bingo","7":"product_cat-detergent","8":"product_cat-hygienic-cleaning","10":"first","11":"instock","12":"featured","13":"taxable","14":"shipping-taxable","15":"purchasable","16":"product-type-simple"},"_links":{"self":[{"href":"https:\/\/www.faopack.com\/sk\/wp-json\/wp\/v2\/product\/611","targetHints":{"allow":["GET"]}}],"collection":[{"href":"https:\/\/www.faopack.com\/sk\/wp-json\/wp\/v2\/product"}],"about":[{"href":"https:\/\/www.faopack.com\/sk\/wp-json\/wp\/v2\/types\/product"}],"replies":[{"embeddable":true,"href":"https:\/\/www.faopack.com\/sk\/wp-json\/wp\/v2\/comments?post=611"}],"wp:featuredmedia":[{"embeddable":true,"href":"https:\/\/www.faopack.com\/sk\/wp-json\/wp\/v2\/media\/616"}],"wp:attachment":[{"href":"https:\/\/www.faopack.com\/sk\/wp-json\/wp\/v2\/media?parent=611"}],"wp:term":[{"taxonomy":"product_brand","embeddable":true,"href":"https:\/\/www.faopack.com\/sk\/wp-json\/wp\/v2\/product_brand?post=611"},{"taxonomy":"product_cat","embeddable":true,"href":"https:\/\/www.faopack.com\/sk\/wp-json\/wp\/v2\/product_cat?post=611"},{"taxonomy":"product_tag","embeddable":true,"href":"https:\/\/www.faopack.com\/sk\/wp-json\/wp\/v2\/product_tag?post=611"}],"curies":[{"name":"wp","href":"https:\/\/api.w.org\/{rel}","templated":true}]}}