{"id":643,"date":"2025-05-13T01:23:31","date_gmt":"2025-05-13T01:23:31","guid":{"rendered":"https:\/\/www.faopack.com\/product\/papilion-wet-toilet-paper-48pcs-x24-daisy\/"},"modified":"2025-11-20T21:25:53","modified_gmt":"2025-11-20T21:25:53","slug":"papilion-vlhky-toaletny-papier-48ks-x24-sedmokraska","status":"publish","type":"product","link":"https:\/\/www.faopack.com\/sk\/product\/papilion-vlhky-toaletny-papier-48ks-x24-sedmokraska\/","title":{"rendered":"Papilion - vlh\u010den\u00fd toaletn\u00fd papier 48ks x24 margar\u00e9tok"},"content":{"rendered":"","protected":false},"excerpt":{"rendered":"<p>48 ks * 24 balen\u00ed<\/p>","protected":false},"featured_media":740,"comment_status":"open","ping_status":"closed","template":"","meta":[],"product_brand":[80],"product_cat":[45,57],"product_tag":[],"class_list":{"0":"post-643","1":"product","2":"type-product","3":"status-publish","4":"has-post-thumbnail","6":"product_brand-pabilion","7":"product_cat-hygienic-cleaning","8":"product_cat-wipes","10":"first","11":"instock","12":"taxable","13":"shipping-taxable","14":"purchasable","15":"product-type-simple"},"_links":{"self":[{"href":"https:\/\/www.faopack.com\/sk\/wp-json\/wp\/v2\/product\/643","targetHints":{"allow":["GET"]}}],"collection":[{"href":"https:\/\/www.faopack.com\/sk\/wp-json\/wp\/v2\/product"}],"about":[{"href":"https:\/\/www.faopack.com\/sk\/wp-json\/wp\/v2\/types\/product"}],"replies":[{"embeddable":true,"href":"https:\/\/www.faopack.com\/sk\/wp-json\/wp\/v2\/comments?post=643"}],"wp:featuredmedia":[{"embeddable":true,"href":"https:\/\/www.faopack.com\/sk\/wp-json\/wp\/v2\/media\/740"}],"wp:attachment":[{"href":"https:\/\/www.faopack.com\/sk\/wp-json\/wp\/v2\/media?parent=643"}],"wp:term":[{"taxonomy":"product_brand","embeddable":true,"href":"https:\/\/www.faopack.com\/sk\/wp-json\/wp\/v2\/product_brand?post=643"},{"taxonomy":"product_cat","embeddable":true,"href":"https:\/\/www.faopack.com\/sk\/wp-json\/wp\/v2\/product_cat?post=643"},{"taxonomy":"product_tag","embeddable":true,"href":"https:\/\/www.faopack.com\/sk\/wp-json\/wp\/v2\/product_tag?post=643"}],"curies":[{"name":"wp","href":"https:\/\/api.w.org\/{rel}","templated":true}]}}