{"id":649,"date":"2025-05-13T01:23:31","date_gmt":"2025-05-13T01:23:31","guid":{"rendered":"https:\/\/www.faopack.com\/product\/papilion-wet-wipes-100pcs-x-18-lavender\/"},"modified":"2025-11-20T21:25:53","modified_gmt":"2025-11-20T21:25:53","slug":"papilionove-vlhcene-obrusky-100ks-x-18-levandula","status":"publish","type":"product","link":"https:\/\/www.faopack.com\/sk\/product\/papilionove-vlhcene-obrusky-100ks-x-18-levandula\/","title":{"rendered":"Papilion - vlh\u010den\u00e9 obr\u00fasky 100ks x 18, levandu\u013ea"},"content":{"rendered":"","protected":false},"excerpt":{"rendered":"<p>100 ks * 18 balen\u00ed<\/p>","protected":false},"featured_media":734,"comment_status":"open","ping_status":"closed","template":"","meta":[],"product_brand":[80],"product_cat":[45,57],"product_tag":[],"class_list":{"0":"post-649","1":"product","2":"type-product","3":"status-publish","4":"has-post-thumbnail","6":"product_brand-pabilion","7":"product_cat-hygienic-cleaning","8":"product_cat-wipes","10":"first","11":"instock","12":"taxable","13":"shipping-taxable","14":"purchasable","15":"product-type-simple"},"_links":{"self":[{"href":"https:\/\/www.faopack.com\/sk\/wp-json\/wp\/v2\/product\/649","targetHints":{"allow":["GET"]}}],"collection":[{"href":"https:\/\/www.faopack.com\/sk\/wp-json\/wp\/v2\/product"}],"about":[{"href":"https:\/\/www.faopack.com\/sk\/wp-json\/wp\/v2\/types\/product"}],"replies":[{"embeddable":true,"href":"https:\/\/www.faopack.com\/sk\/wp-json\/wp\/v2\/comments?post=649"}],"wp:featuredmedia":[{"embeddable":true,"href":"https:\/\/www.faopack.com\/sk\/wp-json\/wp\/v2\/media\/734"}],"wp:attachment":[{"href":"https:\/\/www.faopack.com\/sk\/wp-json\/wp\/v2\/media?parent=649"}],"wp:term":[{"taxonomy":"product_brand","embeddable":true,"href":"https:\/\/www.faopack.com\/sk\/wp-json\/wp\/v2\/product_brand?post=649"},{"taxonomy":"product_cat","embeddable":true,"href":"https:\/\/www.faopack.com\/sk\/wp-json\/wp\/v2\/product_cat?post=649"},{"taxonomy":"product_tag","embeddable":true,"href":"https:\/\/www.faopack.com\/sk\/wp-json\/wp\/v2\/product_tag?post=649"}],"curies":[{"name":"wp","href":"https:\/\/api.w.org\/{rel}","templated":true}]}}