{"id":650,"date":"2025-05-13T01:23:32","date_gmt":"2025-05-13T01:23:32","guid":{"rendered":"https:\/\/www.faopack.com\/product\/papilion-wet-wipes-100pcs-x-18-aloe-vera\/"},"modified":"2025-11-20T21:25:53","modified_gmt":"2025-11-20T21:25:53","slug":"papilion-vlhcene-obrusky-100ks-x-18-aloe-vera","status":"publish","type":"product","link":"https:\/\/www.faopack.com\/sk\/product\/papilion-vlhcene-obrusky-100ks-x-18-aloe-vera\/","title":{"rendered":"Papilion - vlh\u010den\u00e9 obr\u00fasky 100ks x 18, aloe vera"},"content":{"rendered":"","protected":false},"excerpt":{"rendered":"<p>100 ks * 18 balen\u00ed<\/p>","protected":false},"featured_media":747,"comment_status":"open","ping_status":"closed","template":"","meta":[],"product_brand":[80],"product_cat":[45,57],"product_tag":[],"class_list":{"0":"post-650","1":"product","2":"type-product","3":"status-publish","4":"has-post-thumbnail","6":"product_brand-pabilion","7":"product_cat-hygienic-cleaning","8":"product_cat-wipes","10":"first","11":"instock","12":"taxable","13":"shipping-taxable","14":"purchasable","15":"product-type-simple"},"_links":{"self":[{"href":"https:\/\/www.faopack.com\/sk\/wp-json\/wp\/v2\/product\/650","targetHints":{"allow":["GET"]}}],"collection":[{"href":"https:\/\/www.faopack.com\/sk\/wp-json\/wp\/v2\/product"}],"about":[{"href":"https:\/\/www.faopack.com\/sk\/wp-json\/wp\/v2\/types\/product"}],"replies":[{"embeddable":true,"href":"https:\/\/www.faopack.com\/sk\/wp-json\/wp\/v2\/comments?post=650"}],"wp:featuredmedia":[{"embeddable":true,"href":"https:\/\/www.faopack.com\/sk\/wp-json\/wp\/v2\/media\/747"}],"wp:attachment":[{"href":"https:\/\/www.faopack.com\/sk\/wp-json\/wp\/v2\/media?parent=650"}],"wp:term":[{"taxonomy":"product_brand","embeddable":true,"href":"https:\/\/www.faopack.com\/sk\/wp-json\/wp\/v2\/product_brand?post=650"},{"taxonomy":"product_cat","embeddable":true,"href":"https:\/\/www.faopack.com\/sk\/wp-json\/wp\/v2\/product_cat?post=650"},{"taxonomy":"product_tag","embeddable":true,"href":"https:\/\/www.faopack.com\/sk\/wp-json\/wp\/v2\/product_tag?post=650"}],"curies":[{"name":"wp","href":"https:\/\/api.w.org\/{rel}","templated":true}]}}