{"id":657,"date":"2025-05-13T01:23:32","date_gmt":"2025-05-13T01:23:32","guid":{"rendered":"https:\/\/www.faopack.com\/product\/papilion-shower-gel-400-ml-x-12-olive-oil-with-mint\/"},"modified":"2025-11-20T21:25:53","modified_gmt":"2025-11-20T21:25:53","slug":"papilion-sprchovy-gel-400-ml-x-12-olivovy-olej-s-matou","status":"publish","type":"product","link":"https:\/\/www.faopack.com\/sk\/product\/papilion-sprchovy-gel-400-ml-x-12-olivovy-olej-s-matou\/","title":{"rendered":"Papilion - sprchov\u00fd g\u00e9l 400 ml x 12, olivov\u00fd olej s m\u00e4tou"},"content":{"rendered":"","protected":false},"excerpt":{"rendered":"<p>400ML * 12 balen\u00ed<\/p>","protected":false},"featured_media":748,"comment_status":"open","ping_status":"closed","template":"","meta":[],"product_brand":[80],"product_cat":[58,45],"product_tag":[],"class_list":{"0":"post-657","1":"product","2":"type-product","3":"status-publish","4":"has-post-thumbnail","6":"product_brand-pabilion","7":"product_cat-cosmetic","8":"product_cat-hygienic-cleaning","10":"first","11":"instock","12":"taxable","13":"shipping-taxable","14":"purchasable","15":"product-type-simple"},"_links":{"self":[{"href":"https:\/\/www.faopack.com\/sk\/wp-json\/wp\/v2\/product\/657","targetHints":{"allow":["GET"]}}],"collection":[{"href":"https:\/\/www.faopack.com\/sk\/wp-json\/wp\/v2\/product"}],"about":[{"href":"https:\/\/www.faopack.com\/sk\/wp-json\/wp\/v2\/types\/product"}],"replies":[{"embeddable":true,"href":"https:\/\/www.faopack.com\/sk\/wp-json\/wp\/v2\/comments?post=657"}],"wp:featuredmedia":[{"embeddable":true,"href":"https:\/\/www.faopack.com\/sk\/wp-json\/wp\/v2\/media\/748"}],"wp:attachment":[{"href":"https:\/\/www.faopack.com\/sk\/wp-json\/wp\/v2\/media?parent=657"}],"wp:term":[{"taxonomy":"product_brand","embeddable":true,"href":"https:\/\/www.faopack.com\/sk\/wp-json\/wp\/v2\/product_brand?post=657"},{"taxonomy":"product_cat","embeddable":true,"href":"https:\/\/www.faopack.com\/sk\/wp-json\/wp\/v2\/product_cat?post=657"},{"taxonomy":"product_tag","embeddable":true,"href":"https:\/\/www.faopack.com\/sk\/wp-json\/wp\/v2\/product_tag?post=657"}],"curies":[{"name":"wp","href":"https:\/\/api.w.org\/{rel}","templated":true}]}}