{"id":678,"date":"2025-05-13T01:23:35","date_gmt":"2025-05-13T01:23:35","guid":{"rendered":"https:\/\/www.faopack.com\/product\/bingo-powder-detergent-9-kg\/"},"modified":"2025-11-20T21:25:54","modified_gmt":"2025-11-20T21:25:54","slug":"praskovy-praci-prostriedok-bingo-9-kg","status":"publish","type":"product","link":"https:\/\/www.faopack.com\/sk\/product\/praskovy-praci-prostriedok-bingo-9-kg\/","title":{"rendered":"PR\u00c1\u0160KOV\u00dd PRAC\u00cd PROSTRIEDOK BINGO 9 KG"},"content":{"rendered":"","protected":false},"excerpt":{"rendered":"<p>9 kg * 1 balenie<\/p>","protected":false},"featured_media":721,"comment_status":"open","ping_status":"closed","template":"","meta":[],"product_brand":[47],"product_cat":[56,45],"product_tag":[],"class_list":{"0":"post-678","1":"product","2":"type-product","3":"status-publish","4":"has-post-thumbnail","6":"product_brand-bingo","7":"product_cat-detergent","8":"product_cat-hygienic-cleaning","10":"first","11":"instock","12":"taxable","13":"shipping-taxable","14":"purchasable","15":"product-type-simple"},"_links":{"self":[{"href":"https:\/\/www.faopack.com\/sk\/wp-json\/wp\/v2\/product\/678","targetHints":{"allow":["GET"]}}],"collection":[{"href":"https:\/\/www.faopack.com\/sk\/wp-json\/wp\/v2\/product"}],"about":[{"href":"https:\/\/www.faopack.com\/sk\/wp-json\/wp\/v2\/types\/product"}],"replies":[{"embeddable":true,"href":"https:\/\/www.faopack.com\/sk\/wp-json\/wp\/v2\/comments?post=678"}],"wp:featuredmedia":[{"embeddable":true,"href":"https:\/\/www.faopack.com\/sk\/wp-json\/wp\/v2\/media\/721"}],"wp:attachment":[{"href":"https:\/\/www.faopack.com\/sk\/wp-json\/wp\/v2\/media?parent=678"}],"wp:term":[{"taxonomy":"product_brand","embeddable":true,"href":"https:\/\/www.faopack.com\/sk\/wp-json\/wp\/v2\/product_brand?post=678"},{"taxonomy":"product_cat","embeddable":true,"href":"https:\/\/www.faopack.com\/sk\/wp-json\/wp\/v2\/product_cat?post=678"},{"taxonomy":"product_tag","embeddable":true,"href":"https:\/\/www.faopack.com\/sk\/wp-json\/wp\/v2\/product_tag?post=678"}],"curies":[{"name":"wp","href":"https:\/\/api.w.org\/{rel}","templated":true}]}}