{"id":794,"date":"2025-06-01T21:17:19","date_gmt":"2025-06-01T21:17:19","guid":{"rendered":"https:\/\/www.faopack.com\/product\/80cc-sizdirmaz-1000-adet\/"},"modified":"2025-11-20T21:25:36","modified_gmt":"2025-11-20T21:25:36","slug":"80cc-sizdirmaz-1000-adet","status":"publish","type":"product","link":"https:\/\/www.faopack.com\/sk\/product\/80cc-sizdirmaz-1000-adet\/","title":{"rendered":"D\u00d3ZA NA OM\u00c1\u010cKU S OBJEMOM 80 CM3 ODOLN\u00c1 PROTI \u00daNIKU"},"content":{"rendered":"<p>Na\u0161e n\u00e1doby na om\u00e1\u010dky s pevn\u00fdm vie\u010dkom s\u00fa ide\u00e1lnym rie\u0161en\u00edm pre cateringov\u00e9 spolo\u010dnosti. Ich praktick\u00fd dizajn umo\u017e\u0148uje samostatn\u00e9 balenie om\u00e1\u010dok, \u0161al\u00e1tov\u00fdch dresingov a oblohy. S\u00fa ide\u00e1lne pre om\u00e1\u010dky, \u0161al\u00e1tov\u00e9 bary, bufety, jedl\u00e1 so sebou, catering a \u010fal\u0161ie.<\/p>","protected":false},"excerpt":{"rendered":"<p>Neprep\u00fa\u0161\u0165aj\u00face PP (polypropyl\u00e9nov\u00e9) boxy \u2013 1000 kusov v balen\u00ed.<\/p>","protected":false},"featured_media":969,"comment_status":"open","ping_status":"closed","template":"","meta":[],"product_brand":[75],"product_cat":[62,63],"product_tag":[],"class_list":{"0":"post-794","1":"product","2":"type-product","3":"status-publish","4":"has-post-thumbnail","6":"product_brand-faopack","7":"product_cat-packaging","8":"product_cat-plastic-box","10":"first","11":"instock","12":"taxable","13":"shipping-taxable","14":"purchasable","15":"product-type-simple"},"_links":{"self":[{"href":"https:\/\/www.faopack.com\/sk\/wp-json\/wp\/v2\/product\/794","targetHints":{"allow":["GET"]}}],"collection":[{"href":"https:\/\/www.faopack.com\/sk\/wp-json\/wp\/v2\/product"}],"about":[{"href":"https:\/\/www.faopack.com\/sk\/wp-json\/wp\/v2\/types\/product"}],"replies":[{"embeddable":true,"href":"https:\/\/www.faopack.com\/sk\/wp-json\/wp\/v2\/comments?post=794"}],"wp:featuredmedia":[{"embeddable":true,"href":"https:\/\/www.faopack.com\/sk\/wp-json\/wp\/v2\/media\/969"}],"wp:attachment":[{"href":"https:\/\/www.faopack.com\/sk\/wp-json\/wp\/v2\/media?parent=794"}],"wp:term":[{"taxonomy":"product_brand","embeddable":true,"href":"https:\/\/www.faopack.com\/sk\/wp-json\/wp\/v2\/product_brand?post=794"},{"taxonomy":"product_cat","embeddable":true,"href":"https:\/\/www.faopack.com\/sk\/wp-json\/wp\/v2\/product_cat?post=794"},{"taxonomy":"product_tag","embeddable":true,"href":"https:\/\/www.faopack.com\/sk\/wp-json\/wp\/v2\/product_tag?post=794"}],"curies":[{"name":"wp","href":"https:\/\/api.w.org\/{rel}","templated":true}]}}