{"id":795,"date":"2025-06-01T21:17:19","date_gmt":"2025-06-01T21:17:19","guid":{"rendered":"https:\/\/www.faopack.com\/product\/microdalga-1-bolme-200-adet\/"},"modified":"2025-11-20T21:25:38","modified_gmt":"2025-11-20T21:25:38","slug":"microdalga-1-bolme-200-adet","status":"publish","type":"product","link":"https:\/\/www.faopack.com\/sk\/product\/microdalga-1-bolme-200-adet\/","title":{"rendered":"MIKROVLNN\u00c1 R\u00daRA 1 KONTAJNER"},"content":{"rendered":"<p>Na\u0161e n\u00e1doby s vekom v gastronomickom \u0161t\u00fdle pon\u00fakaj\u00fa praktick\u00e9 rie\u0161enie pre gastron\u00f3miu. S\u00fa vhodn\u00e9 do mikrovlnnej r\u00fary, tak\u017ee si v nich m\u00f4\u017eete jedlo nesk\u00f4r ohria\u0165. Tieto n\u00e1doby s\u00fa k dispoz\u00edcii v r\u00f4znych ve\u013ekostiach od 150 ml do 2000 ml a poskytuj\u00fa v\u0161estrann\u00e9 mo\u017enosti na potraviny, ob\u010derstvenie alebo porciovanie. Ka\u017ed\u00e9 balenie obsahuje 200 kusov, aby vyhovelo potreb\u00e1m v\u00e1\u0161ho stravovacieho podniku. K dispoz\u00edcii s\u00fa r\u00f4zne mo\u017enosti: jednokomorov\u00e9, dvojkomorov\u00e9 a trojkomorov\u00e9 verzie.<\/p>","protected":false},"excerpt":{"rendered":"<p>Neprepustn\u00e9 PP (polypropyl\u00e9nov\u00e9) boxy \u2013 200 kusov v balen\u00ed.<\/p>","protected":false},"featured_media":1009,"comment_status":"open","ping_status":"closed","template":"","meta":[],"product_brand":[75],"product_cat":[62,63],"product_tag":[],"class_list":{"0":"post-795","1":"product","2":"type-product","3":"status-publish","4":"has-post-thumbnail","6":"product_brand-faopack","7":"product_cat-packaging","8":"product_cat-plastic-box","10":"first","11":"instock","12":"taxable","13":"shipping-taxable","14":"purchasable","15":"product-type-simple"},"_links":{"self":[{"href":"https:\/\/www.faopack.com\/sk\/wp-json\/wp\/v2\/product\/795","targetHints":{"allow":["GET"]}}],"collection":[{"href":"https:\/\/www.faopack.com\/sk\/wp-json\/wp\/v2\/product"}],"about":[{"href":"https:\/\/www.faopack.com\/sk\/wp-json\/wp\/v2\/types\/product"}],"replies":[{"embeddable":true,"href":"https:\/\/www.faopack.com\/sk\/wp-json\/wp\/v2\/comments?post=795"}],"wp:featuredmedia":[{"embeddable":true,"href":"https:\/\/www.faopack.com\/sk\/wp-json\/wp\/v2\/media\/1009"}],"wp:attachment":[{"href":"https:\/\/www.faopack.com\/sk\/wp-json\/wp\/v2\/media?parent=795"}],"wp:term":[{"taxonomy":"product_brand","embeddable":true,"href":"https:\/\/www.faopack.com\/sk\/wp-json\/wp\/v2\/product_brand?post=795"},{"taxonomy":"product_cat","embeddable":true,"href":"https:\/\/www.faopack.com\/sk\/wp-json\/wp\/v2\/product_cat?post=795"},{"taxonomy":"product_tag","embeddable":true,"href":"https:\/\/www.faopack.com\/sk\/wp-json\/wp\/v2\/product_tag?post=795"}],"curies":[{"name":"wp","href":"https:\/\/api.w.org\/{rel}","templated":true}]}}