{"id":796,"date":"2025-06-01T21:17:20","date_gmt":"2025-06-01T21:17:20","guid":{"rendered":"https:\/\/www.faopack.com\/product\/prizma-kap-60-cc-120cc-200-cc\/"},"modified":"2025-11-20T21:25:36","modified_gmt":"2025-11-20T21:25:36","slug":"prizma-kap-60-cc-120-cc-200-cc","status":"publish","type":"product","link":"https:\/\/www.faopack.com\/sk\/product\/prizma-kap-60-cc-120-cc-200-cc\/","title":{"rendered":"PRISMA CUP 60 CM3, 120 CM3, 200 CM3"},"content":{"rendered":"<p>Na\u0161e n\u00e1doby v gastronomickom \u0161t\u00fdle pon\u00fakaj\u00fa praktick\u00e9 rie\u0161enie pre stravovacie zariadenia. S\u00fa dostupn\u00e9 v r\u00f4znych ve\u013ekostiach, vr\u00e1tane 60 ml, 120 ml a 200 ml, a s\u00fa ide\u00e1lne na pr\u00edpravu jednotliv\u00fdch porci\u00ed pudingov, kol\u00e1\u010dov a pe\u010diva v pek\u00e1r\u0148ach a re\u0161taur\u00e1ci\u00e1ch. Zabezpe\u010duj\u00fa mimoriadne jednoduch\u00fa prezent\u00e1ciu. Ka\u017ed\u00e9 balenie obsahuje 1 000 kusov, aby vyhovovalo potreb\u00e1m v\u00e1\u0161ho stravovacieho zariadenia. K dispoz\u00edcii s\u00fa r\u00f4zne mo\u017enosti.<\/p>","protected":false},"excerpt":{"rendered":"<p>Neprepustn\u00e9 PP (polypropyl\u00e9nov\u00e9) boxy na torty \u2013 200 kusov v balen\u00ed.<\/p>","protected":false},"featured_media":791,"comment_status":"open","ping_status":"closed","template":"","meta":[],"product_brand":[75],"product_cat":[62,63],"product_tag":[],"class_list":{"0":"post-796","1":"product","2":"type-product","3":"status-publish","4":"has-post-thumbnail","6":"product_brand-faopack","7":"product_cat-packaging","8":"product_cat-plastic-box","10":"first","11":"instock","12":"taxable","13":"shipping-taxable","14":"purchasable","15":"product-type-simple"},"_links":{"self":[{"href":"https:\/\/www.faopack.com\/sk\/wp-json\/wp\/v2\/product\/796","targetHints":{"allow":["GET"]}}],"collection":[{"href":"https:\/\/www.faopack.com\/sk\/wp-json\/wp\/v2\/product"}],"about":[{"href":"https:\/\/www.faopack.com\/sk\/wp-json\/wp\/v2\/types\/product"}],"replies":[{"embeddable":true,"href":"https:\/\/www.faopack.com\/sk\/wp-json\/wp\/v2\/comments?post=796"}],"wp:featuredmedia":[{"embeddable":true,"href":"https:\/\/www.faopack.com\/sk\/wp-json\/wp\/v2\/media\/791"}],"wp:attachment":[{"href":"https:\/\/www.faopack.com\/sk\/wp-json\/wp\/v2\/media?parent=796"}],"wp:term":[{"taxonomy":"product_brand","embeddable":true,"href":"https:\/\/www.faopack.com\/sk\/wp-json\/wp\/v2\/product_brand?post=796"},{"taxonomy":"product_cat","embeddable":true,"href":"https:\/\/www.faopack.com\/sk\/wp-json\/wp\/v2\/product_cat?post=796"},{"taxonomy":"product_tag","embeddable":true,"href":"https:\/\/www.faopack.com\/sk\/wp-json\/wp\/v2\/product_tag?post=796"}],"curies":[{"name":"wp","href":"https:\/\/api.w.org\/{rel}","templated":true}]}}