{"id":800,"date":"2025-06-01T21:17:20","date_gmt":"2025-06-01T21:17:20","guid":{"rendered":"https:\/\/www.faopack.com\/product\/26-oz-asya-kutu-500-adet\/"},"modified":"2025-11-20T21:25:33","modified_gmt":"2025-11-20T21:25:33","slug":"26-oz-asya-kutu-500-adet","status":"publish","type":"product","link":"https:\/\/www.faopack.com\/sk\/product\/26-oz-asya-kutu-500-adet\/","title":{"rendered":"26 OZ ASIA NOODLE BOX 500ks"},"content":{"rendered":"<p>Na\u0161e Asiaboxes, vyr\u00e1ban\u00e9 v na\u0161ej tov\u00e1rni na Slovensku, s\u00fa vyroben\u00e9 z potravin\u00e1rskeho, mastnotu odoln\u00e9ho bristolsk\u00e9ho papiera potiahnut\u00e9ho polyetyl\u00e9nom. Je mo\u017en\u00e9 vyrobi\u0165 aj z\u00e1kazkov\u00fa v\u00fdrobu s logom a potla\u010dou va\u0161ej spolo\u010dnosti.<\/p>","protected":false},"excerpt":{"rendered":"<p>Potravin\u00e1rsky bezpe\u010dn\u00fd papier s dvojitou PE vrstvou, 300 g\/m\u00b2 \u2013 500 kusov.<\/p>","protected":false},"featured_media":791,"comment_status":"open","ping_status":"closed","template":"","meta":[],"product_brand":[75],"product_cat":[62,63],"product_tag":[],"class_list":{"0":"post-800","1":"product","2":"type-product","3":"status-publish","4":"has-post-thumbnail","6":"product_brand-faopack","7":"product_cat-packaging","8":"product_cat-plastic-box","10":"first","11":"instock","12":"taxable","13":"shipping-taxable","14":"purchasable","15":"product-type-simple"},"_links":{"self":[{"href":"https:\/\/www.faopack.com\/sk\/wp-json\/wp\/v2\/product\/800","targetHints":{"allow":["GET"]}}],"collection":[{"href":"https:\/\/www.faopack.com\/sk\/wp-json\/wp\/v2\/product"}],"about":[{"href":"https:\/\/www.faopack.com\/sk\/wp-json\/wp\/v2\/types\/product"}],"replies":[{"embeddable":true,"href":"https:\/\/www.faopack.com\/sk\/wp-json\/wp\/v2\/comments?post=800"}],"wp:featuredmedia":[{"embeddable":true,"href":"https:\/\/www.faopack.com\/sk\/wp-json\/wp\/v2\/media\/791"}],"wp:attachment":[{"href":"https:\/\/www.faopack.com\/sk\/wp-json\/wp\/v2\/media?parent=800"}],"wp:term":[{"taxonomy":"product_brand","embeddable":true,"href":"https:\/\/www.faopack.com\/sk\/wp-json\/wp\/v2\/product_brand?post=800"},{"taxonomy":"product_cat","embeddable":true,"href":"https:\/\/www.faopack.com\/sk\/wp-json\/wp\/v2\/product_cat?post=800"},{"taxonomy":"product_tag","embeddable":true,"href":"https:\/\/www.faopack.com\/sk\/wp-json\/wp\/v2\/product_tag?post=800"}],"curies":[{"name":"wp","href":"https:\/\/api.w.org\/{rel}","templated":true}]}}