{"id":804,"date":"2025-06-01T21:17:21","date_gmt":"2025-06-01T21:17:21","guid":{"rendered":"https:\/\/www.faopack.com\/product\/hoddog-250-adet\/"},"modified":"2025-11-20T21:25:33","modified_gmt":"2025-11-20T21:25:33","slug":"hoddog-250-adet","status":"publish","type":"product","link":"https:\/\/www.faopack.com\/sk\/product\/hoddog-250-adet\/","title":{"rendered":"HOTDOG BOX"},"content":{"rendered":"<p>Na\u0161a krabi\u010dka na hotdogy, vyr\u00e1ban\u00e1 na Slovensku, je vyroben\u00e1 z mastnotu odoln\u00e9ho kart\u00f3nu vhodn\u00e9ho pre styk s potravinami a je ide\u00e1lna na balenie hotdogov a in\u00fdch sendvi\u010dov r\u00f4znych ve\u013ekost\u00ed. Materi\u00e1l je vhodn\u00fd na pou\u017eitie v mikrovlnnej r\u00fare aj v chladni\u010dke. Toto praktick\u00e9 rie\u0161enie na odnesenie je ide\u00e1lne nielen pre hotdogy, ale aj pre in\u00e9 r\u00fdchle ob\u010derstvenie. Na \u017eelanie je mo\u017en\u00e9 vyrobi\u0165 krabi\u010dku s logom va\u0161ej spolo\u010dnosti a potla\u010dou v akejko\u013evek ve\u013ekosti a rozmeroch.<\/p>","protected":false},"excerpt":{"rendered":"<p>Remesl\u00e1 pre balenie potrav\u00edn<\/p>","protected":false},"featured_media":791,"comment_status":"open","ping_status":"closed","template":"","meta":[],"product_brand":[75],"product_cat":[62,63],"product_tag":[],"class_list":{"0":"post-804","1":"product","2":"type-product","3":"status-publish","4":"has-post-thumbnail","6":"product_brand-faopack","7":"product_cat-packaging","8":"product_cat-plastic-box","10":"first","11":"instock","12":"taxable","13":"shipping-taxable","14":"purchasable","15":"product-type-simple"},"_links":{"self":[{"href":"https:\/\/www.faopack.com\/sk\/wp-json\/wp\/v2\/product\/804","targetHints":{"allow":["GET"]}}],"collection":[{"href":"https:\/\/www.faopack.com\/sk\/wp-json\/wp\/v2\/product"}],"about":[{"href":"https:\/\/www.faopack.com\/sk\/wp-json\/wp\/v2\/types\/product"}],"replies":[{"embeddable":true,"href":"https:\/\/www.faopack.com\/sk\/wp-json\/wp\/v2\/comments?post=804"}],"wp:featuredmedia":[{"embeddable":true,"href":"https:\/\/www.faopack.com\/sk\/wp-json\/wp\/v2\/media\/791"}],"wp:attachment":[{"href":"https:\/\/www.faopack.com\/sk\/wp-json\/wp\/v2\/media?parent=804"}],"wp:term":[{"taxonomy":"product_brand","embeddable":true,"href":"https:\/\/www.faopack.com\/sk\/wp-json\/wp\/v2\/product_brand?post=804"},{"taxonomy":"product_cat","embeddable":true,"href":"https:\/\/www.faopack.com\/sk\/wp-json\/wp\/v2\/product_cat?post=804"},{"taxonomy":"product_tag","embeddable":true,"href":"https:\/\/www.faopack.com\/sk\/wp-json\/wp\/v2\/product_tag?post=804"}],"curies":[{"name":"wp","href":"https:\/\/api.w.org\/{rel}","templated":true}]}}