{"id":815,"date":"2025-06-01T21:17:22","date_gmt":"2025-06-01T21:17:22","guid":{"rendered":"https:\/\/www.faopack.com\/product\/pizza-kutusu-24244-100-adet\/"},"modified":"2025-11-20T22:06:05","modified_gmt":"2025-11-20T22:06:05","slug":"pizza-kutusu-24244-100-adet","status":"publish","type":"product","link":"https:\/\/www.faopack.com\/sk\/product\/pizza-kutusu-24244-100-adet\/","title":{"rendered":"KRABICA NA PIZZU (24*24*4)"},"content":{"rendered":"<p>Krabice na pizzu s\u00fa ide\u00e1lnym obalov\u00fdm rie\u0161en\u00edm pre va\u0161e lahodn\u00e9 pizze. Balenie obsahuje 100 extra pevn\u00fdch krab\u00edc na pizzu s rozmermi 24 x 24 x 4 cm.<\/p>","protected":false},"excerpt":{"rendered":"<p>Obaly na potraviny <\/p>","protected":false},"featured_media":1005,"comment_status":"open","ping_status":"closed","template":"","meta":[],"product_brand":[75],"product_cat":[62,63],"product_tag":[],"class_list":{"0":"post-815","1":"product","2":"type-product","3":"status-publish","4":"has-post-thumbnail","6":"product_brand-faopack","7":"product_cat-packaging","8":"product_cat-plastic-box","10":"first","11":"instock","12":"featured","13":"taxable","14":"shipping-taxable","15":"purchasable","16":"product-type-simple"},"_links":{"self":[{"href":"https:\/\/www.faopack.com\/sk\/wp-json\/wp\/v2\/product\/815","targetHints":{"allow":["GET"]}}],"collection":[{"href":"https:\/\/www.faopack.com\/sk\/wp-json\/wp\/v2\/product"}],"about":[{"href":"https:\/\/www.faopack.com\/sk\/wp-json\/wp\/v2\/types\/product"}],"replies":[{"embeddable":true,"href":"https:\/\/www.faopack.com\/sk\/wp-json\/wp\/v2\/comments?post=815"}],"wp:featuredmedia":[{"embeddable":true,"href":"https:\/\/www.faopack.com\/sk\/wp-json\/wp\/v2\/media\/1005"}],"wp:attachment":[{"href":"https:\/\/www.faopack.com\/sk\/wp-json\/wp\/v2\/media?parent=815"}],"wp:term":[{"taxonomy":"product_brand","embeddable":true,"href":"https:\/\/www.faopack.com\/sk\/wp-json\/wp\/v2\/product_brand?post=815"},{"taxonomy":"product_cat","embeddable":true,"href":"https:\/\/www.faopack.com\/sk\/wp-json\/wp\/v2\/product_cat?post=815"},{"taxonomy":"product_tag","embeddable":true,"href":"https:\/\/www.faopack.com\/sk\/wp-json\/wp\/v2\/product_tag?post=815"}],"curies":[{"name":"wp","href":"https:\/\/api.w.org\/{rel}","templated":true}]}}