{"id":816,"date":"2025-06-01T21:17:23","date_gmt":"2025-06-01T21:17:23","guid":{"rendered":"https:\/\/www.faopack.com\/product\/pizza-kutusu-33334-beyaz-100-adet-fransiz-kesim\/"},"modified":"2025-11-20T21:25:41","modified_gmt":"2025-11-20T21:25:41","slug":"pizza-kutusu-33334-beyaz-100-adet-fransiz-kesim","status":"publish","type":"product","link":"https:\/\/www.faopack.com\/sk\/product\/pizza-kutusu-33334-beyaz-100-adet-fransiz-kesim\/","title":{"rendered":"KRABICA NA PIZZU (33*33*4 BIELA) FRANC\u00daZSKY REZ"},"content":{"rendered":"<p>Krabice na pizzu s\u00fa ide\u00e1lnym rie\u0161en\u00edm pre balenie va\u0161ich lahodn\u00fdch pizz. Balenie obsahuje 100 extra pevn\u00fdch krab\u00edc na pizzu s rozmermi 33 x 33 x 4 cm.<\/p>","protected":false},"excerpt":{"rendered":"<p>Obaly na potraviny <\/p>","protected":false},"featured_media":791,"comment_status":"open","ping_status":"closed","template":"","meta":[],"product_brand":[75],"product_cat":[62,63],"product_tag":[],"class_list":{"0":"post-816","1":"product","2":"type-product","3":"status-publish","4":"has-post-thumbnail","6":"product_brand-faopack","7":"product_cat-packaging","8":"product_cat-plastic-box","10":"first","11":"instock","12":"taxable","13":"shipping-taxable","14":"purchasable","15":"product-type-simple"},"_links":{"self":[{"href":"https:\/\/www.faopack.com\/sk\/wp-json\/wp\/v2\/product\/816","targetHints":{"allow":["GET"]}}],"collection":[{"href":"https:\/\/www.faopack.com\/sk\/wp-json\/wp\/v2\/product"}],"about":[{"href":"https:\/\/www.faopack.com\/sk\/wp-json\/wp\/v2\/types\/product"}],"replies":[{"embeddable":true,"href":"https:\/\/www.faopack.com\/sk\/wp-json\/wp\/v2\/comments?post=816"}],"wp:featuredmedia":[{"embeddable":true,"href":"https:\/\/www.faopack.com\/sk\/wp-json\/wp\/v2\/media\/791"}],"wp:attachment":[{"href":"https:\/\/www.faopack.com\/sk\/wp-json\/wp\/v2\/media?parent=816"}],"wp:term":[{"taxonomy":"product_brand","embeddable":true,"href":"https:\/\/www.faopack.com\/sk\/wp-json\/wp\/v2\/product_brand?post=816"},{"taxonomy":"product_cat","embeddable":true,"href":"https:\/\/www.faopack.com\/sk\/wp-json\/wp\/v2\/product_cat?post=816"},{"taxonomy":"product_tag","embeddable":true,"href":"https:\/\/www.faopack.com\/sk\/wp-json\/wp\/v2\/product_tag?post=816"}],"curies":[{"name":"wp","href":"https:\/\/api.w.org\/{rel}","templated":true}]}}