{"id":820,"date":"2025-06-01T21:17:23","date_gmt":"2025-06-01T21:17:23","guid":{"rendered":"https:\/\/www.faopack.com\/product\/donertute\/"},"modified":"2025-11-20T21:25:31","modified_gmt":"2025-11-20T21:25:31","slug":"darceky","status":"publish","type":"product","link":"https:\/\/www.faopack.com\/sk\/product\/darceky\/","title":{"rendered":"PAPIEROV\u00dd OBR\u00daSOK NA DONER KEBAB"},"content":{"rendered":"<p>Tento produkt je vyroben\u00fd z vysoko kvalitn\u00e9ho papiera, ktor\u00fd je nielen odoln\u00fd, ale aj \u010dist\u00fd a praktick\u00fd na cest\u00e1ch. Je odoln\u00fd vo\u010di mastnote a je mo\u017en\u00e9 ho vyrobi\u0165 na mieru s logom a potla\u010dou va\u0161ej spolo\u010dnosti.<\/p>","protected":false},"excerpt":{"rendered":"<p>Obaly na potraviny <\/p>","protected":false},"featured_media":1003,"comment_status":"open","ping_status":"closed","template":"","meta":[],"product_brand":[75],"product_cat":[62,63],"product_tag":[],"class_list":{"0":"post-820","1":"product","2":"type-product","3":"status-publish","4":"has-post-thumbnail","6":"product_brand-faopack","7":"product_cat-packaging","8":"product_cat-plastic-box","10":"first","11":"instock","12":"taxable","13":"shipping-taxable","14":"purchasable","15":"product-type-simple"},"_links":{"self":[{"href":"https:\/\/www.faopack.com\/sk\/wp-json\/wp\/v2\/product\/820","targetHints":{"allow":["GET"]}}],"collection":[{"href":"https:\/\/www.faopack.com\/sk\/wp-json\/wp\/v2\/product"}],"about":[{"href":"https:\/\/www.faopack.com\/sk\/wp-json\/wp\/v2\/types\/product"}],"replies":[{"embeddable":true,"href":"https:\/\/www.faopack.com\/sk\/wp-json\/wp\/v2\/comments?post=820"}],"wp:featuredmedia":[{"embeddable":true,"href":"https:\/\/www.faopack.com\/sk\/wp-json\/wp\/v2\/media\/1003"}],"wp:attachment":[{"href":"https:\/\/www.faopack.com\/sk\/wp-json\/wp\/v2\/media?parent=820"}],"wp:term":[{"taxonomy":"product_brand","embeddable":true,"href":"https:\/\/www.faopack.com\/sk\/wp-json\/wp\/v2\/product_brand?post=820"},{"taxonomy":"product_cat","embeddable":true,"href":"https:\/\/www.faopack.com\/sk\/wp-json\/wp\/v2\/product_cat?post=820"},{"taxonomy":"product_tag","embeddable":true,"href":"https:\/\/www.faopack.com\/sk\/wp-json\/wp\/v2\/product_tag?post=820"}],"curies":[{"name":"wp","href":"https:\/\/api.w.org\/{rel}","templated":true}]}}