{"id":821,"date":"2025-06-01T21:17:23","date_gmt":"2025-06-01T21:17:23","guid":{"rendered":"https:\/\/www.faopack.com\/product\/servis-pecete-4-kg\/"},"modified":"2025-11-20T21:25:45","modified_gmt":"2025-11-20T21:25:45","slug":"servis-pecete-4-kg","status":"publish","type":"product","link":"https:\/\/www.faopack.com\/sk\/product\/servis-pecete-4-kg\/","title":{"rendered":"NAPKIN 4KG"},"content":{"rendered":"<p>T\u00e1to biela rolka, vyroben\u00e1 z celul\u00f3zy 100%, vynik\u00e1 jemn\u00fdm reli\u00e9fom a odolnou \u0161trukt\u00farou proti roztrhnutiu. Dvojvrstvov\u00e1 leskl\u00e1 papierov\u00e1 utierka kombinuje vysok\u00fa savos\u0165 s p\u00f4sobivou kapacitou, \u010d\u00edm zabezpe\u010duje r\u00fdchle a d\u00f4kladn\u00e9 vysu\u0161enie.<\/p>","protected":false},"excerpt":{"rendered":"<p>Hygiena<\/p>","protected":false},"featured_media":997,"comment_status":"open","ping_status":"closed","template":"","meta":[],"product_brand":[75],"product_cat":[62,63],"product_tag":[],"class_list":{"0":"post-821","1":"product","2":"type-product","3":"status-publish","4":"has-post-thumbnail","6":"product_brand-faopack","7":"product_cat-packaging","8":"product_cat-plastic-box","10":"first","11":"instock","12":"taxable","13":"shipping-taxable","14":"purchasable","15":"product-type-simple"},"_links":{"self":[{"href":"https:\/\/www.faopack.com\/sk\/wp-json\/wp\/v2\/product\/821","targetHints":{"allow":["GET"]}}],"collection":[{"href":"https:\/\/www.faopack.com\/sk\/wp-json\/wp\/v2\/product"}],"about":[{"href":"https:\/\/www.faopack.com\/sk\/wp-json\/wp\/v2\/types\/product"}],"replies":[{"embeddable":true,"href":"https:\/\/www.faopack.com\/sk\/wp-json\/wp\/v2\/comments?post=821"}],"wp:featuredmedia":[{"embeddable":true,"href":"https:\/\/www.faopack.com\/sk\/wp-json\/wp\/v2\/media\/997"}],"wp:attachment":[{"href":"https:\/\/www.faopack.com\/sk\/wp-json\/wp\/v2\/media?parent=821"}],"wp:term":[{"taxonomy":"product_brand","embeddable":true,"href":"https:\/\/www.faopack.com\/sk\/wp-json\/wp\/v2\/product_brand?post=821"},{"taxonomy":"product_cat","embeddable":true,"href":"https:\/\/www.faopack.com\/sk\/wp-json\/wp\/v2\/product_cat?post=821"},{"taxonomy":"product_tag","embeddable":true,"href":"https:\/\/www.faopack.com\/sk\/wp-json\/wp\/v2\/product_tag?post=821"}],"curies":[{"name":"wp","href":"https:\/\/api.w.org\/{rel}","templated":true}]}}