{"id":826,"date":"2025-06-01T21:17:24","date_gmt":"2025-06-01T21:17:24","guid":{"rendered":"https:\/\/www.faopack.com\/product\/csp-poseti-110x120-200-adet\/"},"modified":"2025-11-20T21:25:28","modified_gmt":"2025-11-20T21:25:28","slug":"csp-poseti-110x120-200-adet","status":"publish","type":"product","link":"https:\/\/www.faopack.com\/sk\/product\/csp-poseti-110x120-200-adet\/","title":{"rendered":"VRECE NA ODPADKY 120 L"},"content":{"rendered":"<p>120-litrov\u00e9 EXTRA STRONG vrecia na odpadky\/vrecia na odpad \u2013 optim\u00e1lne rie\u0161enie pre v\u0161etky typy likvid\u00e1cie odpadu. Vhodn\u00e9 pre ak\u00e9ko\u013evek pou\u017eitie, \u010di u\u017e doma, v stravovac\u00edch zariadeniach alebo v komer\u010dn\u00fdch priestoroch, tieto vysoko kvalitn\u00e9 vrecia vyroben\u00e9 zo zvl\u00e1\u0161\u0165 odoln\u00e9ho plastu s\u00fa spo\u013eahlivou vo\u013ebou pre va\u0161e potreby v oblasti nakladania s odpadom.<\/p>","protected":false},"excerpt":{"rendered":"<p>Balenie<\/p>","protected":false},"featured_media":1000,"comment_status":"open","ping_status":"closed","template":"","meta":[],"product_brand":[75],"product_cat":[62,63],"product_tag":[],"class_list":{"0":"post-826","1":"product","2":"type-product","3":"status-publish","4":"has-post-thumbnail","6":"product_brand-faopack","7":"product_cat-packaging","8":"product_cat-plastic-box","10":"first","11":"instock","12":"taxable","13":"shipping-taxable","14":"purchasable","15":"product-type-simple"},"_links":{"self":[{"href":"https:\/\/www.faopack.com\/sk\/wp-json\/wp\/v2\/product\/826","targetHints":{"allow":["GET"]}}],"collection":[{"href":"https:\/\/www.faopack.com\/sk\/wp-json\/wp\/v2\/product"}],"about":[{"href":"https:\/\/www.faopack.com\/sk\/wp-json\/wp\/v2\/types\/product"}],"replies":[{"embeddable":true,"href":"https:\/\/www.faopack.com\/sk\/wp-json\/wp\/v2\/comments?post=826"}],"wp:featuredmedia":[{"embeddable":true,"href":"https:\/\/www.faopack.com\/sk\/wp-json\/wp\/v2\/media\/1000"}],"wp:attachment":[{"href":"https:\/\/www.faopack.com\/sk\/wp-json\/wp\/v2\/media?parent=826"}],"wp:term":[{"taxonomy":"product_brand","embeddable":true,"href":"https:\/\/www.faopack.com\/sk\/wp-json\/wp\/v2\/product_brand?post=826"},{"taxonomy":"product_cat","embeddable":true,"href":"https:\/\/www.faopack.com\/sk\/wp-json\/wp\/v2\/product_cat?post=826"},{"taxonomy":"product_tag","embeddable":true,"href":"https:\/\/www.faopack.com\/sk\/wp-json\/wp\/v2\/product_tag?post=826"}],"curies":[{"name":"wp","href":"https:\/\/api.w.org\/{rel}","templated":true}]}}